{"id":11893,"date":"2024-04-09T13:08:39","date_gmt":"2024-04-09T13:08:39","guid":{"rendered":"https:\/\/duckdeco.com\/?post_type=product&#038;p=11893"},"modified":"2025-01-20T15:29:48","modified_gmt":"2025-01-20T13:29:48","slug":"vaza-su-pauksciukais","status":"publish","type":"product","link":"https:\/\/duckdeco.lt\/lt\/product\/vaza-su-pauksciukais\/","title":{"rendered":"Vaza su pauk\u0161\u010diukais"},"content":{"rendered":"<ul>\n<li>Rank\u0173 darbo keramikin\u0117 vaza, dekoruota spalvotais keramikiniais pauk\u0161\u010diukais.<\/li>\n<li>D\u0117l savo universalumo tinka bet kokiam interjero stiliui.<\/li>\n<li>Vaza pagaminta i\u0161 auk\u0161tos kokyb\u0117s keramikos, kuri u\u017etikrina ne tik gra\u017ei\u0105 i\u0161vaizd\u0105, bet ir ilgaam\u017ei\u0161kum\u0105 bei tvirtum\u0105.<\/li>\n<li>Atspari vandeniui.<\/li>\n<li>\n<table style=\"height: 41px;\" width=\"217\">\n<tbody>\n<tr>\n<td width=\"85\">I\u0161matavimai 18x18x28 cm<\/td>\n<\/tr>\n<\/tbody>\n<\/table>\n<\/li>\n<\/ul>\n","protected":false},"excerpt":{"rendered":"<p>Rank\u0173 darbo keramikin\u0117 vaza, dekoruota spalvotais keramikiniais pauk\u0161\u010diukais. D\u0117l savo universalumo tinka bet kokiam interjero stiliui. Vaza pagaminta i\u0161 auk\u0161tos kokyb\u0117s keramikos, kuri u\u017etikrina ne tik gra\u017ei\u0105 i\u0161vaizd\u0105, bet ir ilgaam\u017ei\u0161kum\u0105 bei tvirtum\u0105. Atspari vandeniui. I\u0161matavimai 18x18x28 cm<\/p>\n","protected":false},"featured_media":11894,"template":"","meta":{"_monsterinsights_skip_tracking":false,"_monsterinsights_sitenote_active":false,"_monsterinsights_sitenote_note":"","_monsterinsights_sitenote_category":0},"product_brand":[],"product_cat":[103,95,101],"product_tag":[],"class_list":{"0":"post-11893","1":"product","2":"type-product","3":"status-publish","4":"has-post-thumbnail","6":"product_cat-dovanu-idejos","7":"product_cat-interjerui","8":"product_cat-vazos","10":"first","11":"instock","12":"taxable","13":"shipping-taxable","14":"purchasable","15":"product-type-simple"},"_links":{"self":[{"href":"https:\/\/duckdeco.lt\/lt\/wp-json\/wp\/v2\/product\/11893","targetHints":{"allow":["GET"]}}],"collection":[{"href":"https:\/\/duckdeco.lt\/lt\/wp-json\/wp\/v2\/product"}],"about":[{"href":"https:\/\/duckdeco.lt\/lt\/wp-json\/wp\/v2\/types\/product"}],"version-history":[{"count":1,"href":"https:\/\/duckdeco.lt\/lt\/wp-json\/wp\/v2\/product\/11893\/revisions"}],"predecessor-version":[{"id":11895,"href":"https:\/\/duckdeco.lt\/lt\/wp-json\/wp\/v2\/product\/11893\/revisions\/11895"}],"wp:featuredmedia":[{"embeddable":true,"href":"https:\/\/duckdeco.lt\/lt\/wp-json\/wp\/v2\/media\/11894"}],"wp:attachment":[{"href":"https:\/\/duckdeco.lt\/lt\/wp-json\/wp\/v2\/media?parent=11893"}],"wp:term":[{"taxonomy":"product_brand","embeddable":true,"href":"https:\/\/duckdeco.lt\/lt\/wp-json\/wp\/v2\/product_brand?post=11893"},{"taxonomy":"product_cat","embeddable":true,"href":"https:\/\/duckdeco.lt\/lt\/wp-json\/wp\/v2\/product_cat?post=11893"},{"taxonomy":"product_tag","embeddable":true,"href":"https:\/\/duckdeco.lt\/lt\/wp-json\/wp\/v2\/product_tag?post=11893"}],"curies":[{"name":"wp","href":"https:\/\/api.w.org\/{rel}","templated":true}]}}