{"id":11905,"date":"2024-04-11T11:26:47","date_gmt":"2024-04-11T11:26:47","guid":{"rendered":"https:\/\/duckdeco.com\/?post_type=product&#038;p=11905"},"modified":"2025-11-17T14:42:46","modified_gmt":"2025-11-17T12:42:46","slug":"zvaketobulas-kunas","status":"publish","type":"product","link":"https:\/\/duckdeco.lt\/lt\/product\/zvaketobulas-kunas\/","title":{"rendered":"\u017dvak\u0117\u201eTobulas k\u016bnas\u201c"},"content":{"rendered":"<ul>\n<li>Ie\u0161kote stilingo papildymo savo interjerui? \u0160i juoda k\u016bno formos dekoratyvin\u0117 \u017evak\u0117 papuo\u0161 bet kur\u012f kambar\u012f.<\/li>\n<li>Dega iki 15 val.<\/li>\n<\/ul>\n<table width=\"405\">\n<tbody>\n<tr>\n<td width=\"91\">I\u0161matavimai: Ilgis 9cm \/ Plotis 7cm \/ Auk\u0161tis 14 cm.<\/td>\n<\/tr>\n<\/tbody>\n<\/table>\n<p>&nbsp;<\/p>\n<p>&nbsp;<\/p>\n","protected":false},"excerpt":{"rendered":"<p>Ie\u0161kote stilingo papildymo savo interjerui? \u0160i juoda k\u016bno formos dekoratyvin\u0117 \u017evak\u0117 papuo\u0161 bet kur\u012f kambar\u012f. Dega iki 15 val. I\u0161matavimai: Ilgis 9cm \/ Plotis 7cm \/ Auk\u0161tis 14 cm. &nbsp; &nbsp;<\/p>\n","protected":false},"featured_media":11918,"template":"","meta":{"_monsterinsights_skip_tracking":false,"_monsterinsights_sitenote_active":false,"_monsterinsights_sitenote_note":"","_monsterinsights_sitenote_category":0},"product_brand":[],"product_cat":[107],"product_tag":[],"class_list":{"0":"post-11905","1":"product","2":"type-product","3":"status-publish","4":"has-post-thumbnail","6":"product_cat-stilingos-zvakides-zvakes","8":"first","9":"instock","10":"taxable","11":"shipping-taxable","12":"purchasable","13":"product-type-simple"},"_links":{"self":[{"href":"https:\/\/duckdeco.lt\/lt\/wp-json\/wp\/v2\/product\/11905","targetHints":{"allow":["GET"]}}],"collection":[{"href":"https:\/\/duckdeco.lt\/lt\/wp-json\/wp\/v2\/product"}],"about":[{"href":"https:\/\/duckdeco.lt\/lt\/wp-json\/wp\/v2\/types\/product"}],"version-history":[{"count":3,"href":"https:\/\/duckdeco.lt\/lt\/wp-json\/wp\/v2\/product\/11905\/revisions"}],"predecessor-version":[{"id":12089,"href":"https:\/\/duckdeco.lt\/lt\/wp-json\/wp\/v2\/product\/11905\/revisions\/12089"}],"wp:featuredmedia":[{"embeddable":true,"href":"https:\/\/duckdeco.lt\/lt\/wp-json\/wp\/v2\/media\/11918"}],"wp:attachment":[{"href":"https:\/\/duckdeco.lt\/lt\/wp-json\/wp\/v2\/media?parent=11905"}],"wp:term":[{"taxonomy":"product_brand","embeddable":true,"href":"https:\/\/duckdeco.lt\/lt\/wp-json\/wp\/v2\/product_brand?post=11905"},{"taxonomy":"product_cat","embeddable":true,"href":"https:\/\/duckdeco.lt\/lt\/wp-json\/wp\/v2\/product_cat?post=11905"},{"taxonomy":"product_tag","embeddable":true,"href":"https:\/\/duckdeco.lt\/lt\/wp-json\/wp\/v2\/product_tag?post=11905"}],"curies":[{"name":"wp","href":"https:\/\/api.w.org\/{rel}","templated":true}]}}