{"id":11955,"date":"2024-04-12T05:35:06","date_gmt":"2024-04-12T05:35:06","guid":{"rendered":"https:\/\/duckdeco.com\/?post_type=product&#038;p=11955"},"modified":"2024-12-04T13:10:37","modified_gmt":"2024-12-04T11:10:37","slug":"jaucio-statulele","status":"publish","type":"product","link":"https:\/\/duckdeco.lt\/lt\/product\/jaucio-statulele\/","title":{"rendered":"Jau\u010dio statul\u0117l\u0117"},"content":{"rendered":"<ul>\n<li>Rank\u0173 darbo jau\u010dio statul\u0117l\u0117 pagaminta Indonezijoje. Dekoratyvus nam\u0173 aksesuaras traukiantis ak\u012f sode, balkone, namuose.<\/li>\n<li>Statul\u0117l\u0117 turi unikali\u0105 strukt\u016br\u0105, smulk\u016bs \u012ftr\u016bkimai, \u012fdubimai ir nelygumai medienoje yra nat\u016bral\u016bs bruo\u017eai.<\/li>\n<li>Atminkite, kad nat\u016bralus produktas mediena gali keistis d\u0117l dr\u0117gm\u0117s svyravim\u0173 ir temperat\u016bros skirtum\u0173.<\/li>\n<li>Detal\u0117s: med\u017eiaga &#8211; tikmedis.<\/li>\n<\/ul>\n<table style=\"height: 57px;\" width=\"405\">\n<tbody>\n<tr>\n<td width=\"91\">I\u0161matavimai: Ilgis 30cm \/ Plotis 12 cm \/ Auk\u0161tis 17 cm.<\/td>\n<\/tr>\n<\/tbody>\n<\/table>\n<p>&nbsp;<\/p>\n","protected":false},"excerpt":{"rendered":"<p>Rank\u0173 darbo jau\u010dio statul\u0117l\u0117 pagaminta Indonezijoje. Dekoratyvus nam\u0173 aksesuaras traukiantis ak\u012f sode, balkone, namuose. Statul\u0117l\u0117 turi unikali\u0105 strukt\u016br\u0105, smulk\u016bs \u012ftr\u016bkimai, \u012fdubimai ir nelygumai medienoje yra nat\u016bral\u016bs bruo\u017eai. Atminkite, kad nat\u016bralus produktas mediena gali keistis d\u0117l dr\u0117gm\u0117s svyravim\u0173 ir temperat\u016bros skirtum\u0173. Detal\u0117s: med\u017eiaga &#8211; tikmedis. I\u0161matavimai: Ilgis 30cm \/ Plotis 12 cm \/ Auk\u0161tis 17 cm. &hellip; <br \/><a href=\"https:\/\/duckdeco.lt\/lt\/product\/jaucio-statulele\/\" class=\"more-link\">Continue reading <span class=\"screen-reader-text\">Jau\u010dio statul\u0117l\u0117<\/span><\/a><\/p>\n","protected":false},"featured_media":11956,"template":"","meta":{"_monsterinsights_skip_tracking":false,"_monsterinsights_sitenote_active":false,"_monsterinsights_sitenote_note":"","_monsterinsights_sitenote_category":0},"product_brand":[],"product_cat":[103,95,130],"product_tag":[324,271,355,356],"class_list":{"0":"post-11955","1":"product","2":"type-product","3":"status-publish","4":"has-post-thumbnail","6":"product_cat-dovanu-idejos","7":"product_cat-interjerui","8":"product_cat-statuleles-deco","9":"product_tag-dovanu-idejos","10":"product_tag-interjero-dekoras","11":"product_tag-jaucio-statulele","12":"product_tag-tikmedzio-jautis","14":"first","15":"instock","16":"taxable","17":"shipping-taxable","18":"purchasable","19":"product-type-simple"},"_links":{"self":[{"href":"https:\/\/duckdeco.lt\/lt\/wp-json\/wp\/v2\/product\/11955","targetHints":{"allow":["GET"]}}],"collection":[{"href":"https:\/\/duckdeco.lt\/lt\/wp-json\/wp\/v2\/product"}],"about":[{"href":"https:\/\/duckdeco.lt\/lt\/wp-json\/wp\/v2\/types\/product"}],"version-history":[{"count":5,"href":"https:\/\/duckdeco.lt\/lt\/wp-json\/wp\/v2\/product\/11955\/revisions"}],"predecessor-version":[{"id":12088,"href":"https:\/\/duckdeco.lt\/lt\/wp-json\/wp\/v2\/product\/11955\/revisions\/12088"}],"wp:featuredmedia":[{"embeddable":true,"href":"https:\/\/duckdeco.lt\/lt\/wp-json\/wp\/v2\/media\/11956"}],"wp:attachment":[{"href":"https:\/\/duckdeco.lt\/lt\/wp-json\/wp\/v2\/media?parent=11955"}],"wp:term":[{"taxonomy":"product_brand","embeddable":true,"href":"https:\/\/duckdeco.lt\/lt\/wp-json\/wp\/v2\/product_brand?post=11955"},{"taxonomy":"product_cat","embeddable":true,"href":"https:\/\/duckdeco.lt\/lt\/wp-json\/wp\/v2\/product_cat?post=11955"},{"taxonomy":"product_tag","embeddable":true,"href":"https:\/\/duckdeco.lt\/lt\/wp-json\/wp\/v2\/product_tag?post=11955"}],"curies":[{"name":"wp","href":"https:\/\/api.w.org\/{rel}","templated":true}]}}