{"id":11963,"date":"2024-04-12T06:45:54","date_gmt":"2024-04-12T06:45:54","guid":{"rendered":"https:\/\/duckdeco.com\/?post_type=product&#038;p=11963"},"modified":"2025-11-11T13:08:24","modified_gmt":"2025-11-11T11:08:24","slug":"vyno-buteliu-laikiklis","status":"publish","type":"product","link":"https:\/\/duckdeco.lt\/lt\/product\/vyno-buteliu-laikiklis\/","title":{"rendered":"Vyno buteli\u0173 laikiklis"},"content":{"rendered":"<ul>\n<li>Rank\u0173 darbo vyno laikiklis, skirta 12 buteli\u0173.Tai unikalus k\u016brinys, kuris naudojant egzotin\u0119 medien\u0105, skiriasi savo spalva bei tekst\u016bra.<\/li>\n<li>Produktas pagamintas i\u0161 nat\u016bralaus med\u017eio masyvo, tod\u0117l veikiant aplinkos s\u0105lygoms gali atsirasti \u012ftr\u016bkimai, kurie nelaikomi defektu.<\/li>\n<li>Kad i\u0161laikyt\u0173 savo didyb\u0119 ir unikalum\u0105, reikalauja tik pagrindin\u0117s prie\u017ei\u016bros: muilo ir vandens, valymui nenaudoti abrazyvini\u0173 med\u017eiag\u0173.<\/li>\n<li>Detal\u0117s: med\u017eiaga &#8211; Suar mediena.<\/li>\n<\/ul>\n<table width=\"405\">\n<tbody>\n<tr>\n<td width=\"91\">I\u0161matavimai: Ilgis 28cm \/ Plotis 19 cm \/ Auk\u0161tis 101 cm.<\/td>\n<\/tr>\n<\/tbody>\n<\/table>\n<p>&nbsp;<\/p>\n<p>.<\/p>\n","protected":false},"excerpt":{"rendered":"<p>Rank\u0173 darbo vyno laikiklis, skirta 12 buteli\u0173.Tai unikalus k\u016brinys, kuris naudojant egzotin\u0119 medien\u0105, skiriasi savo spalva bei tekst\u016bra. Produktas pagamintas i\u0161 nat\u016bralaus med\u017eio masyvo, tod\u0117l veikiant aplinkos s\u0105lygoms gali atsirasti \u012ftr\u016bkimai, kurie nelaikomi defektu. Kad i\u0161laikyt\u0173 savo didyb\u0119 ir unikalum\u0105, reikalauja tik pagrindin\u0117s prie\u017ei\u016bros: muilo ir vandens, valymui nenaudoti abrazyvini\u0173 med\u017eiag\u0173. Detal\u0117s: med\u017eiaga &#8211; Suar &hellip; <br \/><a href=\"https:\/\/duckdeco.lt\/lt\/product\/vyno-buteliu-laikiklis\/\" class=\"more-link\">Continue reading <span class=\"screen-reader-text\">Vyno buteli\u0173 laikiklis<\/span><\/a><\/p>\n","protected":false},"featured_media":11964,"template":"","meta":{"_monsterinsights_skip_tracking":false,"_monsterinsights_sitenote_active":false,"_monsterinsights_sitenote_note":"","_monsterinsights_sitenote_category":0},"product_brand":[],"product_cat":[103,95],"product_tag":[],"class_list":{"0":"post-11963","1":"product","2":"type-product","3":"status-publish","4":"has-post-thumbnail","6":"product_cat-dovanu-idejos","7":"product_cat-interjerui","9":"first","10":"instock","11":"taxable","12":"shipping-taxable","13":"purchasable","14":"product-type-simple"},"_links":{"self":[{"href":"https:\/\/duckdeco.lt\/lt\/wp-json\/wp\/v2\/product\/11963","targetHints":{"allow":["GET"]}}],"collection":[{"href":"https:\/\/duckdeco.lt\/lt\/wp-json\/wp\/v2\/product"}],"about":[{"href":"https:\/\/duckdeco.lt\/lt\/wp-json\/wp\/v2\/types\/product"}],"version-history":[{"count":3,"href":"https:\/\/duckdeco.lt\/lt\/wp-json\/wp\/v2\/product\/11963\/revisions"}],"predecessor-version":[{"id":12098,"href":"https:\/\/duckdeco.lt\/lt\/wp-json\/wp\/v2\/product\/11963\/revisions\/12098"}],"wp:featuredmedia":[{"embeddable":true,"href":"https:\/\/duckdeco.lt\/lt\/wp-json\/wp\/v2\/media\/11964"}],"wp:attachment":[{"href":"https:\/\/duckdeco.lt\/lt\/wp-json\/wp\/v2\/media?parent=11963"}],"wp:term":[{"taxonomy":"product_brand","embeddable":true,"href":"https:\/\/duckdeco.lt\/lt\/wp-json\/wp\/v2\/product_brand?post=11963"},{"taxonomy":"product_cat","embeddable":true,"href":"https:\/\/duckdeco.lt\/lt\/wp-json\/wp\/v2\/product_cat?post=11963"},{"taxonomy":"product_tag","embeddable":true,"href":"https:\/\/duckdeco.lt\/lt\/wp-json\/wp\/v2\/product_tag?post=11963"}],"curies":[{"name":"wp","href":"https:\/\/api.w.org\/{rel}","templated":true}]}}