{"id":11987,"date":"2024-04-12T08:35:19","date_gmt":"2024-04-12T08:35:19","guid":{"rendered":"https:\/\/duckdeco.com\/?post_type=product&#038;p=11987"},"modified":"2024-12-04T13:08:55","modified_gmt":"2024-12-04T11:08:55","slug":"zuvies-skulptura","status":"publish","type":"product","link":"https:\/\/duckdeco.lt\/lt\/product\/zuvies-skulptura\/","title":{"rendered":"Medin\u0117 \u017euvis"},"content":{"rendered":"<ul>\n<li>Rank\u0173 darbo gaminys, pagaminta Indonezijoje. Tai ak\u012f traukiantis nam\u0173 aksesuaras bei puiki dovana vertinantiems nat\u016bralum\u0105 ir i\u0161skirtinum\u0105.<\/li>\n<li>Tai unikalus dirbinys, turintis savit\u0105 strukt\u016br\u0105, \u012ftr\u016bkimus, \u012fdubimus ir nelygumus.<\/li>\n<li>Atminkite, kad nat\u016bralus produktas mediena gali keistis d\u0117l dr\u0117gm\u0117s svyravim\u0173 ir temperat\u016bros skirtum\u0173.<\/li>\n<li>Detal\u0117s: med\u017eiaga \u2013 tikmedis;<\/li>\n<\/ul>\n<p>&nbsp;<\/p>\n<p>&nbsp;<\/p>\n<p>&nbsp;<\/p>\n","protected":false},"excerpt":{"rendered":"<p>Rank\u0173 darbo gaminys, pagaminta Indonezijoje. Tai ak\u012f traukiantis nam\u0173 aksesuaras bei puiki dovana vertinantiems nat\u016bralum\u0105 ir i\u0161skirtinum\u0105. Tai unikalus dirbinys, turintis savit\u0105 strukt\u016br\u0105, \u012ftr\u016bkimus, \u012fdubimus ir nelygumus. Atminkite, kad nat\u016bralus produktas mediena gali keistis d\u0117l dr\u0117gm\u0117s svyravim\u0173 ir temperat\u016bros skirtum\u0173. Detal\u0117s: med\u017eiaga \u2013 tikmedis; &nbsp; &nbsp; &nbsp;<\/p>\n","protected":false},"featured_media":11991,"template":"","meta":{"_monsterinsights_skip_tracking":false,"_monsterinsights_sitenote_active":false,"_monsterinsights_sitenote_note":"","_monsterinsights_sitenote_category":0},"product_brand":[],"product_cat":[103,95,130],"product_tag":[324,271,353,354],"class_list":{"0":"post-11987","1":"product","2":"type-product","3":"status-publish","4":"has-post-thumbnail","6":"product_cat-dovanu-idejos","7":"product_cat-interjerui","8":"product_cat-statuleles-deco","9":"product_tag-dovanu-idejos","10":"product_tag-interjero-dekoras","11":"product_tag-medine-zuvis","12":"product_tag-tikmedzio-zuvis","14":"first","15":"instock","16":"taxable","17":"shipping-taxable","18":"purchasable","19":"product-type-simple"},"_links":{"self":[{"href":"https:\/\/duckdeco.lt\/lt\/wp-json\/wp\/v2\/product\/11987","targetHints":{"allow":["GET"]}}],"collection":[{"href":"https:\/\/duckdeco.lt\/lt\/wp-json\/wp\/v2\/product"}],"about":[{"href":"https:\/\/duckdeco.lt\/lt\/wp-json\/wp\/v2\/types\/product"}],"version-history":[{"count":4,"href":"https:\/\/duckdeco.lt\/lt\/wp-json\/wp\/v2\/product\/11987\/revisions"}],"predecessor-version":[{"id":14807,"href":"https:\/\/duckdeco.lt\/lt\/wp-json\/wp\/v2\/product\/11987\/revisions\/14807"}],"wp:featuredmedia":[{"embeddable":true,"href":"https:\/\/duckdeco.lt\/lt\/wp-json\/wp\/v2\/media\/11991"}],"wp:attachment":[{"href":"https:\/\/duckdeco.lt\/lt\/wp-json\/wp\/v2\/media?parent=11987"}],"wp:term":[{"taxonomy":"product_brand","embeddable":true,"href":"https:\/\/duckdeco.lt\/lt\/wp-json\/wp\/v2\/product_brand?post=11987"},{"taxonomy":"product_cat","embeddable":true,"href":"https:\/\/duckdeco.lt\/lt\/wp-json\/wp\/v2\/product_cat?post=11987"},{"taxonomy":"product_tag","embeddable":true,"href":"https:\/\/duckdeco.lt\/lt\/wp-json\/wp\/v2\/product_tag?post=11987"}],"curies":[{"name":"wp","href":"https:\/\/api.w.org\/{rel}","templated":true}]}}