{"id":12020,"date":"2024-04-12T11:05:21","date_gmt":"2024-04-12T11:05:21","guid":{"rendered":"https:\/\/duckdeco.com\/?post_type=product&#038;p=12020"},"modified":"2024-12-10T10:21:37","modified_gmt":"2024-12-10T08:21:37","slug":"pakabinamas-veidrodis-4","status":"publish","type":"product","link":"https:\/\/duckdeco.lt\/lt\/product\/pakabinamas-veidrodis-4\/","title":{"rendered":"Pakabinamas veidrodis rudas 40*60 cm"},"content":{"rendered":"<ul>\n<li>I\u0161siskiriantis netaisyklinga ovalo forma, su giliu mediniu r\u0117mu, \u0161is veidrodis puikus pasirinkimas siekiant susikurti unikali\u0105 aplink\u0105.<\/li>\n<li>Si\u016blomi trij\u0173 skirting\u0173 dyd\u017ei\u0173 veidrod\u017eiai, leis i\u0161gauti dar didesn\u012f efekt\u0105 derinant juos tarpusavyje.<\/li>\n<li>Detal\u0117s: med\u017eiaga \u2013 rie\u0161utmedis (kietmedis);<\/li>\n<li>Spalva \u2013 tamsiai ruda (r\u0117mas);<\/li>\n<\/ul>\n<p>&nbsp;<\/p>\n<ul>\n<li>\n<table width=\"405\">\n<tbody>\n<tr>\n<td width=\"91\">I\u0161matavimai: Plotis 40 cm \/ Auk\u0161tis 60 cm.<\/td>\n<\/tr>\n<\/tbody>\n<\/table>\n<\/li>\n<\/ul>\n<p>&nbsp;<\/p>\n","protected":false},"excerpt":{"rendered":"<p>I\u0161siskiriantis netaisyklinga ovalo forma, su giliu mediniu r\u0117mu, \u0161is veidrodis puikus pasirinkimas siekiant susikurti unikali\u0105 aplink\u0105. Si\u016blomi trij\u0173 skirting\u0173 dyd\u017ei\u0173 veidrod\u017eiai, leis i\u0161gauti dar didesn\u012f efekt\u0105 derinant juos tarpusavyje. Detal\u0117s: med\u017eiaga \u2013 rie\u0161utmedis (kietmedis); Spalva \u2013 tamsiai ruda (r\u0117mas); &nbsp; I\u0161matavimai: Plotis 40 cm \/ Auk\u0161tis 60 cm. &nbsp;<\/p>\n","protected":false},"featured_media":12026,"template":"","meta":{"_monsterinsights_skip_tracking":false,"_monsterinsights_sitenote_active":false,"_monsterinsights_sitenote_note":"","_monsterinsights_sitenote_category":0},"product_brand":[],"product_cat":[95,118],"product_tag":[411,413,410],"class_list":{"0":"post-12020","1":"product","2":"type-product","3":"status-publish","4":"has-post-thumbnail","6":"product_cat-interjerui","7":"product_cat-veidrodziai","8":"product_tag-pakabinamas-veidrodis","9":"product_tag-riesutmedis","10":"product_tag-stilinga-interjero-detale","12":"first","13":"instock","14":"taxable","15":"shipping-taxable","16":"purchasable","17":"product-type-simple"},"_links":{"self":[{"href":"https:\/\/duckdeco.lt\/lt\/wp-json\/wp\/v2\/product\/12020","targetHints":{"allow":["GET"]}}],"collection":[{"href":"https:\/\/duckdeco.lt\/lt\/wp-json\/wp\/v2\/product"}],"about":[{"href":"https:\/\/duckdeco.lt\/lt\/wp-json\/wp\/v2\/types\/product"}],"version-history":[{"count":5,"href":"https:\/\/duckdeco.lt\/lt\/wp-json\/wp\/v2\/product\/12020\/revisions"}],"predecessor-version":[{"id":13467,"href":"https:\/\/duckdeco.lt\/lt\/wp-json\/wp\/v2\/product\/12020\/revisions\/13467"}],"wp:featuredmedia":[{"embeddable":true,"href":"https:\/\/duckdeco.lt\/lt\/wp-json\/wp\/v2\/media\/12026"}],"wp:attachment":[{"href":"https:\/\/duckdeco.lt\/lt\/wp-json\/wp\/v2\/media?parent=12020"}],"wp:term":[{"taxonomy":"product_brand","embeddable":true,"href":"https:\/\/duckdeco.lt\/lt\/wp-json\/wp\/v2\/product_brand?post=12020"},{"taxonomy":"product_cat","embeddable":true,"href":"https:\/\/duckdeco.lt\/lt\/wp-json\/wp\/v2\/product_cat?post=12020"},{"taxonomy":"product_tag","embeddable":true,"href":"https:\/\/duckdeco.lt\/lt\/wp-json\/wp\/v2\/product_tag?post=12020"}],"curies":[{"name":"wp","href":"https:\/\/api.w.org\/{rel}","templated":true}]}}