{"id":12035,"date":"2024-04-12T11:43:17","date_gmt":"2024-04-12T11:43:17","guid":{"rendered":"https:\/\/duckdeco.com\/?post_type=product&#038;p=12035"},"modified":"2024-12-02T12:15:53","modified_gmt":"2024-12-02T10:15:53","slug":"vyno-buteliu-laikiklis-6-but","status":"publish","type":"product","link":"https:\/\/duckdeco.lt\/lt\/product\/vyno-buteliu-laikiklis-6-but\/","title":{"rendered":"Vyno buteli\u0173 laikiklis"},"content":{"rendered":"<ul>\n<li>Rank\u0173 darbo vyno laikiklis, skirtas 6 buteliams. Tai unikalus k\u016brinys, kuris naudojant egzotin\u0119 medien\u0105, skiriasi savo spalva bei tekst\u016bra.<\/li>\n<li>Produktas pagamintas i\u0161 nat\u016bralaus med\u017eio masyvo, tod\u0117l veikiant aplinkos s\u0105lygoms gali atsirasti \u012ftr\u016bkimai, kurie nelaikomi defektu.<\/li>\n<li>Kad i\u0161laikyt\u0173 savo didyb\u0119 ir unikalum\u0105, reikalauja tik pagrindin\u0117s prie\u017ei\u016bros: muilo ir vandens, valymui nenaudoti abrazyvini\u0173 med\u017eiag\u0173.<\/li>\n<li>Detal\u0117s: med\u017eiaga &#8211; Suar mediena.<br \/>\n<table width=\"405\">\n<tbody>\n<tr>\n<td width=\"91\">I\u0161matavimai: Ilgis 19 cm \/ Plotis 27 cm \/ Auk\u0161tis 50 cm.<\/td>\n<\/tr>\n<\/tbody>\n<\/table>\n<p>&nbsp;<\/li>\n<\/ul>\n","protected":false},"excerpt":{"rendered":"<p>Rank\u0173 darbo vyno laikiklis, skirtas 6 buteliams. Tai unikalus k\u016brinys, kuris naudojant egzotin\u0119 medien\u0105, skiriasi savo spalva bei tekst\u016bra. Produktas pagamintas i\u0161 nat\u016bralaus med\u017eio masyvo, tod\u0117l veikiant aplinkos s\u0105lygoms gali atsirasti \u012ftr\u016bkimai, kurie nelaikomi defektu. Kad i\u0161laikyt\u0173 savo didyb\u0119 ir unikalum\u0105, reikalauja tik pagrindin\u0117s prie\u017ei\u016bros: muilo ir vandens, valymui nenaudoti abrazyvini\u0173 med\u017eiag\u0173. Detal\u0117s: med\u017eiaga &#8211; &hellip; <br \/><a href=\"https:\/\/duckdeco.lt\/lt\/product\/vyno-buteliu-laikiklis-6-but\/\" class=\"more-link\">Continue reading <span class=\"screen-reader-text\">Vyno buteli\u0173 laikiklis<\/span><\/a><\/p>\n","protected":false},"featured_media":12036,"template":"","meta":{"_monsterinsights_skip_tracking":false,"_monsterinsights_sitenote_active":false,"_monsterinsights_sitenote_note":"","_monsterinsights_sitenote_category":0},"product_brand":[],"product_cat":[103,95],"product_tag":[],"class_list":{"0":"post-12035","1":"product","2":"type-product","3":"status-publish","4":"has-post-thumbnail","6":"product_cat-dovanu-idejos","7":"product_cat-interjerui","9":"first","10":"instock","11":"taxable","12":"shipping-taxable","13":"purchasable","14":"product-type-simple"},"_links":{"self":[{"href":"https:\/\/duckdeco.lt\/lt\/wp-json\/wp\/v2\/product\/12035","targetHints":{"allow":["GET"]}}],"collection":[{"href":"https:\/\/duckdeco.lt\/lt\/wp-json\/wp\/v2\/product"}],"about":[{"href":"https:\/\/duckdeco.lt\/lt\/wp-json\/wp\/v2\/types\/product"}],"version-history":[{"count":5,"href":"https:\/\/duckdeco.lt\/lt\/wp-json\/wp\/v2\/product\/12035\/revisions"}],"predecessor-version":[{"id":12118,"href":"https:\/\/duckdeco.lt\/lt\/wp-json\/wp\/v2\/product\/12035\/revisions\/12118"}],"wp:featuredmedia":[{"embeddable":true,"href":"https:\/\/duckdeco.lt\/lt\/wp-json\/wp\/v2\/media\/12036"}],"wp:attachment":[{"href":"https:\/\/duckdeco.lt\/lt\/wp-json\/wp\/v2\/media?parent=12035"}],"wp:term":[{"taxonomy":"product_brand","embeddable":true,"href":"https:\/\/duckdeco.lt\/lt\/wp-json\/wp\/v2\/product_brand?post=12035"},{"taxonomy":"product_cat","embeddable":true,"href":"https:\/\/duckdeco.lt\/lt\/wp-json\/wp\/v2\/product_cat?post=12035"},{"taxonomy":"product_tag","embeddable":true,"href":"https:\/\/duckdeco.lt\/lt\/wp-json\/wp\/v2\/product_tag?post=12035"}],"curies":[{"name":"wp","href":"https:\/\/api.w.org\/{rel}","templated":true}]}}