{"id":12053,"date":"2024-04-12T14:00:44","date_gmt":"2024-04-12T14:00:44","guid":{"rendered":"https:\/\/duckdeco.com\/?post_type=product&#038;p=12053"},"modified":"2024-04-15T10:10:50","modified_gmt":"2024-04-15T10:10:50","slug":"ranku-darbo-stalas","status":"publish","type":"product","link":"https:\/\/duckdeco.lt\/lt\/product\/ranku-darbo-stalas\/","title":{"rendered":"Rank\u0173 darbo stalas"},"content":{"rendered":"<ul>\n<li>I\u0161skirtinio dizaino baldai suteikia ne tik trok\u0161tam\u0105 komfort\u0105 ir funkcionalum\u0105,\u00a0 \u017eavi eleganti\u0161komis formomis bei paperka savo kokybe. Atraskite baldus i\u0161 naujo ir m\u0117gaukit\u0117s atsinaujinusiais namais.<\/li>\n<li>\u0160is stalas pagamintas apie 1940 m., unikali stalo konstrukcija rank\u0173 darbo kaltinio metalo, stalvir\u0161is\u00a0 &#8211; med\u017eio masyvas.<br \/>\n<table style=\"height: 37px;\" width=\"429\">\n<tbody>\n<tr>\n<td width=\"91\">I\u0161matavimai: Plotis 195 cm \/ Gylis 71 cm \/ Auk\u0161tis 75 cm.<\/td>\n<\/tr>\n<\/tbody>\n<\/table>\n<p>&nbsp;<\/li>\n<\/ul>\n","protected":false},"excerpt":{"rendered":"<p>I\u0161skirtinio dizaino baldai suteikia ne tik trok\u0161tam\u0105 komfort\u0105 ir funkcionalum\u0105,\u00a0 \u017eavi eleganti\u0161komis formomis bei paperka savo kokybe. Atraskite baldus i\u0161 naujo ir m\u0117gaukit\u0117s atsinaujinusiais namais. \u0160is stalas pagamintas apie 1940 m., unikali stalo konstrukcija rank\u0173 darbo kaltinio metalo, stalvir\u0161is\u00a0 &#8211; med\u017eio masyvas. I\u0161matavimai: Plotis 195 cm \/ Gylis 71 cm \/ Auk\u0161tis 75 cm. &nbsp;<\/p>\n","protected":false},"featured_media":12059,"template":"","meta":{"_monsterinsights_skip_tracking":false,"_monsterinsights_sitenote_active":false,"_monsterinsights_sitenote_note":"","_monsterinsights_sitenote_category":0},"product_brand":[],"product_cat":[96],"product_tag":[],"class_list":{"0":"post-12053","1":"product","2":"type-product","3":"status-publish","4":"has-post-thumbnail","6":"product_cat-vintaziniai-baldai","8":"first","9":"instock","10":"taxable","11":"shipping-taxable","12":"purchasable","13":"product-type-simple"},"_links":{"self":[{"href":"https:\/\/duckdeco.lt\/lt\/wp-json\/wp\/v2\/product\/12053","targetHints":{"allow":["GET"]}}],"collection":[{"href":"https:\/\/duckdeco.lt\/lt\/wp-json\/wp\/v2\/product"}],"about":[{"href":"https:\/\/duckdeco.lt\/lt\/wp-json\/wp\/v2\/types\/product"}],"version-history":[{"count":4,"href":"https:\/\/duckdeco.lt\/lt\/wp-json\/wp\/v2\/product\/12053\/revisions"}],"predecessor-version":[{"id":12121,"href":"https:\/\/duckdeco.lt\/lt\/wp-json\/wp\/v2\/product\/12053\/revisions\/12121"}],"wp:featuredmedia":[{"embeddable":true,"href":"https:\/\/duckdeco.lt\/lt\/wp-json\/wp\/v2\/media\/12059"}],"wp:attachment":[{"href":"https:\/\/duckdeco.lt\/lt\/wp-json\/wp\/v2\/media?parent=12053"}],"wp:term":[{"taxonomy":"product_brand","embeddable":true,"href":"https:\/\/duckdeco.lt\/lt\/wp-json\/wp\/v2\/product_brand?post=12053"},{"taxonomy":"product_cat","embeddable":true,"href":"https:\/\/duckdeco.lt\/lt\/wp-json\/wp\/v2\/product_cat?post=12053"},{"taxonomy":"product_tag","embeddable":true,"href":"https:\/\/duckdeco.lt\/lt\/wp-json\/wp\/v2\/product_tag?post=12053"}],"curies":[{"name":"wp","href":"https:\/\/api.w.org\/{rel}","templated":true}]}}