{"id":12128,"date":"2024-04-15T11:24:09","date_gmt":"2024-04-15T11:24:09","guid":{"rendered":"https:\/\/duckdeco.com\/?post_type=product&#038;p=12128"},"modified":"2026-01-12T13:28:39","modified_gmt":"2026-01-12T11:28:39","slug":"duru-atmusejas-smelinis-suniukas","status":"publish","type":"product","link":"https:\/\/duckdeco.lt\/lt\/product\/duru-atmusejas-smelinis-suniukas\/","title":{"rendered":"Dur\u0173 atmu\u0161\u0117jas \u201eSm\u0117linis \u0161uniukas\u201c"},"content":{"rendered":"<ul>\n<li>Apgyvendinkite savo namuose \u0161un\u012f, kuris ne tik kad nereikalaus prie\u017ei\u016bros, bet dar ir atliks savo funkcij\u0105 &#8211; saugos j\u016bs\u0173 sienas nuo atsitrenkian\u010di\u0173 dur\u0173.<\/li>\n<li>K\u016brybi\u0161kesnis variantas standartiniams prie sien\u0173 ar grind\u0173 tvirtinamiems dur\u0173 stabd\u017eiams. Ir nereikia nieko gr\u0119\u017eti.<\/li>\n<li>\u017daismingas ir naudingas.Tai originalus dur\u0173 laikiklis, kuris kartu taps ir puikiu nam\u0173 aksesuaru.<\/li>\n<li>Detal\u0117s: med\u017eiaga &#8211; poliesteris<\/li>\n<li>Spalva &#8211; kremin\u0117.<\/li>\n<li>Svoris 1,67 kg.<\/li>\n<\/ul>\n<table width=\"405\">\n<tbody>\n<tr>\n<td width=\"91\">I\u0161matavimai: Ilgis 17 cm \/ Plotis 16 cm \/ Auk\u0161tis 33 cm.<\/td>\n<\/tr>\n<\/tbody>\n<\/table>\n<p>&nbsp;<\/p>\n<p>&nbsp;<\/p>\n","protected":false},"excerpt":{"rendered":"<p>Apgyvendinkite savo namuose \u0161un\u012f, kuris ne tik kad nereikalaus prie\u017ei\u016bros, bet dar ir atliks savo funkcij\u0105 &#8211; saugos j\u016bs\u0173 sienas nuo atsitrenkian\u010di\u0173 dur\u0173. K\u016brybi\u0161kesnis variantas standartiniams prie sien\u0173 ar grind\u0173 tvirtinamiems dur\u0173 stabd\u017eiams. Ir nereikia nieko gr\u0119\u017eti. \u017daismingas ir naudingas.Tai originalus dur\u0173 laikiklis, kuris kartu taps ir puikiu nam\u0173 aksesuaru. Detal\u0117s: med\u017eiaga &#8211; poliesteris Spalva &hellip; <br \/><a href=\"https:\/\/duckdeco.lt\/lt\/product\/duru-atmusejas-smelinis-suniukas\/\" class=\"more-link\">Continue reading <span class=\"screen-reader-text\">Dur\u0173 atmu\u0161\u0117jas \u201eSm\u0117linis \u0161uniukas\u201c<\/span><\/a><\/p>\n","protected":false},"featured_media":12130,"template":"","meta":{"_monsterinsights_skip_tracking":false,"_monsterinsights_sitenote_active":false,"_monsterinsights_sitenote_note":"","_monsterinsights_sitenote_category":0},"product_brand":[],"product_cat":[103,138,104],"product_tag":[301,309,132],"class_list":{"0":"post-12128","1":"product","2":"type-product","3":"status-publish","4":"has-post-thumbnail","6":"product_cat-dovanu-idejos","7":"product_cat-duru-atmusejai","8":"product_cat-vaikams","9":"product_tag-dekoratyvus-aksesuaras","10":"product_tag-duru-atmusejas-suniukas","11":"product_tag-vaiku-kambariui","13":"first","14":"outofstock","15":"taxable","16":"shipping-taxable","17":"purchasable","18":"product-type-simple"},"_links":{"self":[{"href":"https:\/\/duckdeco.lt\/lt\/wp-json\/wp\/v2\/product\/12128","targetHints":{"allow":["GET"]}}],"collection":[{"href":"https:\/\/duckdeco.lt\/lt\/wp-json\/wp\/v2\/product"}],"about":[{"href":"https:\/\/duckdeco.lt\/lt\/wp-json\/wp\/v2\/types\/product"}],"version-history":[{"count":2,"href":"https:\/\/duckdeco.lt\/lt\/wp-json\/wp\/v2\/product\/12128\/revisions"}],"predecessor-version":[{"id":12134,"href":"https:\/\/duckdeco.lt\/lt\/wp-json\/wp\/v2\/product\/12128\/revisions\/12134"}],"wp:featuredmedia":[{"embeddable":true,"href":"https:\/\/duckdeco.lt\/lt\/wp-json\/wp\/v2\/media\/12130"}],"wp:attachment":[{"href":"https:\/\/duckdeco.lt\/lt\/wp-json\/wp\/v2\/media?parent=12128"}],"wp:term":[{"taxonomy":"product_brand","embeddable":true,"href":"https:\/\/duckdeco.lt\/lt\/wp-json\/wp\/v2\/product_brand?post=12128"},{"taxonomy":"product_cat","embeddable":true,"href":"https:\/\/duckdeco.lt\/lt\/wp-json\/wp\/v2\/product_cat?post=12128"},{"taxonomy":"product_tag","embeddable":true,"href":"https:\/\/duckdeco.lt\/lt\/wp-json\/wp\/v2\/product_tag?post=12128"}],"curies":[{"name":"wp","href":"https:\/\/api.w.org\/{rel}","templated":true}]}}