{"id":12135,"date":"2024-04-15T12:10:46","date_gmt":"2024-04-15T12:10:46","guid":{"rendered":"https:\/\/duckdeco.com\/?post_type=product&#038;p=12135"},"modified":"2024-04-15T12:13:51","modified_gmt":"2024-04-15T12:13:51","slug":"vaza-rozinis-stiklas-m","status":"publish","type":"product","link":"https:\/\/duckdeco.lt\/lt\/product\/vaza-rozinis-stiklas-m\/","title":{"rendered":"Vaza \u201eRo\u017einis stiklas\u201c M"},"content":{"rendered":"<ul>\n<li>Modernaus dizaino, cilindro formos vaza, taps puo\u0161mena kiekvienuose namuose.<\/li>\n<li>I\u0161laisvinkite vaizduot\u0119, kurkite \u012fvairias kompozicijas tiek su merkiamomis g\u0117l\u0117mis, ar sausomis \u0161akel\u0117mis.<\/li>\n<li>Detal\u0117s: med\u017eiaga &#8211; storas stiklas.<\/li>\n<li>Spalva &#8211; \u0161viesiai ro\u017ein\u0117.<\/li>\n<li>Svoris &#8211; 3,61 kg.<\/li>\n<\/ul>\n<table style=\"height: 51px;\" width=\"448\">\n<tbody>\n<tr>\n<td width=\"91\">I\u0161matavimai: Ilgis 14,5 cm \/ Plotis 14,5 cm \/ Auk\u0161tis 54,5 cm.<\/td>\n<\/tr>\n<\/tbody>\n<\/table>\n<p>&nbsp;<\/p>\n","protected":false},"excerpt":{"rendered":"<p>Modernaus dizaino, cilindro formos vaza, taps puo\u0161mena kiekvienuose namuose. I\u0161laisvinkite vaizduot\u0119, kurkite \u012fvairias kompozicijas tiek su merkiamomis g\u0117l\u0117mis, ar sausomis \u0161akel\u0117mis. Detal\u0117s: med\u017eiaga &#8211; storas stiklas. Spalva &#8211; \u0161viesiai ro\u017ein\u0117. Svoris &#8211; 3,61 kg. I\u0161matavimai: Ilgis 14,5 cm \/ Plotis 14,5 cm \/ Auk\u0161tis 54,5 cm. &nbsp;<\/p>\n","protected":false},"featured_media":12136,"template":"","meta":{"_monsterinsights_skip_tracking":false,"_monsterinsights_sitenote_active":false,"_monsterinsights_sitenote_note":"","_monsterinsights_sitenote_category":0},"product_brand":[],"product_cat":[103,101],"product_tag":[],"class_list":{"0":"post-12135","1":"product","2":"type-product","3":"status-publish","4":"has-post-thumbnail","6":"product_cat-dovanu-idejos","7":"product_cat-vazos","9":"first","10":"instock","11":"taxable","12":"shipping-taxable","13":"purchasable","14":"product-type-simple"},"_links":{"self":[{"href":"https:\/\/duckdeco.lt\/lt\/wp-json\/wp\/v2\/product\/12135","targetHints":{"allow":["GET"]}}],"collection":[{"href":"https:\/\/duckdeco.lt\/lt\/wp-json\/wp\/v2\/product"}],"about":[{"href":"https:\/\/duckdeco.lt\/lt\/wp-json\/wp\/v2\/types\/product"}],"version-history":[{"count":1,"href":"https:\/\/duckdeco.lt\/lt\/wp-json\/wp\/v2\/product\/12135\/revisions"}],"predecessor-version":[{"id":12139,"href":"https:\/\/duckdeco.lt\/lt\/wp-json\/wp\/v2\/product\/12135\/revisions\/12139"}],"wp:featuredmedia":[{"embeddable":true,"href":"https:\/\/duckdeco.lt\/lt\/wp-json\/wp\/v2\/media\/12136"}],"wp:attachment":[{"href":"https:\/\/duckdeco.lt\/lt\/wp-json\/wp\/v2\/media?parent=12135"}],"wp:term":[{"taxonomy":"product_brand","embeddable":true,"href":"https:\/\/duckdeco.lt\/lt\/wp-json\/wp\/v2\/product_brand?post=12135"},{"taxonomy":"product_cat","embeddable":true,"href":"https:\/\/duckdeco.lt\/lt\/wp-json\/wp\/v2\/product_cat?post=12135"},{"taxonomy":"product_tag","embeddable":true,"href":"https:\/\/duckdeco.lt\/lt\/wp-json\/wp\/v2\/product_tag?post=12135"}],"curies":[{"name":"wp","href":"https:\/\/api.w.org\/{rel}","templated":true}]}}