{"id":12188,"date":"2024-04-15T20:42:08","date_gmt":"2024-04-15T20:42:08","guid":{"rendered":"https:\/\/duckdeco.com\/?post_type=product&#038;p=12188"},"modified":"2026-01-12T13:07:50","modified_gmt":"2026-01-12T11:07:50","slug":"minkstas-zaislas-elnias-2","status":"publish","type":"product","link":"https:\/\/duckdeco.lt\/lt\/product\/minkstas-zaislas-elnias-2\/","title":{"rendered":"Mink\u0161tas \u017eaislas &#8222;Briedis&#8221;"},"content":{"rendered":"<ul>\n<li>\u0160is mink\u0161tas mielas \u017eaislas patiks savo \u0161velnumu J\u016bs\u0173 vaikams.<\/li>\n<li>Med\u017eiagos &#8211; medviln\u0117, linas, polesteris, spalva balta<\/li>\n<\/ul>\n<p>&nbsp;<\/p>\n<ul>\n<li>\n<table style=\"height: 85px;\" width=\"499\">\n<tbody>\n<tr>\n<td width=\"146\">I\u0161matavimai:<\/p>\n<p>Auk\u0161tis 32 cm \/ Plotis 28 cm<\/td>\n<\/tr>\n<\/tbody>\n<\/table>\n<\/li>\n<\/ul>\n","protected":false},"excerpt":{"rendered":"<p>\u0160is mink\u0161tas mielas \u017eaislas patiks savo \u0161velnumu J\u016bs\u0173 vaikams. Med\u017eiagos &#8211; medviln\u0117, linas, polesteris, spalva balta &nbsp; I\u0161matavimai: Auk\u0161tis 32 cm \/ Plotis 28 cm<\/p>\n","protected":false},"featured_media":12189,"template":"","meta":{"_monsterinsights_skip_tracking":false,"_monsterinsights_sitenote_active":false,"_monsterinsights_sitenote_note":"","_monsterinsights_sitenote_category":0},"product_brand":[],"product_cat":[103,119],"product_tag":[369,367,370,328],"class_list":{"0":"post-12188","1":"product","2":"type-product","3":"status-publish","4":"has-post-thumbnail","6":"product_cat-dovanu-idejos","7":"product_cat-minksti-zaislai","8":"product_tag-dovanos-vaikams","9":"product_tag-minkstas-zaislas","10":"product_tag-pliusinis-briedis","11":"product_tag-vaiku-kambario-aksesuarai","13":"first","14":"outofstock","15":"taxable","16":"shipping-taxable","17":"purchasable","18":"product-type-simple"},"_links":{"self":[{"href":"https:\/\/duckdeco.lt\/lt\/wp-json\/wp\/v2\/product\/12188","targetHints":{"allow":["GET"]}}],"collection":[{"href":"https:\/\/duckdeco.lt\/lt\/wp-json\/wp\/v2\/product"}],"about":[{"href":"https:\/\/duckdeco.lt\/lt\/wp-json\/wp\/v2\/types\/product"}],"version-history":[{"count":3,"href":"https:\/\/duckdeco.lt\/lt\/wp-json\/wp\/v2\/product\/12188\/revisions"}],"predecessor-version":[{"id":14872,"href":"https:\/\/duckdeco.lt\/lt\/wp-json\/wp\/v2\/product\/12188\/revisions\/14872"}],"wp:featuredmedia":[{"embeddable":true,"href":"https:\/\/duckdeco.lt\/lt\/wp-json\/wp\/v2\/media\/12189"}],"wp:attachment":[{"href":"https:\/\/duckdeco.lt\/lt\/wp-json\/wp\/v2\/media?parent=12188"}],"wp:term":[{"taxonomy":"product_brand","embeddable":true,"href":"https:\/\/duckdeco.lt\/lt\/wp-json\/wp\/v2\/product_brand?post=12188"},{"taxonomy":"product_cat","embeddable":true,"href":"https:\/\/duckdeco.lt\/lt\/wp-json\/wp\/v2\/product_cat?post=12188"},{"taxonomy":"product_tag","embeddable":true,"href":"https:\/\/duckdeco.lt\/lt\/wp-json\/wp\/v2\/product_tag?post=12188"}],"curies":[{"name":"wp","href":"https:\/\/api.w.org\/{rel}","templated":true}]}}