{"id":12199,"date":"2024-04-15T21:06:02","date_gmt":"2024-04-15T21:06:02","guid":{"rendered":"https:\/\/duckdeco.com\/?post_type=product&#038;p=12199"},"modified":"2024-12-02T12:14:24","modified_gmt":"2024-12-02T10:14:24","slug":"stalinis-laikrodis","status":"publish","type":"product","link":"https:\/\/duckdeco.lt\/lt\/product\/stalinis-laikrodis\/","title":{"rendered":"Stalinis laikrodis"},"content":{"rendered":"<ul>\n<li>Tai populiaraus Karlssono Flip laikrod\u017eio mini versija.<\/li>\n<li>Stilingas Flip laikrodis taps i\u0161skirtiniu j\u016bs\u0173 interjero aksesuaru d\u0117l ypatingos savo i\u0161vaizdos.<\/li>\n<li>Kiekviena minut\u0117 prab\u0117ga atver\u010diant kortel\u0119.<\/li>\n<li>\u0160is specialus Karlsson laikrodis turi stov\u0105, su kuriuo nesunkiai gal\u0117site skirti jam viet\u0105 knyg\u0173 lentynoje.<\/li>\n<li>Jei norite Karlsson laikrod\u012f pakabinti ant sienos, galite lengvai nuimti stov\u0105.<\/li>\n<li>\u0160is aksesuaras puikiai atrodys industrinio stiliaus interjere. Originali dovana \u012fkurtuvi\u0173, Boso dienos proga.<\/li>\n<li>Spalva \u0161iltai pilka.<\/li>\n<li>Baterija 1-D.<\/li>\n<\/ul>\n<table style=\"height: 35px;\" width=\"715\">\n<tbody>\n<tr>\n<td width=\"91\">I\u0161matavimai:<\/p>\n<p>Plotis 13,9 cm \/ Auk\u0161tis 20,6 cm \/ Gylis 7,5 cm<\/td>\n<\/tr>\n<\/tbody>\n<\/table>\n","protected":false},"excerpt":{"rendered":"<p>Tai populiaraus Karlssono Flip laikrod\u017eio mini versija. Stilingas Flip laikrodis taps i\u0161skirtiniu j\u016bs\u0173 interjero aksesuaru d\u0117l ypatingos savo i\u0161vaizdos. Kiekviena minut\u0117 prab\u0117ga atver\u010diant kortel\u0119. \u0160is specialus Karlsson laikrodis turi stov\u0105, su kuriuo nesunkiai gal\u0117site skirti jam viet\u0105 knyg\u0173 lentynoje. Jei norite Karlsson laikrod\u012f pakabinti ant sienos, galite lengvai nuimti stov\u0105. \u0160is aksesuaras puikiai atrodys industrinio &hellip; <br \/><a href=\"https:\/\/duckdeco.lt\/lt\/product\/stalinis-laikrodis\/\" class=\"more-link\">Continue reading <span class=\"screen-reader-text\">Stalinis laikrodis<\/span><\/a><\/p>\n","protected":false},"featured_media":12205,"template":"","meta":{"_monsterinsights_skip_tracking":false,"_monsterinsights_sitenote_active":false,"_monsterinsights_sitenote_note":"","_monsterinsights_sitenote_category":0},"product_brand":[],"product_cat":[103,95],"product_tag":[125,126,128,123,127,124],"class_list":{"0":"post-12199","1":"product","2":"type-product","3":"status-publish","4":"has-post-thumbnail","6":"product_cat-dovanu-idejos","7":"product_cat-interjerui","8":"product_tag-kavinei","9":"product_tag-ofisui","10":"product_tag-svetainei","11":"product_tag-terasai","12":"product_tag-valgomajam","13":"product_tag-viesbuciui","15":"first","16":"instock","17":"taxable","18":"shipping-taxable","19":"purchasable","20":"product-type-simple"},"_links":{"self":[{"href":"https:\/\/duckdeco.lt\/lt\/wp-json\/wp\/v2\/product\/12199","targetHints":{"allow":["GET"]}}],"collection":[{"href":"https:\/\/duckdeco.lt\/lt\/wp-json\/wp\/v2\/product"}],"about":[{"href":"https:\/\/duckdeco.lt\/lt\/wp-json\/wp\/v2\/types\/product"}],"version-history":[{"count":2,"href":"https:\/\/duckdeco.lt\/lt\/wp-json\/wp\/v2\/product\/12199\/revisions"}],"predecessor-version":[{"id":14749,"href":"https:\/\/duckdeco.lt\/lt\/wp-json\/wp\/v2\/product\/12199\/revisions\/14749"}],"wp:featuredmedia":[{"embeddable":true,"href":"https:\/\/duckdeco.lt\/lt\/wp-json\/wp\/v2\/media\/12205"}],"wp:attachment":[{"href":"https:\/\/duckdeco.lt\/lt\/wp-json\/wp\/v2\/media?parent=12199"}],"wp:term":[{"taxonomy":"product_brand","embeddable":true,"href":"https:\/\/duckdeco.lt\/lt\/wp-json\/wp\/v2\/product_brand?post=12199"},{"taxonomy":"product_cat","embeddable":true,"href":"https:\/\/duckdeco.lt\/lt\/wp-json\/wp\/v2\/product_cat?post=12199"},{"taxonomy":"product_tag","embeddable":true,"href":"https:\/\/duckdeco.lt\/lt\/wp-json\/wp\/v2\/product_tag?post=12199"}],"curies":[{"name":"wp","href":"https:\/\/api.w.org\/{rel}","templated":true}]}}