{"id":12216,"date":"2024-04-15T21:23:34","date_gmt":"2024-04-15T21:23:34","guid":{"rendered":"https:\/\/duckdeco.com\/?post_type=product&#038;p=12216"},"modified":"2024-05-07T09:37:12","modified_gmt":"2024-05-07T06:37:12","slug":"stiklo-vaza-artdeco","status":"publish","type":"product","link":"https:\/\/duckdeco.lt\/lt\/product\/stiklo-vaza-artdeco\/","title":{"rendered":"Stiklo vaza \/ Artdeco L"},"content":{"rendered":"<ul>\n<li>Artdeco stiliaus vaza.<\/li>\n<li>Pagaminta i\u0161 d\u016bmin\u0117s spalvos stiklo.<\/li>\n<li>Puikiai tiks bet kokio stiliaus interjerui.<\/li>\n<li>\n<table style=\"height: 63px;\" width=\"534\">\n<tbody>\n<tr>\n<td width=\"91\">I\u0161matavimai:<\/p>\n<p>Plotis 25 cm \/ Auk\u0161tis 30 cm \/ Gylis 25 cm<\/td>\n<\/tr>\n<\/tbody>\n<\/table>\n<\/li>\n<\/ul>\n","protected":false},"excerpt":{"rendered":"<p>Artdeco stiliaus vaza. Pagaminta i\u0161 d\u016bmin\u0117s spalvos stiklo. Puikiai tiks bet kokio stiliaus interjerui. I\u0161matavimai: Plotis 25 cm \/ Auk\u0161tis 30 cm \/ Gylis 25 cm<\/p>\n","protected":false},"featured_media":13042,"template":"","meta":{"_monsterinsights_skip_tracking":false,"_monsterinsights_sitenote_active":false,"_monsterinsights_sitenote_note":"","_monsterinsights_sitenote_category":0},"product_brand":[],"product_cat":[103,101],"product_tag":[125,126,128,123,127,124],"class_list":{"0":"post-12216","1":"product","2":"type-product","3":"status-publish","4":"has-post-thumbnail","6":"product_cat-dovanu-idejos","7":"product_cat-vazos","8":"product_tag-kavinei","9":"product_tag-ofisui","10":"product_tag-svetainei","11":"product_tag-terasai","12":"product_tag-valgomajam","13":"product_tag-viesbuciui","15":"first","16":"instock","17":"taxable","18":"shipping-taxable","19":"purchasable","20":"product-type-simple"},"_links":{"self":[{"href":"https:\/\/duckdeco.lt\/lt\/wp-json\/wp\/v2\/product\/12216","targetHints":{"allow":["GET"]}}],"collection":[{"href":"https:\/\/duckdeco.lt\/lt\/wp-json\/wp\/v2\/product"}],"about":[{"href":"https:\/\/duckdeco.lt\/lt\/wp-json\/wp\/v2\/types\/product"}],"version-history":[{"count":3,"href":"https:\/\/duckdeco.lt\/lt\/wp-json\/wp\/v2\/product\/12216\/revisions"}],"predecessor-version":[{"id":13039,"href":"https:\/\/duckdeco.lt\/lt\/wp-json\/wp\/v2\/product\/12216\/revisions\/13039"}],"wp:featuredmedia":[{"embeddable":true,"href":"https:\/\/duckdeco.lt\/lt\/wp-json\/wp\/v2\/media\/13042"}],"wp:attachment":[{"href":"https:\/\/duckdeco.lt\/lt\/wp-json\/wp\/v2\/media?parent=12216"}],"wp:term":[{"taxonomy":"product_brand","embeddable":true,"href":"https:\/\/duckdeco.lt\/lt\/wp-json\/wp\/v2\/product_brand?post=12216"},{"taxonomy":"product_cat","embeddable":true,"href":"https:\/\/duckdeco.lt\/lt\/wp-json\/wp\/v2\/product_cat?post=12216"},{"taxonomy":"product_tag","embeddable":true,"href":"https:\/\/duckdeco.lt\/lt\/wp-json\/wp\/v2\/product_tag?post=12216"}],"curies":[{"name":"wp","href":"https:\/\/api.w.org\/{rel}","templated":true}]}}