{"id":12284,"date":"2024-04-16T12:03:20","date_gmt":"2024-04-16T12:03:20","guid":{"rendered":"https:\/\/duckdeco.com\/?post_type=product&#038;p=12284"},"modified":"2024-12-02T15:15:59","modified_gmt":"2024-12-02T13:15:59","slug":"zvake-auksine-xl-9-vnt","status":"publish","type":"product","link":"https:\/\/duckdeco.lt\/lt\/product\/zvake-auksine-xl-9-vnt\/","title":{"rendered":"Vakarien\u0117s \u017evak\u0117s \/ Auksin\u0117 XL \/ 9 vnt."},"content":{"rendered":"<ul>\n<li>Dvelkian\u010dios elegancija, sukurian\u010dios prabangos bei jaukumo poj\u016bt\u012f.<\/li>\n<li>Puikiai tiks tiek vakarien\u0117s metu namuose ir kaip dekoro elementas \u0161vent\u0117s metu.<\/li>\n<li>Detal\u0117s: med\u017eiaga &#8211; va\u0161kas;<\/li>\n<li>Spalva &#8211; aukso.;<\/li>\n<li>Dega iki 24 val,.<\/li>\n<li>Pakuot\u0117je 9 vnt,.<\/li>\n<\/ul>\n<table width=\"405\">\n<tbody>\n<tr>\n<td width=\"91\">I\u0161matavimai: Ilgis 3,2 cm \/ Plotis 3,2 cm \/ Auk\u0161tis 24 cm.<\/td>\n<\/tr>\n<\/tbody>\n<\/table>\n<p>&nbsp;<\/p>\n","protected":false},"excerpt":{"rendered":"<p>Dvelkian\u010dios elegancija, sukurian\u010dios prabangos bei jaukumo poj\u016bt\u012f. Puikiai tiks tiek vakarien\u0117s metu namuose ir kaip dekoro elementas \u0161vent\u0117s metu. Detal\u0117s: med\u017eiaga &#8211; va\u0161kas; Spalva &#8211; aukso.; Dega iki 24 val,. Pakuot\u0117je 9 vnt,. I\u0161matavimai: Ilgis 3,2 cm \/ Plotis 3,2 cm \/ Auk\u0161tis 24 cm. &nbsp;<\/p>\n","protected":false},"featured_media":12286,"template":"","meta":{"_monsterinsights_skip_tracking":false,"_monsterinsights_sitenote_active":false,"_monsterinsights_sitenote_note":"","_monsterinsights_sitenote_category":0},"product_brand":[],"product_cat":[106,144],"product_tag":[],"class_list":{"0":"post-12284","1":"product","2":"type-product","3":"status-publish","4":"has-post-thumbnail","6":"product_cat-dekoras-sventems","7":"product_cat-zvakes","9":"first","10":"instock","11":"taxable","12":"shipping-taxable","13":"purchasable","14":"product-type-simple"},"_links":{"self":[{"href":"https:\/\/duckdeco.lt\/lt\/wp-json\/wp\/v2\/product\/12284","targetHints":{"allow":["GET"]}}],"collection":[{"href":"https:\/\/duckdeco.lt\/lt\/wp-json\/wp\/v2\/product"}],"about":[{"href":"https:\/\/duckdeco.lt\/lt\/wp-json\/wp\/v2\/types\/product"}],"version-history":[{"count":2,"href":"https:\/\/duckdeco.lt\/lt\/wp-json\/wp\/v2\/product\/12284\/revisions"}],"predecessor-version":[{"id":12294,"href":"https:\/\/duckdeco.lt\/lt\/wp-json\/wp\/v2\/product\/12284\/revisions\/12294"}],"wp:featuredmedia":[{"embeddable":true,"href":"https:\/\/duckdeco.lt\/lt\/wp-json\/wp\/v2\/media\/12286"}],"wp:attachment":[{"href":"https:\/\/duckdeco.lt\/lt\/wp-json\/wp\/v2\/media?parent=12284"}],"wp:term":[{"taxonomy":"product_brand","embeddable":true,"href":"https:\/\/duckdeco.lt\/lt\/wp-json\/wp\/v2\/product_brand?post=12284"},{"taxonomy":"product_cat","embeddable":true,"href":"https:\/\/duckdeco.lt\/lt\/wp-json\/wp\/v2\/product_cat?post=12284"},{"taxonomy":"product_tag","embeddable":true,"href":"https:\/\/duckdeco.lt\/lt\/wp-json\/wp\/v2\/product_tag?post=12284"}],"curies":[{"name":"wp","href":"https:\/\/api.w.org\/{rel}","templated":true}]}}