{"id":12329,"date":"2024-04-16T17:58:27","date_gmt":"2024-04-16T17:58:27","guid":{"rendered":"https:\/\/duckdeco.com\/?post_type=product&#038;p=12329"},"modified":"2025-12-30T15:06:59","modified_gmt":"2025-12-30T13:06:59","slug":"zvake-taskuota-vaivorykste","status":"publish","type":"product","link":"https:\/\/duckdeco.lt\/lt\/product\/zvake-taskuota-vaivorykste\/","title":{"rendered":"\u017dvak\u0117 &#8222;Ta\u0161kuota vaivoryk\u0161t\u0117&#8221;"},"content":{"rendered":"<ul>\n<li>\u017dvak\u0117 &#8222;Ta\u0161kuota vaivoryk\u0161t\u0117&#8221;<\/li>\n<li>Kas nem\u0117gsta vaivoryk\u0161t\u0117s!<\/li>\n<li>\u0160ios vaivoryk\u0161t\u0117s \u017evak\u0117s turi dvi dagtis ir yra 7 cm ilgio ir 4 cm auk\u0161\u010dio.<\/li>\n<li>Papuo\u0161ite vaik\u0173 gimtadienio stal\u0105, ar pavasari\u0161k\u0173 spalv\u0173 Velyk\u0173 stal\u0105.<\/li>\n<li>Gra\u017eios formos \u017evak\u0117s.<\/li>\n<li>Spalva &#8211; balta su \u012fvairi\u0173 spalv\u0173 purslais.<\/li>\n<li>\n<table style=\"height: 24px;\" width=\"565\">\n<tbody>\n<tr>\n<td width=\"91\">I\u0161matavimai:<\/p>\n<p>Plotis 13 cm \/ Auk\u0161tis 7 cm<\/td>\n<\/tr>\n<\/tbody>\n<\/table>\n<\/li>\n<\/ul>\n","protected":false},"excerpt":{"rendered":"<p>\u017dvak\u0117 &#8222;Ta\u0161kuota vaivoryk\u0161t\u0117&#8221; Kas nem\u0117gsta vaivoryk\u0161t\u0117s! \u0160ios vaivoryk\u0161t\u0117s \u017evak\u0117s turi dvi dagtis ir yra 7 cm ilgio ir 4 cm auk\u0161\u010dio. Papuo\u0161ite vaik\u0173 gimtadienio stal\u0105, ar pavasari\u0161k\u0173 spalv\u0173 Velyk\u0173 stal\u0105. Gra\u017eios formos \u017evak\u0117s. Spalva &#8211; balta su \u012fvairi\u0173 spalv\u0173 purslais. I\u0161matavimai: Plotis 13 cm \/ Auk\u0161tis 7 cm<\/p>\n","protected":false},"featured_media":12332,"template":"","meta":{"_monsterinsights_skip_tracking":false,"_monsterinsights_sitenote_active":false,"_monsterinsights_sitenote_note":"","_monsterinsights_sitenote_category":0},"product_brand":[],"product_cat":[106,144],"product_tag":[136,135],"class_list":{"0":"post-12329","1":"product","2":"type-product","3":"status-publish","4":"has-post-thumbnail","6":"product_cat-dekoras-sventems","7":"product_cat-zvakes","8":"product_tag-sventems","9":"product_tag-vaikams","11":"first","12":"outofstock","13":"taxable","14":"shipping-taxable","15":"purchasable","16":"product-type-simple"},"_links":{"self":[{"href":"https:\/\/duckdeco.lt\/lt\/wp-json\/wp\/v2\/product\/12329","targetHints":{"allow":["GET"]}}],"collection":[{"href":"https:\/\/duckdeco.lt\/lt\/wp-json\/wp\/v2\/product"}],"about":[{"href":"https:\/\/duckdeco.lt\/lt\/wp-json\/wp\/v2\/types\/product"}],"version-history":[{"count":4,"href":"https:\/\/duckdeco.lt\/lt\/wp-json\/wp\/v2\/product\/12329\/revisions"}],"predecessor-version":[{"id":14757,"href":"https:\/\/duckdeco.lt\/lt\/wp-json\/wp\/v2\/product\/12329\/revisions\/14757"}],"wp:featuredmedia":[{"embeddable":true,"href":"https:\/\/duckdeco.lt\/lt\/wp-json\/wp\/v2\/media\/12332"}],"wp:attachment":[{"href":"https:\/\/duckdeco.lt\/lt\/wp-json\/wp\/v2\/media?parent=12329"}],"wp:term":[{"taxonomy":"product_brand","embeddable":true,"href":"https:\/\/duckdeco.lt\/lt\/wp-json\/wp\/v2\/product_brand?post=12329"},{"taxonomy":"product_cat","embeddable":true,"href":"https:\/\/duckdeco.lt\/lt\/wp-json\/wp\/v2\/product_cat?post=12329"},{"taxonomy":"product_tag","embeddable":true,"href":"https:\/\/duckdeco.lt\/lt\/wp-json\/wp\/v2\/product_tag?post=12329"}],"curies":[{"name":"wp","href":"https:\/\/api.w.org\/{rel}","templated":true}]}}