{"id":12337,"date":"2024-04-16T18:18:33","date_gmt":"2024-04-16T18:18:33","guid":{"rendered":"https:\/\/duckdeco.com\/?post_type=product&#038;p=12337"},"modified":"2024-12-04T12:13:39","modified_gmt":"2024-12-04T10:13:39","slug":"paveikslas-dekoracija-pasaulio-vynuogiu-rusys","status":"publish","type":"product","link":"https:\/\/duckdeco.lt\/lt\/product\/paveikslas-dekoracija-pasaulio-vynuogiu-rusys\/","title":{"rendered":"Paveikslas \/ Dekoracija &#8222;Pasaulio vynuogi\u0173 r\u016b\u0161ys&#8221;"},"content":{"rendered":"<ul>\n<li>Paveikslas, kuris papuo\u0161 j\u016bs\u0173 bar\u0105, vynin\u0119 ar laisvalaikio erdv\u0119, suteiks jaukumo ir sukurs pokalbiams prie vyno taur\u0117s nuteikian\u010di\u0105 atmosfer\u0105.<\/li>\n<li>\n<table style=\"height: 96px;\" width=\"612\">\n<tbody>\n<tr>\n<td width=\"91\">I\u0161matavimai:<\/p>\n<p>Auk\u0161tis 89 cm \/ Plotis 63 cm \/gylis 3<\/td>\n<\/tr>\n<\/tbody>\n<\/table>\n<\/li>\n<\/ul>\n","protected":false},"excerpt":{"rendered":"<p>Paveikslas, kuris papuo\u0161 j\u016bs\u0173 bar\u0105, vynin\u0119 ar laisvalaikio erdv\u0119, suteiks jaukumo ir sukurs pokalbiams prie vyno taur\u0117s nuteikian\u010di\u0105 atmosfer\u0105. I\u0161matavimai: Auk\u0161tis 89 cm \/ Plotis 63 cm \/gylis 3<\/p>\n","protected":false},"featured_media":12338,"template":"","meta":{"_monsterinsights_skip_tracking":false,"_monsterinsights_sitenote_active":false,"_monsterinsights_sitenote_note":"","_monsterinsights_sitenote_category":0},"product_brand":[],"product_cat":[103,95,143],"product_tag":[203,344,205,334],"class_list":{"0":"post-12337","1":"product","2":"type-product","3":"status-publish","4":"has-post-thumbnail","6":"product_cat-dovanu-idejos","7":"product_cat-interjerui","8":"product_cat-paveikslai","9":"product_tag-kavinems","10":"product_tag-paveikslas","11":"product_tag-restoranams","12":"product_tag-sienu-dekoras","14":"first","15":"instock","16":"taxable","17":"shipping-taxable","18":"purchasable","19":"product-type-simple"},"_links":{"self":[{"href":"https:\/\/duckdeco.lt\/lt\/wp-json\/wp\/v2\/product\/12337","targetHints":{"allow":["GET"]}}],"collection":[{"href":"https:\/\/duckdeco.lt\/lt\/wp-json\/wp\/v2\/product"}],"about":[{"href":"https:\/\/duckdeco.lt\/lt\/wp-json\/wp\/v2\/types\/product"}],"version-history":[{"count":5,"href":"https:\/\/duckdeco.lt\/lt\/wp-json\/wp\/v2\/product\/12337\/revisions"}],"predecessor-version":[{"id":14746,"href":"https:\/\/duckdeco.lt\/lt\/wp-json\/wp\/v2\/product\/12337\/revisions\/14746"}],"wp:featuredmedia":[{"embeddable":true,"href":"https:\/\/duckdeco.lt\/lt\/wp-json\/wp\/v2\/media\/12338"}],"wp:attachment":[{"href":"https:\/\/duckdeco.lt\/lt\/wp-json\/wp\/v2\/media?parent=12337"}],"wp:term":[{"taxonomy":"product_brand","embeddable":true,"href":"https:\/\/duckdeco.lt\/lt\/wp-json\/wp\/v2\/product_brand?post=12337"},{"taxonomy":"product_cat","embeddable":true,"href":"https:\/\/duckdeco.lt\/lt\/wp-json\/wp\/v2\/product_cat?post=12337"},{"taxonomy":"product_tag","embeddable":true,"href":"https:\/\/duckdeco.lt\/lt\/wp-json\/wp\/v2\/product_tag?post=12337"}],"curies":[{"name":"wp","href":"https:\/\/api.w.org\/{rel}","templated":true}]}}