{"id":12356,"date":"2024-04-17T05:37:21","date_gmt":"2024-04-17T05:37:21","guid":{"rendered":"https:\/\/duckdeco.com\/?post_type=product&#038;p=12356"},"modified":"2024-12-04T13:02:53","modified_gmt":"2024-12-04T11:02:53","slug":"statula-kiskis","status":"publish","type":"product","link":"https:\/\/duckdeco.lt\/lt\/product\/statula-kiskis\/","title":{"rendered":"Statula \u201eKi\u0161kis\u201c"},"content":{"rendered":"<ul>\n<li><span class=\"HwtZe\" lang=\"lt\"><span class=\"jCAhz ChMk0b\"><span class=\"ryNqvb\">&#8222;Lapin Le Grand Tabletop&#8221; yra gra\u017eus Werner Voss prek\u0117s \u017eenklo dekoratyvinis elementas.<\/span><\/span> <span class=\"jCAhz ChMk0b\"><span class=\"ryNqvb\">Visi \u0161io auk\u0161\u010diausios kokyb\u0117s prek\u0117s \u017eenklo gaminiai yra dekoruoti ir da\u017eyti rankomis.<\/span><\/span><\/span><\/li>\n<li>Ki\u0161kis d\u0117vi puo\u0161n\u0173 frak\u0105 ir unikalaus stiliaus skryb\u0117l\u0119. \u201eLapin le Grand\u201c yra daugiau nei tik tai, kuo puo\u0161iam\u0117s per Velykas, tai meno k\u016brinys, kuris pakelia bet kurios patalpos lyg\u012f nuo \u201emeh\u201c iki \u201ewow\u201c savo \u0161aunia atmosfera ir rafinuotomis detal\u0117mis.<\/li>\n<li>Tai puiki dovana \u017emon\u0117ms, kurie nepasitenkina \u012fprastais dalykais \u2013 ji maksimaliai ekstravaganti\u0161ka.<\/li>\n<li>Detal\u0117s: med\u017eiaga &#8211; polirezinas.<\/li>\n<\/ul>\n<table style=\"height: 52px;\" width=\"430\">\n<tbody>\n<tr>\n<td width=\"91\">I\u0161matavimai: Ilgis 19,5 cm \/ Plotis 16 cm \/ Auk\u0161tis 73 cm.<\/td>\n<\/tr>\n<\/tbody>\n<\/table>\n<p>&nbsp;<\/p>\n<p>&nbsp;<\/p>\n<p><span class=\"HwtZe\" lang=\"lt\">\u00a0<\/span><\/p>\n","protected":false},"excerpt":{"rendered":"<p>&#8222;Lapin Le Grand Tabletop&#8221; yra gra\u017eus Werner Voss prek\u0117s \u017eenklo dekoratyvinis elementas. Visi \u0161io auk\u0161\u010diausios kokyb\u0117s prek\u0117s \u017eenklo gaminiai yra dekoruoti ir da\u017eyti rankomis. Ki\u0161kis d\u0117vi puo\u0161n\u0173 frak\u0105 ir unikalaus stiliaus skryb\u0117l\u0119. \u201eLapin le Grand\u201c yra daugiau nei tik tai, kuo puo\u0161iam\u0117s per Velykas, tai meno k\u016brinys, kuris pakelia bet kurios patalpos lyg\u012f nuo \u201emeh\u201c &hellip; <br \/><a href=\"https:\/\/duckdeco.lt\/lt\/product\/statula-kiskis\/\" class=\"more-link\">Continue reading <span class=\"screen-reader-text\">Statula \u201eKi\u0161kis\u201c<\/span><\/a><\/p>\n","protected":false},"featured_media":12359,"template":"","meta":{"_monsterinsights_skip_tracking":false,"_monsterinsights_sitenote_active":false,"_monsterinsights_sitenote_note":"","_monsterinsights_sitenote_category":0},"product_brand":[],"product_cat":[103,95,130],"product_tag":[324,210,351,258],"class_list":{"0":"post-12356","1":"product","2":"type-product","3":"status-publish","4":"has-post-thumbnail","6":"product_cat-dovanu-idejos","7":"product_cat-interjerui","8":"product_cat-statuleles-deco","9":"product_tag-dovanu-idejos","10":"product_tag-originali-interjero-detale","11":"product_tag-statula-kiskis","12":"product_tag-statulele-is-polirezino","14":"first","15":"instock","16":"taxable","17":"shipping-taxable","18":"purchasable","19":"product-type-simple"},"_links":{"self":[{"href":"https:\/\/duckdeco.lt\/lt\/wp-json\/wp\/v2\/product\/12356","targetHints":{"allow":["GET"]}}],"collection":[{"href":"https:\/\/duckdeco.lt\/lt\/wp-json\/wp\/v2\/product"}],"about":[{"href":"https:\/\/duckdeco.lt\/lt\/wp-json\/wp\/v2\/types\/product"}],"version-history":[{"count":1,"href":"https:\/\/duckdeco.lt\/lt\/wp-json\/wp\/v2\/product\/12356\/revisions"}],"predecessor-version":[{"id":12360,"href":"https:\/\/duckdeco.lt\/lt\/wp-json\/wp\/v2\/product\/12356\/revisions\/12360"}],"wp:featuredmedia":[{"embeddable":true,"href":"https:\/\/duckdeco.lt\/lt\/wp-json\/wp\/v2\/media\/12359"}],"wp:attachment":[{"href":"https:\/\/duckdeco.lt\/lt\/wp-json\/wp\/v2\/media?parent=12356"}],"wp:term":[{"taxonomy":"product_brand","embeddable":true,"href":"https:\/\/duckdeco.lt\/lt\/wp-json\/wp\/v2\/product_brand?post=12356"},{"taxonomy":"product_cat","embeddable":true,"href":"https:\/\/duckdeco.lt\/lt\/wp-json\/wp\/v2\/product_cat?post=12356"},{"taxonomy":"product_tag","embeddable":true,"href":"https:\/\/duckdeco.lt\/lt\/wp-json\/wp\/v2\/product_tag?post=12356"}],"curies":[{"name":"wp","href":"https:\/\/api.w.org\/{rel}","templated":true}]}}