{"id":12382,"date":"2024-04-17T07:30:05","date_gmt":"2024-04-17T07:30:05","guid":{"rendered":"https:\/\/duckdeco.com\/?post_type=product&#038;p=12382"},"modified":"2026-01-12T13:32:45","modified_gmt":"2026-01-12T11:32:45","slug":"duru-atmusejas-vista","status":"publish","type":"product","link":"https:\/\/duckdeco.lt\/lt\/product\/duru-atmusejas-vista\/","title":{"rendered":"Dur\u0173 atmu\u0161\u0117jas \u201eVi\u0161ta\u201c"},"content":{"rendered":"<ul>\n<li>\u017daismingas ir naudingas. Tai originalus dur\u0173 laikiklis, kuris kartu taps ir puikiu nam\u0173 aksesuaru. Skirtingoms durims galite naudoti to paties dizaino bet skirtingus gyv\u016bnus &#8211; vi\u0161ta, \u0161un\u012f, kat\u0119 &#8211; ir taip surinkti vis\u0105 namini\u0173 gyv\u016bn\u0117li\u0173 \u016bk\u012f.<\/li>\n<li>K\u016brybi\u0161kesnis variantas standartiniams prie sien\u0173 ar grind\u0173 tvirtinamiems dur\u0173 stabd\u017eiams. Ir nereikia nieko gr\u0119\u017eti.<\/li>\n<li>Detal\u0117s: med\u017eiaga &#8211; dirbtin\u0117 oda \/ poliesteris.<\/li>\n<\/ul>\n<table width=\"405\">\n<tbody>\n<tr>\n<td width=\"91\">I\u0161matavimai: Ilgis 21 cm \/ Plotis 24 cm \/ Auk\u0161tis 30 cm.<\/td>\n<\/tr>\n<\/tbody>\n<\/table>\n","protected":false},"excerpt":{"rendered":"<p>\u017daismingas ir naudingas. Tai originalus dur\u0173 laikiklis, kuris kartu taps ir puikiu nam\u0173 aksesuaru. Skirtingoms durims galite naudoti to paties dizaino bet skirtingus gyv\u016bnus &#8211; vi\u0161ta, \u0161un\u012f, kat\u0119 &#8211; ir taip surinkti vis\u0105 namini\u0173 gyv\u016bn\u0117li\u0173 \u016bk\u012f. K\u016brybi\u0161kesnis variantas standartiniams prie sien\u0173 ar grind\u0173 tvirtinamiems dur\u0173 stabd\u017eiams. Ir nereikia nieko gr\u0119\u017eti. Detal\u0117s: med\u017eiaga &#8211; dirbtin\u0117 oda &hellip; <br \/><a href=\"https:\/\/duckdeco.lt\/lt\/product\/duru-atmusejas-vista\/\" class=\"more-link\">Continue reading <span class=\"screen-reader-text\">Dur\u0173 atmu\u0161\u0117jas \u201eVi\u0161ta\u201c<\/span><\/a><\/p>\n","protected":false},"featured_media":12383,"template":"","meta":{"_monsterinsights_skip_tracking":false,"_monsterinsights_sitenote_active":false,"_monsterinsights_sitenote_note":"","_monsterinsights_sitenote_category":0},"product_brand":[],"product_cat":[138,95],"product_tag":[307,304,308,306],"class_list":{"0":"post-12382","1":"product","2":"type-product","3":"status-publish","4":"has-post-thumbnail","6":"product_cat-duru-atmusejai","7":"product_cat-interjerui","8":"product_tag-dirbtine-oda","9":"product_tag-duru-atmusejas","10":"product_tag-gyvunu-motyvai","11":"product_tag-zaismingas-namu-aksesuaras","13":"first","14":"outofstock","15":"taxable","16":"shipping-taxable","17":"purchasable","18":"product-type-simple"},"_links":{"self":[{"href":"https:\/\/duckdeco.lt\/lt\/wp-json\/wp\/v2\/product\/12382","targetHints":{"allow":["GET"]}}],"collection":[{"href":"https:\/\/duckdeco.lt\/lt\/wp-json\/wp\/v2\/product"}],"about":[{"href":"https:\/\/duckdeco.lt\/lt\/wp-json\/wp\/v2\/types\/product"}],"version-history":[{"count":1,"href":"https:\/\/duckdeco.lt\/lt\/wp-json\/wp\/v2\/product\/12382\/revisions"}],"predecessor-version":[{"id":12389,"href":"https:\/\/duckdeco.lt\/lt\/wp-json\/wp\/v2\/product\/12382\/revisions\/12389"}],"wp:featuredmedia":[{"embeddable":true,"href":"https:\/\/duckdeco.lt\/lt\/wp-json\/wp\/v2\/media\/12383"}],"wp:attachment":[{"href":"https:\/\/duckdeco.lt\/lt\/wp-json\/wp\/v2\/media?parent=12382"}],"wp:term":[{"taxonomy":"product_brand","embeddable":true,"href":"https:\/\/duckdeco.lt\/lt\/wp-json\/wp\/v2\/product_brand?post=12382"},{"taxonomy":"product_cat","embeddable":true,"href":"https:\/\/duckdeco.lt\/lt\/wp-json\/wp\/v2\/product_cat?post=12382"},{"taxonomy":"product_tag","embeddable":true,"href":"https:\/\/duckdeco.lt\/lt\/wp-json\/wp\/v2\/product_tag?post=12382"}],"curies":[{"name":"wp","href":"https:\/\/api.w.org\/{rel}","templated":true}]}}