{"id":12461,"date":"2024-04-17T13:41:21","date_gmt":"2024-04-17T13:41:21","guid":{"rendered":"https:\/\/duckdeco.com\/?post_type=product&#038;p=12461"},"modified":"2025-12-30T13:41:25","modified_gmt":"2025-12-30T11:41:25","slug":"burbuline-zvakide","status":"publish","type":"product","link":"https:\/\/duckdeco.lt\/lt\/product\/burbuline-zvakide\/","title":{"rendered":"Burbulin\u0117 \u017evakid\u0117"},"content":{"rendered":"<ul>\n<li>Moderni burbulin\u0117 \u017evakid\u0117.<\/li>\n<li>Detal\u0117s: med\u017eiaga &#8211; stiklas.<\/li>\n<li>Spalva &#8211; d\u016bmo.<br \/>\n<table width=\"405\">\n<tbody>\n<tr>\n<td width=\"91\">I\u0161matavimai: Plotis 8 cm \/ Auk\u0161tis 18 cm.<\/td>\n<\/tr>\n<\/tbody>\n<\/table>\n<p>&nbsp;<\/li>\n<\/ul>\n","protected":false},"excerpt":{"rendered":"<p>Moderni burbulin\u0117 \u017evakid\u0117. Detal\u0117s: med\u017eiaga &#8211; stiklas. Spalva &#8211; d\u016bmo. I\u0161matavimai: Plotis 8 cm \/ Auk\u0161tis 18 cm. &nbsp;<\/p>\n","protected":false},"featured_media":12462,"template":"","meta":{"_monsterinsights_skip_tracking":false,"_monsterinsights_sitenote_active":false,"_monsterinsights_sitenote_note":"","_monsterinsights_sitenote_category":0},"product_brand":[],"product_cat":[106,107],"product_tag":[],"class_list":{"0":"post-12461","1":"product","2":"type-product","3":"status-publish","4":"has-post-thumbnail","6":"product_cat-dekoras-sventems","7":"product_cat-stilingos-zvakides-zvakes","9":"first","10":"outofstock","11":"taxable","12":"shipping-taxable","13":"purchasable","14":"product-type-simple"},"_links":{"self":[{"href":"https:\/\/duckdeco.lt\/lt\/wp-json\/wp\/v2\/product\/12461","targetHints":{"allow":["GET"]}}],"collection":[{"href":"https:\/\/duckdeco.lt\/lt\/wp-json\/wp\/v2\/product"}],"about":[{"href":"https:\/\/duckdeco.lt\/lt\/wp-json\/wp\/v2\/types\/product"}],"version-history":[{"count":2,"href":"https:\/\/duckdeco.lt\/lt\/wp-json\/wp\/v2\/product\/12461\/revisions"}],"predecessor-version":[{"id":15572,"href":"https:\/\/duckdeco.lt\/lt\/wp-json\/wp\/v2\/product\/12461\/revisions\/15572"}],"wp:featuredmedia":[{"embeddable":true,"href":"https:\/\/duckdeco.lt\/lt\/wp-json\/wp\/v2\/media\/12462"}],"wp:attachment":[{"href":"https:\/\/duckdeco.lt\/lt\/wp-json\/wp\/v2\/media?parent=12461"}],"wp:term":[{"taxonomy":"product_brand","embeddable":true,"href":"https:\/\/duckdeco.lt\/lt\/wp-json\/wp\/v2\/product_brand?post=12461"},{"taxonomy":"product_cat","embeddable":true,"href":"https:\/\/duckdeco.lt\/lt\/wp-json\/wp\/v2\/product_cat?post=12461"},{"taxonomy":"product_tag","embeddable":true,"href":"https:\/\/duckdeco.lt\/lt\/wp-json\/wp\/v2\/product_tag?post=12461"}],"curies":[{"name":"wp","href":"https:\/\/api.w.org\/{rel}","templated":true}]}}