{"id":12495,"date":"2024-04-18T09:13:55","date_gmt":"2024-04-18T09:13:55","guid":{"rendered":"https:\/\/duckdeco.com\/?post_type=product&#038;p=12495"},"modified":"2024-12-02T11:40:37","modified_gmt":"2024-12-02T09:40:37","slug":"augalu-zymeklis","status":"publish","type":"product","link":"https:\/\/duckdeco.lt\/lt\/product\/augalu-zymeklis\/","title":{"rendered":"Augal\u0173 \u017eymeklis"},"content":{"rendered":"<ul>\n<li>Pagamintas i\u0161 skal\u016bno ir metalo, lengvai priklijuojamas. Patvarus med\u017eiag\u0173 pasirinkimas u\u017etikrina, kad \u0161is \u012frankis tarnaus ilgai.<\/li>\n<li>Ant ki\u0161tuk\u0173 galima u\u017era\u0161yti vandeniui atspariu ra\u0161ikliu arba \u017eymekliu. Ilgas metalinis kai\u0161tis u\u017etikrina, kad etiket\u0117s b\u016bt\u0173 ai\u0161kiai matomos vir\u0161 augal\u0173.<br \/>\n<table width=\"405\">\n<tbody>\n<tr>\n<td width=\"91\">I\u0161matavimai: Ilgis 8 cm \/ Plotis 3,3 cm \/ Auk\u0161tis 36,5 cm.<\/td>\n<\/tr>\n<\/tbody>\n<\/table>\n<p>&nbsp;<\/li>\n<\/ul>\n","protected":false},"excerpt":{"rendered":"<p>Pagamintas i\u0161 skal\u016bno ir metalo, lengvai priklijuojamas. Patvarus med\u017eiag\u0173 pasirinkimas u\u017etikrina, kad \u0161is \u012frankis tarnaus ilgai. Ant ki\u0161tuk\u0173 galima u\u017era\u0161yti vandeniui atspariu ra\u0161ikliu arba \u017eymekliu. Ilgas metalinis kai\u0161tis u\u017etikrina, kad etiket\u0117s b\u016bt\u0173 ai\u0161kiai matomos vir\u0161 augal\u0173. I\u0161matavimai: Ilgis 8 cm \/ Plotis 3,3 cm \/ Auk\u0161tis 36,5 cm. &nbsp;<\/p>\n","protected":false},"featured_media":12504,"template":"","meta":{"_monsterinsights_skip_tracking":false,"_monsterinsights_sitenote_active":false,"_monsterinsights_sitenote_note":"","_monsterinsights_sitenote_category":0},"product_brand":[],"product_cat":[53],"product_tag":[125,126,136,123,135,127,124],"class_list":{"0":"post-12495","1":"product","2":"type-product","3":"status-publish","4":"has-post-thumbnail","6":"product_cat-sub-category","7":"product_tag-kavinei","8":"product_tag-ofisui","9":"product_tag-sventems","10":"product_tag-terasai","11":"product_tag-vaikams","12":"product_tag-valgomajam","13":"product_tag-viesbuciui","15":"first","16":"instock","17":"taxable","18":"shipping-taxable","19":"purchasable","20":"product-type-simple"},"_links":{"self":[{"href":"https:\/\/duckdeco.lt\/lt\/wp-json\/wp\/v2\/product\/12495","targetHints":{"allow":["GET"]}}],"collection":[{"href":"https:\/\/duckdeco.lt\/lt\/wp-json\/wp\/v2\/product"}],"about":[{"href":"https:\/\/duckdeco.lt\/lt\/wp-json\/wp\/v2\/types\/product"}],"version-history":[{"count":1,"href":"https:\/\/duckdeco.lt\/lt\/wp-json\/wp\/v2\/product\/12495\/revisions"}],"predecessor-version":[{"id":12502,"href":"https:\/\/duckdeco.lt\/lt\/wp-json\/wp\/v2\/product\/12495\/revisions\/12502"}],"wp:featuredmedia":[{"embeddable":true,"href":"https:\/\/duckdeco.lt\/lt\/wp-json\/wp\/v2\/media\/12504"}],"wp:attachment":[{"href":"https:\/\/duckdeco.lt\/lt\/wp-json\/wp\/v2\/media?parent=12495"}],"wp:term":[{"taxonomy":"product_brand","embeddable":true,"href":"https:\/\/duckdeco.lt\/lt\/wp-json\/wp\/v2\/product_brand?post=12495"},{"taxonomy":"product_cat","embeddable":true,"href":"https:\/\/duckdeco.lt\/lt\/wp-json\/wp\/v2\/product_cat?post=12495"},{"taxonomy":"product_tag","embeddable":true,"href":"https:\/\/duckdeco.lt\/lt\/wp-json\/wp\/v2\/product_tag?post=12495"}],"curies":[{"name":"wp","href":"https:\/\/api.w.org\/{rel}","templated":true}]}}