{"id":12514,"date":"2024-04-18T11:04:55","date_gmt":"2024-04-18T11:04:55","guid":{"rendered":"https:\/\/duckdeco.com\/?post_type=product&#038;p=12514"},"modified":"2024-05-06T15:43:39","modified_gmt":"2024-05-06T12:43:39","slug":"serviravimo-lenta","status":"publish","type":"product","link":"https:\/\/duckdeco.lt\/lt\/product\/serviravimo-lenta\/","title":{"rendered":"Serviravimo lenta"},"content":{"rendered":"<ul>\n<li>Tai n\u0117ra tik klasikin\u0117 pjaustymo lenta, ji puikiai tarnaus kaip u\u017ekand\u017ei\u0173 serviravimo pad\u0117klas.<\/li>\n<li>Detal\u0117s: med\u017eiaga &#8211; bambukas.<\/li>\n<li>Spalva &#8211; nat\u016bralaus med\u017eio.<\/li>\n<li>Rekomenduojama reguliariai pamirkykite j\u0105 alyvuogi\u0173 aliejuje, kad lenta i\u0161likt\u0173 puikios b\u016bkl\u0117s.<br \/>\n<table style=\"height: 57px;\" width=\"415\">\n<tbody>\n<tr>\n<td width=\"91\">I\u0161matavimai: Ilgis 115 cm \/ Plotis 12,5 cm \/ Auk\u0161tis 2 cm.<\/td>\n<\/tr>\n<\/tbody>\n<\/table>\n<p>&nbsp;<\/li>\n<\/ul>\n<p>&nbsp;<\/p>\n","protected":false},"excerpt":{"rendered":"<p>Tai n\u0117ra tik klasikin\u0117 pjaustymo lenta, ji puikiai tarnaus kaip u\u017ekand\u017ei\u0173 serviravimo pad\u0117klas. Detal\u0117s: med\u017eiaga &#8211; bambukas. Spalva &#8211; nat\u016bralaus med\u017eio. Rekomenduojama reguliariai pamirkykite j\u0105 alyvuogi\u0173 aliejuje, kad lenta i\u0161likt\u0173 puikios b\u016bkl\u0117s. I\u0161matavimai: Ilgis 115 cm \/ Plotis 12,5 cm \/ Auk\u0161tis 2 cm. &nbsp; &nbsp;<\/p>\n","protected":false},"featured_media":12515,"template":"","meta":{"_monsterinsights_skip_tracking":false,"_monsterinsights_sitenote_active":false,"_monsterinsights_sitenote_note":"","_monsterinsights_sitenote_category":0},"product_brand":[],"product_cat":[109],"product_tag":[],"class_list":{"0":"post-12514","1":"product","2":"type-product","3":"status-publish","4":"has-post-thumbnail","6":"product_cat-serviravimo-indai","8":"first","9":"instock","10":"taxable","11":"shipping-taxable","12":"purchasable","13":"product-type-simple"},"_links":{"self":[{"href":"https:\/\/duckdeco.lt\/lt\/wp-json\/wp\/v2\/product\/12514","targetHints":{"allow":["GET"]}}],"collection":[{"href":"https:\/\/duckdeco.lt\/lt\/wp-json\/wp\/v2\/product"}],"about":[{"href":"https:\/\/duckdeco.lt\/lt\/wp-json\/wp\/v2\/types\/product"}],"version-history":[{"count":1,"href":"https:\/\/duckdeco.lt\/lt\/wp-json\/wp\/v2\/product\/12514\/revisions"}],"predecessor-version":[{"id":12517,"href":"https:\/\/duckdeco.lt\/lt\/wp-json\/wp\/v2\/product\/12514\/revisions\/12517"}],"wp:featuredmedia":[{"embeddable":true,"href":"https:\/\/duckdeco.lt\/lt\/wp-json\/wp\/v2\/media\/12515"}],"wp:attachment":[{"href":"https:\/\/duckdeco.lt\/lt\/wp-json\/wp\/v2\/media?parent=12514"}],"wp:term":[{"taxonomy":"product_brand","embeddable":true,"href":"https:\/\/duckdeco.lt\/lt\/wp-json\/wp\/v2\/product_brand?post=12514"},{"taxonomy":"product_cat","embeddable":true,"href":"https:\/\/duckdeco.lt\/lt\/wp-json\/wp\/v2\/product_cat?post=12514"},{"taxonomy":"product_tag","embeddable":true,"href":"https:\/\/duckdeco.lt\/lt\/wp-json\/wp\/v2\/product_tag?post=12514"}],"curies":[{"name":"wp","href":"https:\/\/api.w.org\/{rel}","templated":true}]}}