{"id":12537,"date":"2024-04-18T12:53:56","date_gmt":"2024-04-18T12:53:56","guid":{"rendered":"https:\/\/duckdeco.com\/?post_type=product&#038;p=12537"},"modified":"2024-12-09T12:55:32","modified_gmt":"2024-12-09T10:55:32","slug":"antklode-sapnas","status":"publish","type":"product","link":"https:\/\/duckdeco.lt\/lt\/product\/antklode-sapnas\/","title":{"rendered":"Antklod\u0117 \u201eSapnas\u201c"},"content":{"rendered":"<ul>\n<li>Nuostabiai <span class=\"HwtZe\" lang=\"lt\"><span class=\"jCAhz ChMk0b\"><span class=\"ryNqvb\">mink\u0161ta<\/span><\/span><\/span> antklod\u0117 ne tik su\u0161ildys, bet ir suteiks jaukumo namams.Tai taip pat gali b\u016bti miela dovana J\u016bs\u0173 vaikams, draugams ir kt.<\/li>\n<li>Detal\u0117s: med\u017eiaga &#8211; 100% medviln\u0117.<\/li>\n<li>Spalva &#8211; balta.<br \/>\n<table width=\"405\">\n<tbody>\n<tr>\n<td width=\"91\">I\u0161matavimai: Ilgis 130 cm \/ Plotis 130 cm<\/td>\n<\/tr>\n<\/tbody>\n<\/table>\n<p>&nbsp;<\/li>\n<\/ul>\n<p><span class=\"HwtZe\" lang=\"lt\">\u00a0<\/span><\/p>\n<p><span class=\"HwtZe\" lang=\"lt\">\u00a0<\/span><\/p>\n","protected":false},"excerpt":{"rendered":"<p>Nuostabiai mink\u0161ta antklod\u0117 ne tik su\u0161ildys, bet ir suteiks jaukumo namams.Tai taip pat gali b\u016bti miela dovana J\u016bs\u0173 vaikams, draugams ir kt. Detal\u0117s: med\u017eiaga &#8211; 100% medviln\u0117. Spalva &#8211; balta. I\u0161matavimai: Ilgis 130 cm \/ Plotis 130 cm &nbsp; \u00a0 \u00a0<\/p>\n","protected":false},"featured_media":12540,"template":"","meta":{"_monsterinsights_skip_tracking":false,"_monsterinsights_sitenote_active":false,"_monsterinsights_sitenote_note":"","_monsterinsights_sitenote_category":0},"product_brand":[],"product_cat":[103,95,104],"product_tag":[397,398,128,132],"class_list":{"0":"post-12537","1":"product","2":"type-product","3":"status-publish","4":"has-post-thumbnail","6":"product_cat-dovanu-idejos","7":"product_cat-interjerui","8":"product_cat-vaikams","9":"product_tag-antklode-is-medvilnes","10":"product_tag-miegamajam","11":"product_tag-svetainei","12":"product_tag-vaiku-kambariui","14":"first","15":"instock","16":"taxable","17":"shipping-taxable","18":"purchasable","19":"product-type-simple"},"_links":{"self":[{"href":"https:\/\/duckdeco.lt\/lt\/wp-json\/wp\/v2\/product\/12537","targetHints":{"allow":["GET"]}}],"collection":[{"href":"https:\/\/duckdeco.lt\/lt\/wp-json\/wp\/v2\/product"}],"about":[{"href":"https:\/\/duckdeco.lt\/lt\/wp-json\/wp\/v2\/types\/product"}],"version-history":[{"count":1,"href":"https:\/\/duckdeco.lt\/lt\/wp-json\/wp\/v2\/product\/12537\/revisions"}],"predecessor-version":[{"id":12539,"href":"https:\/\/duckdeco.lt\/lt\/wp-json\/wp\/v2\/product\/12537\/revisions\/12539"}],"wp:featuredmedia":[{"embeddable":true,"href":"https:\/\/duckdeco.lt\/lt\/wp-json\/wp\/v2\/media\/12540"}],"wp:attachment":[{"href":"https:\/\/duckdeco.lt\/lt\/wp-json\/wp\/v2\/media?parent=12537"}],"wp:term":[{"taxonomy":"product_brand","embeddable":true,"href":"https:\/\/duckdeco.lt\/lt\/wp-json\/wp\/v2\/product_brand?post=12537"},{"taxonomy":"product_cat","embeddable":true,"href":"https:\/\/duckdeco.lt\/lt\/wp-json\/wp\/v2\/product_cat?post=12537"},{"taxonomy":"product_tag","embeddable":true,"href":"https:\/\/duckdeco.lt\/lt\/wp-json\/wp\/v2\/product_tag?post=12537"}],"curies":[{"name":"wp","href":"https:\/\/api.w.org\/{rel}","templated":true}]}}