{"id":12590,"date":"2024-04-24T13:25:57","date_gmt":"2024-04-24T13:25:57","guid":{"rendered":"https:\/\/duckdeco.com\/?post_type=product&#038;p=12590"},"modified":"2026-01-12T13:30:52","modified_gmt":"2026-01-12T11:30:52","slug":"12590","status":"publish","type":"product","link":"https:\/\/duckdeco.lt\/lt\/product\/12590\/","title":{"rendered":"K\u0117dut\u0117\u201eElnias\u201c"},"content":{"rendered":"<ul>\n<li>\u017daisminga, i\u0161skirtin\u0117, patogi.<\/li>\n<li>Vaiki\u0161ka k\u0117dut\u0117 sukurta taip, kad ma\u017eos p\u0117dut\u0117s siekt\u0173 \u017eem\u0119, o nugara i\u0161likt\u0173 tiesi, kad b\u016bt\u0173 u\u017etikrinta tobula laikysena ir pusiausvyra.<\/li>\n<li>Mink\u0161tu dirbtiniu kailiu aptraukta s\u0117dyn\u0117, pu\u0161in\u0117s kojel\u0117s, medienos plau\u0161\u0173 plok\u0161t\u0117, poliuretano put\u0173 pamu\u0161alas.<\/li>\n<\/ul>\n<table style=\"height: 73px;\" width=\"556\">\n<tbody>\n<tr>\n<td width=\"91\">I\u0161matavimai: Ilgis 27cm \/ Plotis 27 cm \/ Auk\u0161tis 38 cm. Svoris: 5,5 kg.<\/td>\n<\/tr>\n<\/tbody>\n<\/table>\n","protected":false},"excerpt":{"rendered":"<p>\u017daisminga, i\u0161skirtin\u0117, patogi. Vaiki\u0161ka k\u0117dut\u0117 sukurta taip, kad ma\u017eos p\u0117dut\u0117s siekt\u0173 \u017eem\u0119, o nugara i\u0161likt\u0173 tiesi, kad b\u016bt\u0173 u\u017etikrinta tobula laikysena ir pusiausvyra. Mink\u0161tu dirbtiniu kailiu aptraukta s\u0117dyn\u0117, pu\u0161in\u0117s kojel\u0117s, medienos plau\u0161\u0173 plok\u0161t\u0117, poliuretano put\u0173 pamu\u0161alas. I\u0161matavimai: Ilgis 27cm \/ Plotis 27 cm \/ Auk\u0161tis 38 cm. Svoris: 5,5 kg.<\/p>\n","protected":false},"featured_media":12591,"template":"","meta":{"_monsterinsights_skip_tracking":false,"_monsterinsights_sitenote_active":false,"_monsterinsights_sitenote_note":"","_monsterinsights_sitenote_category":0},"product_brand":[],"product_cat":[103,104],"product_tag":[369,396,394],"class_list":{"0":"post-12590","1":"product","2":"type-product","3":"status-publish","4":"has-post-thumbnail","6":"product_cat-dovanu-idejos","7":"product_cat-vaikams","8":"product_tag-dovanos-vaikams","9":"product_tag-kedute-elnias","10":"product_tag-vaiku-kambario-baldai","12":"first","13":"outofstock","14":"taxable","15":"shipping-taxable","16":"purchasable","17":"product-type-simple"},"_links":{"self":[{"href":"https:\/\/duckdeco.lt\/lt\/wp-json\/wp\/v2\/product\/12590","targetHints":{"allow":["GET"]}}],"collection":[{"href":"https:\/\/duckdeco.lt\/lt\/wp-json\/wp\/v2\/product"}],"about":[{"href":"https:\/\/duckdeco.lt\/lt\/wp-json\/wp\/v2\/types\/product"}],"version-history":[{"count":4,"href":"https:\/\/duckdeco.lt\/lt\/wp-json\/wp\/v2\/product\/12590\/revisions"}],"predecessor-version":[{"id":14887,"href":"https:\/\/duckdeco.lt\/lt\/wp-json\/wp\/v2\/product\/12590\/revisions\/14887"}],"wp:featuredmedia":[{"embeddable":true,"href":"https:\/\/duckdeco.lt\/lt\/wp-json\/wp\/v2\/media\/12591"}],"wp:attachment":[{"href":"https:\/\/duckdeco.lt\/lt\/wp-json\/wp\/v2\/media?parent=12590"}],"wp:term":[{"taxonomy":"product_brand","embeddable":true,"href":"https:\/\/duckdeco.lt\/lt\/wp-json\/wp\/v2\/product_brand?post=12590"},{"taxonomy":"product_cat","embeddable":true,"href":"https:\/\/duckdeco.lt\/lt\/wp-json\/wp\/v2\/product_cat?post=12590"},{"taxonomy":"product_tag","embeddable":true,"href":"https:\/\/duckdeco.lt\/lt\/wp-json\/wp\/v2\/product_tag?post=12590"}],"curies":[{"name":"wp","href":"https:\/\/api.w.org\/{rel}","templated":true}]}}