{"id":12618,"date":"2024-04-25T05:57:00","date_gmt":"2024-04-25T05:57:00","guid":{"rendered":"https:\/\/duckdeco.com\/?post_type=product&#038;p=12618"},"modified":"2024-12-04T12:10:48","modified_gmt":"2024-12-04T10:10:48","slug":"paveikslas-pelikanas","status":"publish","type":"product","link":"https:\/\/duckdeco.lt\/lt\/product\/paveikslas-pelikanas\/","title":{"rendered":"Paveikslas \u201ePelikanas\u201c"},"content":{"rendered":"<ul>\n<li>Vintage John James Audubon (Amerikos pauk\u0161\u010di\u0173 menas &#8211; 1827 m. )<\/li>\n<li>Retro baltos spalvos pelikano spaudinys &#8211;\u00a0 dovana tinkanti tiek vyrams, tiek moterims bei gyv\u016bn\u0173 myl\u0117tojams.<\/li>\n<li>Tai gali b\u016bti svetain\u0117s dekoras, bei elementas papildantis, i\u0161skiriantis kiekvien\u0105 erdv\u0119 ir traukiantis d\u0117mes\u012f.<\/li>\n<\/ul>\n<table width=\"405\">\n<tbody>\n<tr>\n<td width=\"91\">I\u0161matavimai: Ilgis 86 cm \/ Plotis 66 cm.<\/td>\n<\/tr>\n<\/tbody>\n<\/table>\n","protected":false},"excerpt":{"rendered":"<p>Vintage John James Audubon (Amerikos pauk\u0161\u010di\u0173 menas &#8211; 1827 m. ) Retro baltos spalvos pelikano spaudinys &#8211;\u00a0 dovana tinkanti tiek vyrams, tiek moterims bei gyv\u016bn\u0173 myl\u0117tojams. Tai gali b\u016bti svetain\u0117s dekoras, bei elementas papildantis, i\u0161skiriantis kiekvien\u0105 erdv\u0119 ir traukiantis d\u0117mes\u012f. I\u0161matavimai: Ilgis 86 cm \/ Plotis 66 cm.<\/p>\n","protected":false},"featured_media":12619,"template":"","meta":{"_monsterinsights_skip_tracking":false,"_monsterinsights_sitenote_active":false,"_monsterinsights_sitenote_note":"","_monsterinsights_sitenote_category":0},"product_brand":[],"product_cat":[103,95,143],"product_tag":[343,334],"class_list":{"0":"post-12618","1":"product","2":"type-product","3":"status-publish","4":"has-post-thumbnail","6":"product_cat-dovanu-idejos","7":"product_cat-interjerui","8":"product_cat-paveikslai","9":"product_tag-paveikslas-pelikanas","10":"product_tag-sienu-dekoras","12":"first","13":"instock","14":"taxable","15":"shipping-taxable","16":"purchasable","17":"product-type-simple"},"_links":{"self":[{"href":"https:\/\/duckdeco.lt\/lt\/wp-json\/wp\/v2\/product\/12618","targetHints":{"allow":["GET"]}}],"collection":[{"href":"https:\/\/duckdeco.lt\/lt\/wp-json\/wp\/v2\/product"}],"about":[{"href":"https:\/\/duckdeco.lt\/lt\/wp-json\/wp\/v2\/types\/product"}],"version-history":[{"count":1,"href":"https:\/\/duckdeco.lt\/lt\/wp-json\/wp\/v2\/product\/12618\/revisions"}],"predecessor-version":[{"id":12625,"href":"https:\/\/duckdeco.lt\/lt\/wp-json\/wp\/v2\/product\/12618\/revisions\/12625"}],"wp:featuredmedia":[{"embeddable":true,"href":"https:\/\/duckdeco.lt\/lt\/wp-json\/wp\/v2\/media\/12619"}],"wp:attachment":[{"href":"https:\/\/duckdeco.lt\/lt\/wp-json\/wp\/v2\/media?parent=12618"}],"wp:term":[{"taxonomy":"product_brand","embeddable":true,"href":"https:\/\/duckdeco.lt\/lt\/wp-json\/wp\/v2\/product_brand?post=12618"},{"taxonomy":"product_cat","embeddable":true,"href":"https:\/\/duckdeco.lt\/lt\/wp-json\/wp\/v2\/product_cat?post=12618"},{"taxonomy":"product_tag","embeddable":true,"href":"https:\/\/duckdeco.lt\/lt\/wp-json\/wp\/v2\/product_tag?post=12618"}],"curies":[{"name":"wp","href":"https:\/\/api.w.org\/{rel}","templated":true}]}}