{"id":12626,"date":"2024-04-25T07:06:52","date_gmt":"2024-04-25T07:06:52","guid":{"rendered":"https:\/\/duckdeco.com\/?post_type=product&#038;p=12626"},"modified":"2026-02-27T11:11:16","modified_gmt":"2026-02-27T09:11:16","slug":"dot-kojines","status":"publish","type":"product","link":"https:\/\/duckdeco.lt\/lt\/product\/dot-kojines\/","title":{"rendered":"Kojin\u0117s su \u0161erpa pamu\u0161alu"},"content":{"rendered":"<ul>\n<li>Nam\u0173 kojin\u0117s DOT &#8211;\u00a0 yra auk\u0161tos kokyb\u0117s, su \u0161erpa pamu\u0161alu, itin mink\u0161tos ir turi neslystant\u012f pad\u0105.<\/li>\n<li>Kojin\u0117s yra vieno dyd\u017eio, tod\u0117l jums nereik\u0117s r\u016bpintis dyd\u017eiais.<\/li>\n<li>Suteikite maksimal\u0173 komfort\u0105 tiek sau, tiek savo artimiesiems.<\/li>\n<li>Spalva &#8211; prislopintas molis \/ balta.<\/li>\n<\/ul>\n<p>&nbsp;<\/p>\n","protected":false},"excerpt":{"rendered":"<p>Nam\u0173 kojin\u0117s DOT &#8211;\u00a0 yra auk\u0161tos kokyb\u0117s, su \u0161erpa pamu\u0161alu, itin mink\u0161tos ir turi neslystant\u012f pad\u0105. Kojin\u0117s yra vieno dyd\u017eio, tod\u0117l jums nereik\u0117s r\u016bpintis dyd\u017eiais. Suteikite maksimal\u0173 komfort\u0105 tiek sau, tiek savo artimiesiems. Spalva &#8211; prislopintas molis \/ balta. &nbsp;<\/p>\n","protected":false},"featured_media":12629,"template":"","meta":{"_monsterinsights_skip_tracking":false,"_monsterinsights_sitenote_active":false,"_monsterinsights_sitenote_note":"","_monsterinsights_sitenote_category":0},"product_brand":[],"product_cat":[103,104],"product_tag":[390,389],"class_list":{"0":"post-12626","1":"product","2":"type-product","3":"status-publish","4":"has-post-thumbnail","6":"product_cat-dovanu-idejos","7":"product_cat-vaikams","8":"product_tag-kojines-su-serpa-pamusalu","9":"product_tag-siltos-kojines","11":"first","12":"outofstock","13":"taxable","14":"shipping-taxable","15":"purchasable","16":"product-type-simple"},"_links":{"self":[{"href":"https:\/\/duckdeco.lt\/lt\/wp-json\/wp\/v2\/product\/12626","targetHints":{"allow":["GET"]}}],"collection":[{"href":"https:\/\/duckdeco.lt\/lt\/wp-json\/wp\/v2\/product"}],"about":[{"href":"https:\/\/duckdeco.lt\/lt\/wp-json\/wp\/v2\/types\/product"}],"version-history":[{"count":4,"href":"https:\/\/duckdeco.lt\/lt\/wp-json\/wp\/v2\/product\/12626\/revisions"}],"predecessor-version":[{"id":14884,"href":"https:\/\/duckdeco.lt\/lt\/wp-json\/wp\/v2\/product\/12626\/revisions\/14884"}],"wp:featuredmedia":[{"embeddable":true,"href":"https:\/\/duckdeco.lt\/lt\/wp-json\/wp\/v2\/media\/12629"}],"wp:attachment":[{"href":"https:\/\/duckdeco.lt\/lt\/wp-json\/wp\/v2\/media?parent=12626"}],"wp:term":[{"taxonomy":"product_brand","embeddable":true,"href":"https:\/\/duckdeco.lt\/lt\/wp-json\/wp\/v2\/product_brand?post=12626"},{"taxonomy":"product_cat","embeddable":true,"href":"https:\/\/duckdeco.lt\/lt\/wp-json\/wp\/v2\/product_cat?post=12626"},{"taxonomy":"product_tag","embeddable":true,"href":"https:\/\/duckdeco.lt\/lt\/wp-json\/wp\/v2\/product_tag?post=12626"}],"curies":[{"name":"wp","href":"https:\/\/api.w.org\/{rel}","templated":true}]}}