{"id":12666,"date":"2024-04-25T09:05:56","date_gmt":"2024-04-25T09:05:56","guid":{"rendered":"https:\/\/duckdeco.com\/?post_type=product&#038;p=12666"},"modified":"2025-12-16T12:28:41","modified_gmt":"2025-12-16T10:28:41","slug":"siltukas-metinis","status":"publish","type":"product","link":"https:\/\/duckdeco.lt\/lt\/product\/siltukas-metinis\/","title":{"rendered":"\u0160iltukas &#8211; m\u0117tinis"},"content":{"rendered":"<ul>\n<li><span class=\"HwtZe\" lang=\"lt\"><span class=\"jCAhz ChMk0b\"><span class=\"ryNqvb\">\u0160is gra\u017eus pledas su gobtuvu Junior \u2013 Jadeite yra sprendimas, jei ie\u0161kote gra\u017eios \u0161iltos vilnos antklod\u0117s su rankov\u0117mis ir megztiniu viename savo vaikui.<\/span><\/span><\/span><\/li>\n<li><span class=\"HwtZe\" lang=\"lt\"><span class=\"jCAhz ChMk0b\"><span class=\"ryNqvb\">Mink\u0161t\u0105, priglundant\u012f gobtuv\u0105 lengva apsivilkti, jis u\u017etikrina, kad ant sofos b\u016bt\u0173 ne tik malonu ir \u0161ilta, taip pat su juo J\u016bs\u0173 vaikai gal\u0117s nevar\u017eomai \u017eaisti. \u0160is Junior d\u017eemperis taip pat idealiai tinka po du\u0161o ar plaukimo pamok\u0173 vietoj chalato!<\/span><\/span><\/span><\/li>\n<li><span class=\"HwtZe\" lang=\"lt\"><span class=\"jCAhz ChMk0b\"><span class=\"ryNqvb\">Rankov\u0117s gra\u017eiai apdailintos apvadu, kad netrukdyt\u0173.<\/span><\/span> <\/span><span class=\"HwtZe\" lang=\"lt\"><span class=\"jCAhz ChMk0b\"><span class=\"ryNqvb\">Pledo priekyje yra didel\u0117 ki\u0161en\u0117, kurioje yra labai patogu laikyti ma\u017eus daiktus, tokius kaip nuotolinio valdymo pultas, mielas \u017eaislas ar nosin\u0117.<\/span><\/span> <\/span><\/li>\n<li><span class=\"HwtZe\" lang=\"lt\"><span class=\"jCAhz ChMk0b\"><span class=\"ryNqvb\">OEKO -TEX STANDARTAS 100. <\/span><\/span><\/span>Gra\u017ei vienspalv\u0117 flanelin\u0117 vilna i\u0161or\u0117je ir mink\u0161tas \u0161erpos audinys viduje. Trumpai tariant, \u0161is pledas su gobtuvu yra tobula apranga atsipalaiduoti.<\/li>\n<li><span class=\"HwtZe\" lang=\"lt\"><span class=\"jCAhz ChMk0b\"><span class=\"ryNqvb\">Galima skalbti rankomis 30\u00b0.<br \/>\n<\/span><\/span><\/span><\/p>\n<table width=\"299\">\n<tbody>\n<tr>\n<td width=\"91\">I\u0161matavimai: Ilgis 70 cm \/ Plotis 50 cm.<\/td>\n<\/tr>\n<\/tbody>\n<\/table>\n<\/li>\n<\/ul>\n<p>&nbsp;<\/p>\n","protected":false},"excerpt":{"rendered":"<p>\u0160is gra\u017eus pledas su gobtuvu Junior \u2013 Jadeite yra sprendimas, jei ie\u0161kote gra\u017eios \u0161iltos vilnos antklod\u0117s su rankov\u0117mis ir megztiniu viename savo vaikui. Mink\u0161t\u0105, priglundant\u012f gobtuv\u0105 lengva apsivilkti, jis u\u017etikrina, kad ant sofos b\u016bt\u0173 ne tik malonu ir \u0161ilta, taip pat su juo J\u016bs\u0173 vaikai gal\u0117s nevar\u017eomai \u017eaisti. \u0160is Junior d\u017eemperis taip pat idealiai tinka &hellip; <br \/><a href=\"https:\/\/duckdeco.lt\/lt\/product\/siltukas-metinis\/\" class=\"more-link\">Continue reading <span class=\"screen-reader-text\">\u0160iltukas &#8211; m\u0117tinis<\/span><\/a><\/p>\n","protected":false},"featured_media":12668,"template":"","meta":{"_monsterinsights_skip_tracking":false,"_monsterinsights_sitenote_active":false,"_monsterinsights_sitenote_note":"","_monsterinsights_sitenote_category":0},"product_brand":[],"product_cat":[103,104],"product_tag":[385,386,388,387],"class_list":{"0":"post-12666","1":"product","2":"type-product","3":"status-publish","4":"has-post-thumbnail","6":"product_cat-dovanu-idejos","7":"product_cat-vaikams","8":"product_tag-flaneline-vilna","9":"product_tag-serpos-audinys","10":"product_tag-siltukas-vaikui","11":"product_tag-ziemos-apranga","13":"first","14":"instock","15":"taxable","16":"shipping-taxable","17":"purchasable","18":"product-type-simple"},"_links":{"self":[{"href":"https:\/\/duckdeco.lt\/lt\/wp-json\/wp\/v2\/product\/12666","targetHints":{"allow":["GET"]}}],"collection":[{"href":"https:\/\/duckdeco.lt\/lt\/wp-json\/wp\/v2\/product"}],"about":[{"href":"https:\/\/duckdeco.lt\/lt\/wp-json\/wp\/v2\/types\/product"}],"version-history":[{"count":1,"href":"https:\/\/duckdeco.lt\/lt\/wp-json\/wp\/v2\/product\/12666\/revisions"}],"predecessor-version":[{"id":12672,"href":"https:\/\/duckdeco.lt\/lt\/wp-json\/wp\/v2\/product\/12666\/revisions\/12672"}],"wp:featuredmedia":[{"embeddable":true,"href":"https:\/\/duckdeco.lt\/lt\/wp-json\/wp\/v2\/media\/12668"}],"wp:attachment":[{"href":"https:\/\/duckdeco.lt\/lt\/wp-json\/wp\/v2\/media?parent=12666"}],"wp:term":[{"taxonomy":"product_brand","embeddable":true,"href":"https:\/\/duckdeco.lt\/lt\/wp-json\/wp\/v2\/product_brand?post=12666"},{"taxonomy":"product_cat","embeddable":true,"href":"https:\/\/duckdeco.lt\/lt\/wp-json\/wp\/v2\/product_cat?post=12666"},{"taxonomy":"product_tag","embeddable":true,"href":"https:\/\/duckdeco.lt\/lt\/wp-json\/wp\/v2\/product_tag?post=12666"}],"curies":[{"name":"wp","href":"https:\/\/api.w.org\/{rel}","templated":true}]}}