{"id":12760,"date":"2024-04-29T12:23:14","date_gmt":"2024-04-29T12:23:14","guid":{"rendered":"https:\/\/duckdeco.com\/?post_type=product&#038;p=12760"},"modified":"2024-04-29T12:23:14","modified_gmt":"2024-04-29T12:23:14","slug":"zvakide-valongo","status":"publish","type":"product","link":"https:\/\/duckdeco.lt\/lt\/product\/zvakide-valongo\/","title":{"rendered":"\u017dvakid\u0117 \u201eValongo\u201c"},"content":{"rendered":"<ul>\n<li><span class=\"HwtZe\" lang=\"lt\"><span class=\"jCAhz ChMk0b\"><span class=\"ryNqvb\">Gra\u017eus, \u0161iuolaiki\u0161kas \u017evaki\u0173 laikiklis, puikiai atrodantis bet kokiame interjere.<\/span><\/span>\u00a0<\/span><\/li>\n<li>Detal\u0117s: med\u017eiaga &#8211; keramika;<\/li>\n<li>Spalva &#8211; \u017ealia.<\/li>\n<\/ul>\n<table width=\"405\">\n<tbody>\n<tr>\n<td width=\"91\">I\u0161matavimai: Ilgis 4 cm \/ Plotis 16 cm \/ Auk\u0161tis 19 cm.<\/td>\n<\/tr>\n<\/tbody>\n<\/table>\n<p>&nbsp;<\/p>\n","protected":false},"excerpt":{"rendered":"<p>Gra\u017eus, \u0161iuolaiki\u0161kas \u017evaki\u0173 laikiklis, puikiai atrodantis bet kokiame interjere.\u00a0 Detal\u0117s: med\u017eiaga &#8211; keramika; Spalva &#8211; \u017ealia. I\u0161matavimai: Ilgis 4 cm \/ Plotis 16 cm \/ Auk\u0161tis 19 cm. &nbsp;<\/p>\n","protected":false},"featured_media":12761,"template":"","meta":{"_monsterinsights_skip_tracking":false,"_monsterinsights_sitenote_active":false,"_monsterinsights_sitenote_note":"","_monsterinsights_sitenote_category":0},"product_brand":[],"product_cat":[107],"product_tag":[],"class_list":{"0":"post-12760","1":"product","2":"type-product","3":"status-publish","4":"has-post-thumbnail","6":"product_cat-stilingos-zvakides-zvakes","8":"first","9":"instock","10":"taxable","11":"shipping-taxable","12":"purchasable","13":"product-type-simple"},"_links":{"self":[{"href":"https:\/\/duckdeco.lt\/lt\/wp-json\/wp\/v2\/product\/12760","targetHints":{"allow":["GET"]}}],"collection":[{"href":"https:\/\/duckdeco.lt\/lt\/wp-json\/wp\/v2\/product"}],"about":[{"href":"https:\/\/duckdeco.lt\/lt\/wp-json\/wp\/v2\/types\/product"}],"version-history":[{"count":1,"href":"https:\/\/duckdeco.lt\/lt\/wp-json\/wp\/v2\/product\/12760\/revisions"}],"predecessor-version":[{"id":12762,"href":"https:\/\/duckdeco.lt\/lt\/wp-json\/wp\/v2\/product\/12760\/revisions\/12762"}],"wp:featuredmedia":[{"embeddable":true,"href":"https:\/\/duckdeco.lt\/lt\/wp-json\/wp\/v2\/media\/12761"}],"wp:attachment":[{"href":"https:\/\/duckdeco.lt\/lt\/wp-json\/wp\/v2\/media?parent=12760"}],"wp:term":[{"taxonomy":"product_brand","embeddable":true,"href":"https:\/\/duckdeco.lt\/lt\/wp-json\/wp\/v2\/product_brand?post=12760"},{"taxonomy":"product_cat","embeddable":true,"href":"https:\/\/duckdeco.lt\/lt\/wp-json\/wp\/v2\/product_cat?post=12760"},{"taxonomy":"product_tag","embeddable":true,"href":"https:\/\/duckdeco.lt\/lt\/wp-json\/wp\/v2\/product_tag?post=12760"}],"curies":[{"name":"wp","href":"https:\/\/api.w.org\/{rel}","templated":true}]}}