{"id":12784,"date":"2024-04-30T06:04:54","date_gmt":"2024-04-30T06:04:54","guid":{"rendered":"https:\/\/duckdeco.com\/?post_type=product&#038;p=12784"},"modified":"2024-12-02T11:33:23","modified_gmt":"2024-12-02T09:33:23","slug":"vaza-mira","status":"publish","type":"product","link":"https:\/\/duckdeco.lt\/lt\/product\/vaza-mira\/","title":{"rendered":"Vaza \u201eMira\u201c L"},"content":{"rendered":"<ul>\n<li>Su g\u0117l\u0117mis ar be j\u0173, Mira vaza tikrai pritrauks ak\u012f. D\u0117l \u0161viesiai \u017ealios spalvos ir ypatingo dizaino \u0161i vaza i\u0161kart patraukia d\u0117mes\u012f. Labai gra\u017eiai atrodys su keletu g\u0117li\u0173, plunksn\u0173.<\/li>\n<li>B\u016bna subtili\u0173, ma\u017e\u0173 pried\u0173, kurie praturtina J\u016bs\u0173 aplink\u0105 \u2013 jie draugi\u0161ki ir jauk\u016bs, lyg subtilus makia\u017eas. O rezultatas d\u017eiuginantis. B\u016btent tokia yra \u0161i vaza.<\/li>\n<li>Atkreipkite d\u0117mes\u012f: kadangi tai rank\u0173 darbo gaminys, kiekvienos prek\u0117s spalva, dydis ar forma gali \u0161iek tiek skirtis, tod\u0117l ji yra unikali. Be to, vaza niekada n\u0117ra visi\u0161kai 100% atspari vandeniui d\u0117l suvirinimo si\u016bl\u0117s, arba \u017ei\u016br\u0117kite, kad vanduo likt\u0173 po suvirinimo si\u016ble, ta\u010diau nepamir\u0161kite, kad vandens t\u016bris padid\u0117ja, kai joje yra g\u0117li\u0173.<\/li>\n<li>Detal\u0117s: med\u017eiaga &#8211; metalas;<\/li>\n<li>Spalva &#8211; \u017ealia.<\/li>\n<\/ul>\n<table style=\"height: 68px;\" width=\"434\">\n<tbody>\n<tr>\n<td width=\"91\">I\u0161matavimai: Ilgis 24 cm \/ Plotis 24 cm \/ Auk\u0161tis 21,5 cm.<\/td>\n<\/tr>\n<\/tbody>\n<\/table>\n<p>&nbsp;<\/p>\n","protected":false},"excerpt":{"rendered":"<p>Su g\u0117l\u0117mis ar be j\u0173, Mira vaza tikrai pritrauks ak\u012f. D\u0117l \u0161viesiai \u017ealios spalvos ir ypatingo dizaino \u0161i vaza i\u0161kart patraukia d\u0117mes\u012f. Labai gra\u017eiai atrodys su keletu g\u0117li\u0173, plunksn\u0173. B\u016bna subtili\u0173, ma\u017e\u0173 pried\u0173, kurie praturtina J\u016bs\u0173 aplink\u0105 \u2013 jie draugi\u0161ki ir jauk\u016bs, lyg subtilus makia\u017eas. O rezultatas d\u017eiuginantis. B\u016btent tokia yra \u0161i vaza. Atkreipkite d\u0117mes\u012f: &hellip; <br \/><a href=\"https:\/\/duckdeco.lt\/lt\/product\/vaza-mira\/\" class=\"more-link\">Continue reading <span class=\"screen-reader-text\">Vaza \u201eMira\u201c L<\/span><\/a><\/p>\n","protected":false},"featured_media":12785,"template":"","meta":{"_monsterinsights_skip_tracking":false,"_monsterinsights_sitenote_active":false,"_monsterinsights_sitenote_note":"","_monsterinsights_sitenote_category":0},"product_brand":[],"product_cat":[103,95,101],"product_tag":[],"class_list":{"0":"post-12784","1":"product","2":"type-product","3":"status-publish","4":"has-post-thumbnail","6":"product_cat-dovanu-idejos","7":"product_cat-interjerui","8":"product_cat-vazos","10":"first","11":"instock","12":"taxable","13":"shipping-taxable","14":"purchasable","15":"product-type-simple"},"_links":{"self":[{"href":"https:\/\/duckdeco.lt\/lt\/wp-json\/wp\/v2\/product\/12784","targetHints":{"allow":["GET"]}}],"collection":[{"href":"https:\/\/duckdeco.lt\/lt\/wp-json\/wp\/v2\/product"}],"about":[{"href":"https:\/\/duckdeco.lt\/lt\/wp-json\/wp\/v2\/types\/product"}],"version-history":[{"count":3,"href":"https:\/\/duckdeco.lt\/lt\/wp-json\/wp\/v2\/product\/12784\/revisions"}],"predecessor-version":[{"id":13168,"href":"https:\/\/duckdeco.lt\/lt\/wp-json\/wp\/v2\/product\/12784\/revisions\/13168"}],"wp:featuredmedia":[{"embeddable":true,"href":"https:\/\/duckdeco.lt\/lt\/wp-json\/wp\/v2\/media\/12785"}],"wp:attachment":[{"href":"https:\/\/duckdeco.lt\/lt\/wp-json\/wp\/v2\/media?parent=12784"}],"wp:term":[{"taxonomy":"product_brand","embeddable":true,"href":"https:\/\/duckdeco.lt\/lt\/wp-json\/wp\/v2\/product_brand?post=12784"},{"taxonomy":"product_cat","embeddable":true,"href":"https:\/\/duckdeco.lt\/lt\/wp-json\/wp\/v2\/product_cat?post=12784"},{"taxonomy":"product_tag","embeddable":true,"href":"https:\/\/duckdeco.lt\/lt\/wp-json\/wp\/v2\/product_tag?post=12784"}],"curies":[{"name":"wp","href":"https:\/\/api.w.org\/{rel}","templated":true}]}}