{"id":12800,"date":"2024-04-30T07:24:57","date_gmt":"2024-04-30T07:24:57","guid":{"rendered":"https:\/\/duckdeco.com\/?post_type=product&#038;p=12800"},"modified":"2024-12-02T15:03:56","modified_gmt":"2024-12-02T13:03:56","slug":"vaza-butelis-valery-ii","status":"publish","type":"product","link":"https:\/\/duckdeco.lt\/lt\/product\/vaza-butelis-valery-ii\/","title":{"rendered":"Vaza &#8211; butelis \u201eValery II\u201c"},"content":{"rendered":"<ul>\n<li><span class=\"HwtZe\" lang=\"lt\"><span class=\"jCAhz ChMk0b\"><span class=\"ryNqvb\">Vaza \u2013 butelis i\u0161 Mica Decorations kolekcijos, <\/span><\/span><span class=\"jCAhz ChMk0b\"><span class=\"ryNqvb\">pagamintas i\u0161 100% perdirbto stiklo, Ispanijoje. Draugi\u0161kas aplinkai \u2013 <\/span><\/span><span class=\"jCAhz ChMk0b\"><span class=\"ryNqvb\">tvarus!<\/span><\/span> <\/span><\/li>\n<li><span class=\"HwtZe\" lang=\"lt\"><span class=\"jCAhz ChMk0b\"><span class=\"ryNqvb\">Stiklas yra gra\u017eios melsvos spalvos, o aplink siaur\u0105 ang\u0105 apvyniota virv\u0117, kuri suteikia visumai nat\u016bral\u0173 pos\u016bk\u012f.<\/span><\/span> <\/span><\/li>\n<li><span class=\"HwtZe\" lang=\"lt\"><span class=\"jCAhz ChMk0b\"><span class=\"ryNqvb\">Puikiai tiks palaidoms plunksnoms, g\u0117l\u0117ms ar dekoratyvin\u0117ms \u0161akoms, arba kaip dekoro elementas.\u00a0<\/span><\/span><\/span><br \/>\n<table style=\"height: 62px;\" width=\"452\">\n<tbody>\n<tr>\n<td width=\"91\">I\u0161matavimai: Ilgis 20,5 cm \/ Plotis 20,5 cm \/ Auk\u0161tis 26 cm.<\/td>\n<\/tr>\n<\/tbody>\n<\/table>\n<p>&nbsp;<\/li>\n<\/ul>\n","protected":false},"excerpt":{"rendered":"<p>Vaza \u2013 butelis i\u0161 Mica Decorations kolekcijos, pagamintas i\u0161 100% perdirbto stiklo, Ispanijoje. Draugi\u0161kas aplinkai \u2013 tvarus! Stiklas yra gra\u017eios melsvos spalvos, o aplink siaur\u0105 ang\u0105 apvyniota virv\u0117, kuri suteikia visumai nat\u016bral\u0173 pos\u016bk\u012f. Puikiai tiks palaidoms plunksnoms, g\u0117l\u0117ms ar dekoratyvin\u0117ms \u0161akoms, arba kaip dekoro elementas.\u00a0 I\u0161matavimai: Ilgis 20,5 cm \/ Plotis 20,5 cm \/ Auk\u0161tis &hellip; <br \/><a href=\"https:\/\/duckdeco.lt\/lt\/product\/vaza-butelis-valery-ii\/\" class=\"more-link\">Continue reading <span class=\"screen-reader-text\">Vaza &#8211; butelis \u201eValery II\u201c<\/span><\/a><\/p>\n","protected":false},"featured_media":12801,"template":"","meta":{"_monsterinsights_skip_tracking":false,"_monsterinsights_sitenote_active":false,"_monsterinsights_sitenote_note":"","_monsterinsights_sitenote_category":0},"product_brand":[],"product_cat":[95,101],"product_tag":[],"class_list":{"0":"post-12800","1":"product","2":"type-product","3":"status-publish","4":"has-post-thumbnail","6":"product_cat-interjerui","7":"product_cat-vazos","9":"first","10":"instock","11":"taxable","12":"shipping-taxable","13":"purchasable","14":"product-type-simple"},"_links":{"self":[{"href":"https:\/\/duckdeco.lt\/lt\/wp-json\/wp\/v2\/product\/12800","targetHints":{"allow":["GET"]}}],"collection":[{"href":"https:\/\/duckdeco.lt\/lt\/wp-json\/wp\/v2\/product"}],"about":[{"href":"https:\/\/duckdeco.lt\/lt\/wp-json\/wp\/v2\/types\/product"}],"version-history":[{"count":1,"href":"https:\/\/duckdeco.lt\/lt\/wp-json\/wp\/v2\/product\/12800\/revisions"}],"predecessor-version":[{"id":12803,"href":"https:\/\/duckdeco.lt\/lt\/wp-json\/wp\/v2\/product\/12800\/revisions\/12803"}],"wp:featuredmedia":[{"embeddable":true,"href":"https:\/\/duckdeco.lt\/lt\/wp-json\/wp\/v2\/media\/12801"}],"wp:attachment":[{"href":"https:\/\/duckdeco.lt\/lt\/wp-json\/wp\/v2\/media?parent=12800"}],"wp:term":[{"taxonomy":"product_brand","embeddable":true,"href":"https:\/\/duckdeco.lt\/lt\/wp-json\/wp\/v2\/product_brand?post=12800"},{"taxonomy":"product_cat","embeddable":true,"href":"https:\/\/duckdeco.lt\/lt\/wp-json\/wp\/v2\/product_cat?post=12800"},{"taxonomy":"product_tag","embeddable":true,"href":"https:\/\/duckdeco.lt\/lt\/wp-json\/wp\/v2\/product_tag?post=12800"}],"curies":[{"name":"wp","href":"https:\/\/api.w.org\/{rel}","templated":true}]}}