{"id":12809,"date":"2024-04-30T08:45:28","date_gmt":"2024-04-30T08:45:28","guid":{"rendered":"https:\/\/duckdeco.com\/?post_type=product&#038;p=12809"},"modified":"2025-11-12T12:18:03","modified_gmt":"2025-11-12T10:18:03","slug":"pliusine-sienos-dekoracija-avyte-14-cm","status":"publish","type":"product","link":"https:\/\/duckdeco.lt\/lt\/product\/pliusine-sienos-dekoracija-avyte-14-cm\/","title":{"rendered":"Pliu\u0161in\u0117 sienos dekoracija &#8211; Avyt\u0117 14 cm"},"content":{"rendered":"<ul>\n<li><span class=\"HwtZe\" lang=\"lt\"><span class=\"jCAhz ChMk0b\"><span class=\"ryNqvb\">\u0160i\u0105 gra\u017ei\u0105, ma\u017e\u0105 avies galvyt\u0119 galima pakabinti ant sienos.<\/span><\/span> <span class=\"jCAhz ChMk0b\"><span class=\"ryNqvb\">Maloni, mink\u0161ta, prad\u017eiugins ne tik ma\u017euosius draugus, tai <\/span><\/span><span class=\"jCAhz ChMk0b\"><span class=\"ryNqvb\">puikus aksesuaras vaik\u0173 kambariui.<\/span><\/span><\/span><span class=\"HwtZe\" lang=\"lt\"> Tai taip pat \u0161auni dovana gyv\u016bn\u0173 myl\u0117tojams.<\/span><\/li>\n<li><span class=\"HwtZe\" lang=\"lt\"><span class=\"jCAhz ChMk0b\"><span class=\"ryNqvb\">Detal\u0117s: med\u017eiaga &#8211; poliesteris;<\/span><\/span><\/span><\/li>\n<li><span class=\"HwtZe\" lang=\"lt\"><span class=\"jCAhz ChMk0b\"><span class=\"ryNqvb\">Spalva &#8211; balta.<br \/>\n<\/span><\/span><\/span><\/li>\n<li>Galima skalbti <span class=\"HwtZe\" lang=\"lt\"><span class=\"jCAhz ChMk0b\"><span class=\"ryNqvb\">30\u00b0. <\/span><\/span><\/span><\/li>\n<\/ul>\n<table width=\"405\">\n<tbody>\n<tr>\n<td width=\"91\">I\u0161matavimai: Ilgis 14 cm \/ Plotis 14 cm \/ Auk\u0161tis 18 cm.<\/td>\n<\/tr>\n<\/tbody>\n<\/table>\n<p>&nbsp;<\/p>\n","protected":false},"excerpt":{"rendered":"<p>\u0160i\u0105 gra\u017ei\u0105, ma\u017e\u0105 avies galvyt\u0119 galima pakabinti ant sienos. Maloni, mink\u0161ta, prad\u017eiugins ne tik ma\u017euosius draugus, tai puikus aksesuaras vaik\u0173 kambariui. Tai taip pat \u0161auni dovana gyv\u016bn\u0173 myl\u0117tojams. Detal\u0117s: med\u017eiaga &#8211; poliesteris; Spalva &#8211; balta. Galima skalbti 30\u00b0. I\u0161matavimai: Ilgis 14 cm \/ Plotis 14 cm \/ Auk\u0161tis 18 cm. &nbsp;<\/p>\n","protected":false},"featured_media":12810,"template":"","meta":{"_monsterinsights_skip_tracking":false,"_monsterinsights_sitenote_active":false,"_monsterinsights_sitenote_note":"","_monsterinsights_sitenote_category":0},"product_brand":[],"product_cat":[103,95,104],"product_tag":[369,367,380,328],"class_list":{"0":"post-12809","1":"product","2":"type-product","3":"status-publish","4":"has-post-thumbnail","6":"product_cat-dovanu-idejos","7":"product_cat-interjerui","8":"product_cat-vaikams","9":"product_tag-dovanos-vaikams","10":"product_tag-minkstas-zaislas","11":"product_tag-pliusine-sienos-dekoracija-avyte","12":"product_tag-vaiku-kambario-aksesuarai","14":"first","15":"instock","16":"taxable","17":"shipping-taxable","18":"purchasable","19":"product-type-simple"},"_links":{"self":[{"href":"https:\/\/duckdeco.lt\/lt\/wp-json\/wp\/v2\/product\/12809","targetHints":{"allow":["GET"]}}],"collection":[{"href":"https:\/\/duckdeco.lt\/lt\/wp-json\/wp\/v2\/product"}],"about":[{"href":"https:\/\/duckdeco.lt\/lt\/wp-json\/wp\/v2\/types\/product"}],"version-history":[{"count":1,"href":"https:\/\/duckdeco.lt\/lt\/wp-json\/wp\/v2\/product\/12809\/revisions"}],"predecessor-version":[{"id":12813,"href":"https:\/\/duckdeco.lt\/lt\/wp-json\/wp\/v2\/product\/12809\/revisions\/12813"}],"wp:featuredmedia":[{"embeddable":true,"href":"https:\/\/duckdeco.lt\/lt\/wp-json\/wp\/v2\/media\/12810"}],"wp:attachment":[{"href":"https:\/\/duckdeco.lt\/lt\/wp-json\/wp\/v2\/media?parent=12809"}],"wp:term":[{"taxonomy":"product_brand","embeddable":true,"href":"https:\/\/duckdeco.lt\/lt\/wp-json\/wp\/v2\/product_brand?post=12809"},{"taxonomy":"product_cat","embeddable":true,"href":"https:\/\/duckdeco.lt\/lt\/wp-json\/wp\/v2\/product_cat?post=12809"},{"taxonomy":"product_tag","embeddable":true,"href":"https:\/\/duckdeco.lt\/lt\/wp-json\/wp\/v2\/product_tag?post=12809"}],"curies":[{"name":"wp","href":"https:\/\/api.w.org\/{rel}","templated":true}]}}