{"id":12820,"date":"2024-04-30T09:58:49","date_gmt":"2024-04-30T09:58:49","guid":{"rendered":"https:\/\/duckdeco.com\/?post_type=product&#038;p=12820"},"modified":"2024-12-04T11:03:53","modified_gmt":"2024-12-04T09:03:53","slug":"dekoratyvine-pagalvele","status":"publish","type":"product","link":"https:\/\/duckdeco.lt\/lt\/product\/dekoratyvine-pagalvele\/","title":{"rendered":"Dekoratyvin\u0117 pagalv\u0117l\u0117"},"content":{"rendered":"<ul>\n<li><span class=\"HwtZe\" lang=\"lt\"><span class=\"jCAhz ChMk0b\"><span class=\"ryNqvb\">Tai ypatingas dekoro elementas, papildantis J\u016bs\u0173 interjer\u0105, kuris papuo\u0161 mink\u0161t\u0105 bald\u0105, kr\u0117sl\u0105 ar\u00a0 miegamojo lov\u0105. <\/span><\/span><\/span><\/li>\n<li><span class=\"HwtZe\" lang=\"lt\"><span class=\"jCAhz ChMk0b\"><span class=\"ryNqvb\">Nepakei\u010diamas produktas, norint sukurti ypating\u0105 \u012fsp\u016bd\u012f sau ir kitiems. Tai maloni dovana J\u016bs\u0173 artimiesiems.<\/span><\/span><\/span><\/li>\n<li><span class=\"HwtZe\" lang=\"lt\"><span class=\"jCAhz ChMk0b\"><span class=\"ryNqvb\"> Detal\u0117s: med\u017eiaga &#8211; avikailis \/ u\u017epildas &#8211; poliesteris.<br \/>\n<\/span><\/span><\/span><\/li>\n<li>Spalva &#8211; balta.<\/li>\n<li>Prie\u017ei\u016bra &#8211; valymas dr\u0117gna \u0161luoste.<\/li>\n<\/ul>\n<table width=\"405\">\n<tbody>\n<tr>\n<td width=\"91\">I\u0161matavimai: Ilgis 35 cm \/ Plotis 50 cm \/ Auk\u0161tis 10 cm.<\/td>\n<\/tr>\n<\/tbody>\n<\/table>\n","protected":false},"excerpt":{"rendered":"<p>Tai ypatingas dekoro elementas, papildantis J\u016bs\u0173 interjer\u0105, kuris papuo\u0161 mink\u0161t\u0105 bald\u0105, kr\u0117sl\u0105 ar\u00a0 miegamojo lov\u0105. Nepakei\u010diamas produktas, norint sukurti ypating\u0105 \u012fsp\u016bd\u012f sau ir kitiems. Tai maloni dovana J\u016bs\u0173 artimiesiems. Detal\u0117s: med\u017eiaga &#8211; avikailis \/ u\u017epildas &#8211; poliesteris. Spalva &#8211; balta. Prie\u017ei\u016bra &#8211; valymas dr\u0117gna \u0161luoste. I\u0161matavimai: Ilgis 35 cm \/ Plotis 50 cm \/ Auk\u0161tis &hellip; <br \/><a href=\"https:\/\/duckdeco.lt\/lt\/product\/dekoratyvine-pagalvele\/\" class=\"more-link\">Continue reading <span class=\"screen-reader-text\">Dekoratyvin\u0117 pagalv\u0117l\u0117<\/span><\/a><\/p>\n","protected":false},"featured_media":12822,"template":"","meta":{"_monsterinsights_skip_tracking":false,"_monsterinsights_sitenote_active":false,"_monsterinsights_sitenote_note":"","_monsterinsights_sitenote_category":0},"product_brand":[],"product_cat":[103,95,137],"product_tag":[322,319],"class_list":{"0":"post-12820","1":"product","2":"type-product","3":"status-publish","4":"has-post-thumbnail","6":"product_cat-dovanu-idejos","7":"product_cat-interjerui","8":"product_cat-pagalveles-deco","9":"product_tag-avikailio-pagalvele","10":"product_tag-prabangi-interjero-detale","12":"first","13":"instock","14":"taxable","15":"shipping-taxable","16":"purchasable","17":"product-type-simple"},"_links":{"self":[{"href":"https:\/\/duckdeco.lt\/lt\/wp-json\/wp\/v2\/product\/12820","targetHints":{"allow":["GET"]}}],"collection":[{"href":"https:\/\/duckdeco.lt\/lt\/wp-json\/wp\/v2\/product"}],"about":[{"href":"https:\/\/duckdeco.lt\/lt\/wp-json\/wp\/v2\/types\/product"}],"version-history":[{"count":1,"href":"https:\/\/duckdeco.lt\/lt\/wp-json\/wp\/v2\/product\/12820\/revisions"}],"predecessor-version":[{"id":12825,"href":"https:\/\/duckdeco.lt\/lt\/wp-json\/wp\/v2\/product\/12820\/revisions\/12825"}],"wp:featuredmedia":[{"embeddable":true,"href":"https:\/\/duckdeco.lt\/lt\/wp-json\/wp\/v2\/media\/12822"}],"wp:attachment":[{"href":"https:\/\/duckdeco.lt\/lt\/wp-json\/wp\/v2\/media?parent=12820"}],"wp:term":[{"taxonomy":"product_brand","embeddable":true,"href":"https:\/\/duckdeco.lt\/lt\/wp-json\/wp\/v2\/product_brand?post=12820"},{"taxonomy":"product_cat","embeddable":true,"href":"https:\/\/duckdeco.lt\/lt\/wp-json\/wp\/v2\/product_cat?post=12820"},{"taxonomy":"product_tag","embeddable":true,"href":"https:\/\/duckdeco.lt\/lt\/wp-json\/wp\/v2\/product_tag?post=12820"}],"curies":[{"name":"wp","href":"https:\/\/api.w.org\/{rel}","templated":true}]}}