{"id":12826,"date":"2024-04-30T10:17:46","date_gmt":"2024-04-30T10:17:46","guid":{"rendered":"https:\/\/duckdeco.com\/?post_type=product&#038;p=12826"},"modified":"2026-01-20T16:43:19","modified_gmt":"2026-01-20T14:43:19","slug":"duru-stabdis-aksominis-juodas","status":"publish","type":"product","link":"https:\/\/duckdeco.lt\/lt\/product\/duru-stabdis-aksominis-juodas\/","title":{"rendered":"Dur\u0173 stabdis, aksominis &#8211; juodas"},"content":{"rendered":"<ul>\n<li>Eleganti\u0161kas dur\u0173 stabdis, ne\u012fkyrus interjero aksesuaras, atliekantis prakti\u0161k\u0105 funkcij\u0105 \u2013 saugantis j\u016bs\u0173 sienas nuo dur\u0173 atsitrenkimo.<\/li>\n<li>Nereikia gr\u0119\u017eti skyli\u0173 \u012f grindis ar sienas, tiesiog pad\u0117kite \u0161\u012f stabd\u012f.<\/li>\n<li>Juodos spalvos veli\u016bras, poliesteris, svoris 1 kg.<\/li>\n<li>Prekinis \u017eenklas Mars &amp; More<br \/>\n<table width=\"405\">\n<tbody>\n<tr>\n<td width=\"91\">I\u0161matavimai: Ilgis10 cm \/ Plotis 17 cm \/ Auk\u0161tis 18 cm.<\/td>\n<\/tr>\n<\/tbody>\n<\/table>\n<p>&nbsp;<\/li>\n<\/ul>\n","protected":false},"excerpt":{"rendered":"<p>Eleganti\u0161kas dur\u0173 stabdis, ne\u012fkyrus interjero aksesuaras, atliekantis prakti\u0161k\u0105 funkcij\u0105 \u2013 saugantis j\u016bs\u0173 sienas nuo dur\u0173 atsitrenkimo. Nereikia gr\u0119\u017eti skyli\u0173 \u012f grindis ar sienas, tiesiog pad\u0117kite \u0161\u012f stabd\u012f. Juodos spalvos veli\u016bras, poliesteris, svoris 1 kg. Prekinis \u017eenklas Mars &amp; More I\u0161matavimai: Ilgis10 cm \/ Plotis 17 cm \/ Auk\u0161tis 18 cm. &nbsp;<\/p>\n","protected":false},"featured_media":12827,"template":"","meta":{"_monsterinsights_skip_tracking":false,"_monsterinsights_sitenote_active":false,"_monsterinsights_sitenote_note":"","_monsterinsights_sitenote_category":0},"product_brand":[],"product_cat":[103,138],"product_tag":[304,305,303],"class_list":{"0":"post-12826","1":"product","2":"type-product","3":"status-publish","4":"has-post-thumbnail","6":"product_cat-dovanu-idejos","7":"product_cat-duru-atmusejai","8":"product_tag-duru-atmusejas","9":"product_tag-juodas-aksomas","10":"product_tag-stilingas-namu-aksesuaras","12":"first","13":"outofstock","14":"taxable","15":"shipping-taxable","16":"purchasable","17":"product-type-simple"},"_links":{"self":[{"href":"https:\/\/duckdeco.lt\/lt\/wp-json\/wp\/v2\/product\/12826","targetHints":{"allow":["GET"]}}],"collection":[{"href":"https:\/\/duckdeco.lt\/lt\/wp-json\/wp\/v2\/product"}],"about":[{"href":"https:\/\/duckdeco.lt\/lt\/wp-json\/wp\/v2\/types\/product"}],"version-history":[{"count":1,"href":"https:\/\/duckdeco.lt\/lt\/wp-json\/wp\/v2\/product\/12826\/revisions"}],"predecessor-version":[{"id":12831,"href":"https:\/\/duckdeco.lt\/lt\/wp-json\/wp\/v2\/product\/12826\/revisions\/12831"}],"wp:featuredmedia":[{"embeddable":true,"href":"https:\/\/duckdeco.lt\/lt\/wp-json\/wp\/v2\/media\/12827"}],"wp:attachment":[{"href":"https:\/\/duckdeco.lt\/lt\/wp-json\/wp\/v2\/media?parent=12826"}],"wp:term":[{"taxonomy":"product_brand","embeddable":true,"href":"https:\/\/duckdeco.lt\/lt\/wp-json\/wp\/v2\/product_brand?post=12826"},{"taxonomy":"product_cat","embeddable":true,"href":"https:\/\/duckdeco.lt\/lt\/wp-json\/wp\/v2\/product_cat?post=12826"},{"taxonomy":"product_tag","embeddable":true,"href":"https:\/\/duckdeco.lt\/lt\/wp-json\/wp\/v2\/product_tag?post=12826"}],"curies":[{"name":"wp","href":"https:\/\/api.w.org\/{rel}","templated":true}]}}