{"id":12833,"date":"2024-04-30T11:34:57","date_gmt":"2024-04-30T11:34:57","guid":{"rendered":"https:\/\/duckdeco.com\/?post_type=product&#038;p=12833"},"modified":"2024-12-04T10:28:33","modified_gmt":"2024-12-04T08:28:33","slug":"avikailio-kilimelis","status":"publish","type":"product","link":"https:\/\/duckdeco.lt\/lt\/product\/avikailio-kilimelis\/","title":{"rendered":"Avikailio kilim\u0117lis"},"content":{"rendered":"<ul>\n<li class=\"lRu31\" dir=\"ltr\"><span class=\"HwtZe\" lang=\"lt\"><span class=\"HwtZe\" lang=\"lt\"><span class=\"jCAhz ChMk0b\"><span class=\"ryNqvb\">Nat\u016bralaus avikailio, gra\u017eios baltos spalvos, Mars &amp; More prek\u0117s \u017eenklo puo\u0161mena. \u0160is auk\u0161tos kokyb\u0117s kilim\u0117lis J\u016bs\u0173 namams prid\u0117s prabangos ir i\u0161skirtinumo jausm\u0105.<\/span><\/span><\/span><\/span><\/li>\n<li dir=\"ltr\">Avikailis jau senov\u0117je buvo naudojamas ne tik r\u016bb\u0173 siuvimui, bet ir nam\u0173 dekorui, dedamas ant bald\u0173, s\u0117dyni\u0173, tiesiamas ant grind\u0173. Stebuklingas pluo\u0161tas \u0161ildo at\u0161iauriomis \u017eiemomis ir v\u0117sina \u0161iltesniais m\u0117nesiais.<\/li>\n<li class=\"lRu31\" dir=\"ltr\"><span class=\"HwtZe\" lang=\"lt\"><span class=\"HwtZe\" lang=\"lt\"><span class=\"HwtZe\" lang=\"lt\"><span class=\"jCAhz ChMk0b\"><span class=\"ryNqvb\"> Niekada ned\u0117kite \u0161io kilim\u0117lio \u0161alia \u0161ildytuvo.<\/span><\/span> <span class=\"jCAhz ChMk0b\"><span class=\"ryNqvb\">Tada savo kilimu d\u017eiaugsit\u0117s ilgus metus.<\/span><\/span><\/span><\/span><\/span><br \/>\n<table style=\"height: 46px;\" width=\"310\">\n<tbody>\n<tr>\n<td width=\"91\">I\u0161matavimai: Ilgis 170 cm \/ Plotis 65 cm .<\/td>\n<\/tr>\n<\/tbody>\n<\/table>\n<p>&nbsp;<\/li>\n<\/ul>\n<div class=\"UdTY9 WdefRb\" aria-hidden=\"true\" data-location=\"2\">\n<div class=\"kO6q6e\"><\/div>\n<\/div>\n","protected":false},"excerpt":{"rendered":"<p>Nat\u016bralaus avikailio, gra\u017eios baltos spalvos, Mars &amp; More prek\u0117s \u017eenklo puo\u0161mena. \u0160is auk\u0161tos kokyb\u0117s kilim\u0117lis J\u016bs\u0173 namams prid\u0117s prabangos ir i\u0161skirtinumo jausm\u0105. Avikailis jau senov\u0117je buvo naudojamas ne tik r\u016bb\u0173 siuvimui, bet ir nam\u0173 dekorui, dedamas ant bald\u0173, s\u0117dyni\u0173, tiesiamas ant grind\u0173. Stebuklingas pluo\u0161tas \u0161ildo at\u0161iauriomis \u017eiemomis ir v\u0117sina \u0161iltesniais m\u0117nesiais. Niekada ned\u0117kite \u0161io kilim\u0117lio &hellip; <br \/><a href=\"https:\/\/duckdeco.lt\/lt\/product\/avikailio-kilimelis\/\" class=\"more-link\">Continue reading <span class=\"screen-reader-text\">Avikailio kilim\u0117lis<\/span><\/a><\/p>\n","protected":false},"featured_media":12836,"template":"","meta":{"_monsterinsights_skip_tracking":false,"_monsterinsights_sitenote_active":false,"_monsterinsights_sitenote_note":"","_monsterinsights_sitenote_category":0},"product_brand":[],"product_cat":[103,95,100],"product_tag":[320,319],"class_list":{"0":"post-12833","1":"product","2":"type-product","3":"status-publish","4":"has-post-thumbnail","6":"product_cat-dovanu-idejos","7":"product_cat-interjerui","8":"product_cat-kilimai","9":"product_tag-avikailio-kilimas","10":"product_tag-prabangi-interjero-detale","12":"first","13":"instock","14":"taxable","15":"shipping-taxable","16":"purchasable","17":"product-type-simple"},"_links":{"self":[{"href":"https:\/\/duckdeco.lt\/lt\/wp-json\/wp\/v2\/product\/12833","targetHints":{"allow":["GET"]}}],"collection":[{"href":"https:\/\/duckdeco.lt\/lt\/wp-json\/wp\/v2\/product"}],"about":[{"href":"https:\/\/duckdeco.lt\/lt\/wp-json\/wp\/v2\/types\/product"}],"version-history":[{"count":1,"href":"https:\/\/duckdeco.lt\/lt\/wp-json\/wp\/v2\/product\/12833\/revisions"}],"predecessor-version":[{"id":12838,"href":"https:\/\/duckdeco.lt\/lt\/wp-json\/wp\/v2\/product\/12833\/revisions\/12838"}],"wp:featuredmedia":[{"embeddable":true,"href":"https:\/\/duckdeco.lt\/lt\/wp-json\/wp\/v2\/media\/12836"}],"wp:attachment":[{"href":"https:\/\/duckdeco.lt\/lt\/wp-json\/wp\/v2\/media?parent=12833"}],"wp:term":[{"taxonomy":"product_brand","embeddable":true,"href":"https:\/\/duckdeco.lt\/lt\/wp-json\/wp\/v2\/product_brand?post=12833"},{"taxonomy":"product_cat","embeddable":true,"href":"https:\/\/duckdeco.lt\/lt\/wp-json\/wp\/v2\/product_cat?post=12833"},{"taxonomy":"product_tag","embeddable":true,"href":"https:\/\/duckdeco.lt\/lt\/wp-json\/wp\/v2\/product_tag?post=12833"}],"curies":[{"name":"wp","href":"https:\/\/api.w.org\/{rel}","templated":true}]}}