{"id":12839,"date":"2024-04-30T12:11:28","date_gmt":"2024-04-30T12:11:28","guid":{"rendered":"https:\/\/duckdeco.com\/?post_type=product&#038;p=12839"},"modified":"2024-04-30T12:11:28","modified_gmt":"2024-04-30T12:11:28","slug":"pledas-pilkas","status":"publish","type":"product","link":"https:\/\/duckdeco.lt\/lt\/product\/pledas-pilkas\/","title":{"rendered":"Pledas &#8211; pilkas"},"content":{"rendered":"<ul>\n<li>Mars &amp; More prek\u0117s \u017eenklo puo\u0161mena, ne tik su\u0161ildys, bet ir gra\u017eiai papildys J\u016bs\u0173 interjer\u0105 ir tiks <span class=\"HwtZe\" lang=\"lt\"><span class=\"jCAhz ChMk0b\"><span class=\"ryNqvb\">prie daugelio J\u016bs\u0173 kambario dekoratyvini\u0173 element\u0173<\/span><\/span><\/span>.<\/li>\n<li><span class=\"HwtZe\" lang=\"lt\"><span class=\"jCAhz ChMk0b\"><span class=\"ryNqvb\">Nepamainomas daiktas norint sukurti prabang\u0173 \u012fsp\u016bd\u012f sau ir kitiems. Apsigaubkite v\u0117siais vakarais, naudokite kaip dekoratyv\u0173 aksesuar\u0105 savo namuose, arba padovanokite \u0161i\u0105 miel\u0105, \u0161velni\u0105 dovan\u0105 savo artimiesiems. <\/span><\/span><\/span><\/li>\n<li><span class=\"HwtZe\" lang=\"lt\"><span class=\"jCAhz ChMk0b\"><span class=\"ryNqvb\">Detal\u0117s: med\u017eiaga &#8211; poliesteris.\u00a0<\/span><\/span> <\/span><\/li>\n<li>Spalva &#8211; pilka.<br \/>\n<table style=\"height: 46px;\" width=\"301\">\n<tbody>\n<tr>\n<td width=\"91\">I\u0161matavimai: Ilgis 130 cm \/ Plotis 180 cm<\/td>\n<\/tr>\n<\/tbody>\n<\/table>\n<p>&nbsp;<\/li>\n<\/ul>\n<p><span class=\"HwtZe\" lang=\"lt\">\u00a0<\/span><\/p>\n","protected":false},"excerpt":{"rendered":"<p>Mars &amp; More prek\u0117s \u017eenklo puo\u0161mena, ne tik su\u0161ildys, bet ir gra\u017eiai papildys J\u016bs\u0173 interjer\u0105 ir tiks prie daugelio J\u016bs\u0173 kambario dekoratyvini\u0173 element\u0173. Nepamainomas daiktas norint sukurti prabang\u0173 \u012fsp\u016bd\u012f sau ir kitiems. Apsigaubkite v\u0117siais vakarais, naudokite kaip dekoratyv\u0173 aksesuar\u0105 savo namuose, arba padovanokite \u0161i\u0105 miel\u0105, \u0161velni\u0105 dovan\u0105 savo artimiesiems. Detal\u0117s: med\u017eiaga &#8211; poliesteris.\u00a0 Spalva &#8211; &hellip; <br \/><a href=\"https:\/\/duckdeco.lt\/lt\/product\/pledas-pilkas\/\" class=\"more-link\">Continue reading <span class=\"screen-reader-text\">Pledas &#8211; pilkas<\/span><\/a><\/p>\n","protected":false},"featured_media":12840,"template":"","meta":{"_monsterinsights_skip_tracking":false,"_monsterinsights_sitenote_active":false,"_monsterinsights_sitenote_note":"","_monsterinsights_sitenote_category":0},"product_brand":[],"product_cat":[95],"product_tag":[],"class_list":{"0":"post-12839","1":"product","2":"type-product","3":"status-publish","4":"has-post-thumbnail","6":"product_cat-interjerui","8":"first","9":"instock","10":"taxable","11":"shipping-taxable","12":"purchasable","13":"product-type-simple"},"_links":{"self":[{"href":"https:\/\/duckdeco.lt\/lt\/wp-json\/wp\/v2\/product\/12839","targetHints":{"allow":["GET"]}}],"collection":[{"href":"https:\/\/duckdeco.lt\/lt\/wp-json\/wp\/v2\/product"}],"about":[{"href":"https:\/\/duckdeco.lt\/lt\/wp-json\/wp\/v2\/types\/product"}],"version-history":[{"count":1,"href":"https:\/\/duckdeco.lt\/lt\/wp-json\/wp\/v2\/product\/12839\/revisions"}],"predecessor-version":[{"id":12843,"href":"https:\/\/duckdeco.lt\/lt\/wp-json\/wp\/v2\/product\/12839\/revisions\/12843"}],"wp:featuredmedia":[{"embeddable":true,"href":"https:\/\/duckdeco.lt\/lt\/wp-json\/wp\/v2\/media\/12840"}],"wp:attachment":[{"href":"https:\/\/duckdeco.lt\/lt\/wp-json\/wp\/v2\/media?parent=12839"}],"wp:term":[{"taxonomy":"product_brand","embeddable":true,"href":"https:\/\/duckdeco.lt\/lt\/wp-json\/wp\/v2\/product_brand?post=12839"},{"taxonomy":"product_cat","embeddable":true,"href":"https:\/\/duckdeco.lt\/lt\/wp-json\/wp\/v2\/product_cat?post=12839"},{"taxonomy":"product_tag","embeddable":true,"href":"https:\/\/duckdeco.lt\/lt\/wp-json\/wp\/v2\/product_tag?post=12839"}],"curies":[{"name":"wp","href":"https:\/\/api.w.org\/{rel}","templated":true}]}}