{"id":12852,"date":"2024-04-30T13:03:22","date_gmt":"2024-04-30T13:03:22","guid":{"rendered":"https:\/\/duckdeco.com\/?post_type=product&#038;p=12852"},"modified":"2025-01-20T16:28:43","modified_gmt":"2025-01-20T14:28:43","slug":"pledas-klasikinis","status":"publish","type":"product","link":"https:\/\/duckdeco.lt\/lt\/product\/pledas-klasikinis\/","title":{"rendered":"Pledas &#8211; klasikinis"},"content":{"rendered":"<ul>\n<li><span class=\"HwtZe\" lang=\"lt\"><span class=\"jCAhz ChMk0b\"><span class=\"ryNqvb\">Nesenstanti elegancija &#8211;<\/span><\/span> ne<span class=\"jCAhz ChMk0b\"><span class=\"ryNqvb\"> tik puikus\u00a0 interjero akcentas, bet ir jaukus kompanionas \u0161altiems vakarams.<\/span><\/span> <span class=\"jCAhz ChMk0b\"><span class=\"ryNqvb\">Klasikinis languotas ra\u0161tas suteikia stiliaus atspalv\u012f bet kuriam kambariui, o mink\u0161tas ir prabangus audinys apgaubia \u0161iluma. <\/span><\/span><\/span><\/li>\n<li><span class=\"HwtZe\" lang=\"lt\"><span class=\"jCAhz ChMk0b\"><span class=\"ryNqvb\">Detal\u0117s: med\u017eiaga &#8211; akrilas. <\/span><\/span><\/span><\/li>\n<li><span class=\"HwtZe\" lang=\"lt\"><span class=\"jCAhz ChMk0b\"><span class=\"ryNqvb\">Spalva &#8211; kremin\u0117. <\/span><\/span><\/span><\/li>\n<\/ul>\n<table style=\"height: 43px;\" width=\"320\">\n<tbody>\n<tr>\n<td width=\"91\">I\u0161matavimai: Ilgis 130 cm \/ Plotis 170 cm<\/td>\n<\/tr>\n<\/tbody>\n<\/table>\n<p>&nbsp;<\/p>\n<p><span class=\"HwtZe\" lang=\"lt\"><span class=\"jCAhz ChMk0b\"><span class=\"ryNqvb\">\u00a0<\/span><\/span><\/span><\/p>\n","protected":false},"excerpt":{"rendered":"<p>Nesenstanti elegancija &#8211; ne tik puikus\u00a0 interjero akcentas, bet ir jaukus kompanionas \u0161altiems vakarams. Klasikinis languotas ra\u0161tas suteikia stiliaus atspalv\u012f bet kuriam kambariui, o mink\u0161tas ir prabangus audinys apgaubia \u0161iluma. Detal\u0117s: med\u017eiaga &#8211; akrilas. Spalva &#8211; kremin\u0117. I\u0161matavimai: Ilgis 130 cm \/ Plotis 170 cm &nbsp; \u00a0<\/p>\n","protected":false},"featured_media":12868,"template":"","meta":{"_monsterinsights_skip_tracking":false,"_monsterinsights_sitenote_active":false,"_monsterinsights_sitenote_note":"","_monsterinsights_sitenote_category":0},"product_brand":[],"product_cat":[95],"product_tag":[],"class_list":{"0":"post-12852","1":"product","2":"type-product","3":"status-publish","4":"has-post-thumbnail","6":"product_cat-interjerui","8":"first","9":"instock","10":"taxable","11":"shipping-taxable","12":"purchasable","13":"product-type-simple"},"_links":{"self":[{"href":"https:\/\/duckdeco.lt\/lt\/wp-json\/wp\/v2\/product\/12852","targetHints":{"allow":["GET"]}}],"collection":[{"href":"https:\/\/duckdeco.lt\/lt\/wp-json\/wp\/v2\/product"}],"about":[{"href":"https:\/\/duckdeco.lt\/lt\/wp-json\/wp\/v2\/types\/product"}],"version-history":[{"count":2,"href":"https:\/\/duckdeco.lt\/lt\/wp-json\/wp\/v2\/product\/12852\/revisions"}],"predecessor-version":[{"id":14992,"href":"https:\/\/duckdeco.lt\/lt\/wp-json\/wp\/v2\/product\/12852\/revisions\/14992"}],"wp:featuredmedia":[{"embeddable":true,"href":"https:\/\/duckdeco.lt\/lt\/wp-json\/wp\/v2\/media\/12868"}],"wp:attachment":[{"href":"https:\/\/duckdeco.lt\/lt\/wp-json\/wp\/v2\/media?parent=12852"}],"wp:term":[{"taxonomy":"product_brand","embeddable":true,"href":"https:\/\/duckdeco.lt\/lt\/wp-json\/wp\/v2\/product_brand?post=12852"},{"taxonomy":"product_cat","embeddable":true,"href":"https:\/\/duckdeco.lt\/lt\/wp-json\/wp\/v2\/product_cat?post=12852"},{"taxonomy":"product_tag","embeddable":true,"href":"https:\/\/duckdeco.lt\/lt\/wp-json\/wp\/v2\/product_tag?post=12852"}],"curies":[{"name":"wp","href":"https:\/\/api.w.org\/{rel}","templated":true}]}}