{"id":13001,"date":"2024-05-06T12:56:37","date_gmt":"2024-05-06T09:56:37","guid":{"rendered":"https:\/\/duckdeco.com\/?post_type=product&#038;p=13001"},"modified":"2024-12-04T10:16:16","modified_gmt":"2024-12-04T08:16:16","slug":"kilimas-zuikis","status":"publish","type":"product","link":"https:\/\/duckdeco.lt\/lt\/product\/kilimas-zuikis\/","title":{"rendered":"Kilimas \u201eZuikis\u201c"},"content":{"rendered":"<ul>\n<li>Kiekvienas i\u0161 t\u0117v\u0173 svajoja sukurti jauk\u0173 ir saug\u0173 kambar\u012f savo vaikui. Mink\u0161ti ir \u0161ilti gra\u017ei\u0173 spalv\u0173 kilimai neabejotinai praskaidrins ir pagyvins j\u016bs\u0173 vaiko kambar\u012f, suteikdami jam puik\u0173 kampel\u012f \u017eaidimams.<\/li>\n<li>Kilimai ne tik gra\u017eiai papuo\u0161ia vaiko kambar\u012f, d\u0117l mink\u0161to pluo\u0161to sukuria saugi\u0105 erdv\u0119. Sukurta r\u016bpinantis pa\u010di\u0173 ma\u017eiausi\u0173j\u0173 sveikata \u2013 \u0161is gaminys saugus alergi\u0161kiems vaikams. D\u0117l sintetinio pluo\u0161to ir trumpo bei mink\u0161to plauko kilime neturi galimyb\u0117s atsirasti dulki\u0173 erkut\u0117s.<\/li>\n<li><span class=\"HwtZe\" lang=\"lt\"><span class=\"jCAhz ChMk0b\"><span class=\"ryNqvb\">Kitas didelis privalumas \u2013 lengvai pri\u017ei\u016brima kilimo med\u017eiaga, kuri garantuoja tvirt\u0105 kokyb\u0119.<\/span><\/span> <\/span><\/li>\n<li>Kilimas \u201eZuikis\u201c tikrai prad\u017eiugins J\u016bs\u0173 vaikus, nuotaikingas 3D zuikio motyvas pilkame fone su \u0161irdel\u0117mis interjerui suteiks pasaki\u0161k\u0105 aplink\u0105. Naudojamos madingos pastelin\u0117s spalvos suteikia \u0161iuolaiki\u0161kumo ir elegancijos, ta\u010diau neatima vaiki\u0161ko ner\u016bpestingumo elemento.<\/li>\n<li>Detal\u0117s: med\u017eiaga \u2013\u00a0 100% polipropilenas \/ 100% d\u017eiutas.<\/li>\n<li>Spalva \u2013 pilka \/ \u012fvairiaspalvis.<\/li>\n<li>Neslystantis pagrindas.<\/li>\n<\/ul>\n<table width=\"405\">\n<tbody>\n<tr>\n<td width=\"91\">I\u0161matavimai: Ilgis 150 cm \/ Plotis 80 cm.<\/td>\n<\/tr>\n<\/tbody>\n<\/table>\n<p>&nbsp;<\/p>\n","protected":false},"excerpt":{"rendered":"<p>Kiekvienas i\u0161 t\u0117v\u0173 svajoja sukurti jauk\u0173 ir saug\u0173 kambar\u012f savo vaikui. Mink\u0161ti ir \u0161ilti gra\u017ei\u0173 spalv\u0173 kilimai neabejotinai praskaidrins ir pagyvins j\u016bs\u0173 vaiko kambar\u012f, suteikdami jam puik\u0173 kampel\u012f \u017eaidimams. Kilimai ne tik gra\u017eiai papuo\u0161ia vaiko kambar\u012f, d\u0117l mink\u0161to pluo\u0161to sukuria saugi\u0105 erdv\u0119. Sukurta r\u016bpinantis pa\u010di\u0173 ma\u017eiausi\u0173j\u0173 sveikata \u2013 \u0161is gaminys saugus alergi\u0161kiems vaikams. D\u0117l sintetinio &hellip; <br \/><a href=\"https:\/\/duckdeco.lt\/lt\/product\/kilimas-zuikis\/\" class=\"more-link\">Continue reading <span class=\"screen-reader-text\">Kilimas \u201eZuikis\u201c<\/span><\/a><\/p>\n","protected":false},"featured_media":13002,"template":"","meta":{"_monsterinsights_skip_tracking":false,"_monsterinsights_sitenote_active":false,"_monsterinsights_sitenote_note":"","_monsterinsights_sitenote_category":0},"product_brand":[],"product_cat":[100,104],"product_tag":[314,315],"class_list":{"0":"post-13001","1":"product","2":"type-product","3":"status-publish","4":"has-post-thumbnail","6":"product_cat-kilimai","7":"product_cat-vaikams","8":"product_tag-kilimas-vaiku-kambariui","9":"product_tag-zuikio-motyvas","11":"first","12":"instock","13":"taxable","14":"shipping-taxable","15":"purchasable","16":"product-type-simple"},"_links":{"self":[{"href":"https:\/\/duckdeco.lt\/lt\/wp-json\/wp\/v2\/product\/13001","targetHints":{"allow":["GET"]}}],"collection":[{"href":"https:\/\/duckdeco.lt\/lt\/wp-json\/wp\/v2\/product"}],"about":[{"href":"https:\/\/duckdeco.lt\/lt\/wp-json\/wp\/v2\/types\/product"}],"version-history":[{"count":1,"href":"https:\/\/duckdeco.lt\/lt\/wp-json\/wp\/v2\/product\/13001\/revisions"}],"predecessor-version":[{"id":13006,"href":"https:\/\/duckdeco.lt\/lt\/wp-json\/wp\/v2\/product\/13001\/revisions\/13006"}],"wp:featuredmedia":[{"embeddable":true,"href":"https:\/\/duckdeco.lt\/lt\/wp-json\/wp\/v2\/media\/13002"}],"wp:attachment":[{"href":"https:\/\/duckdeco.lt\/lt\/wp-json\/wp\/v2\/media?parent=13001"}],"wp:term":[{"taxonomy":"product_brand","embeddable":true,"href":"https:\/\/duckdeco.lt\/lt\/wp-json\/wp\/v2\/product_brand?post=13001"},{"taxonomy":"product_cat","embeddable":true,"href":"https:\/\/duckdeco.lt\/lt\/wp-json\/wp\/v2\/product_cat?post=13001"},{"taxonomy":"product_tag","embeddable":true,"href":"https:\/\/duckdeco.lt\/lt\/wp-json\/wp\/v2\/product_tag?post=13001"}],"curies":[{"name":"wp","href":"https:\/\/api.w.org\/{rel}","templated":true}]}}