{"id":13008,"date":"2024-05-06T14:25:00","date_gmt":"2024-05-06T11:25:00","guid":{"rendered":"https:\/\/duckdeco.com\/?post_type=product&#038;p=13008"},"modified":"2025-11-17T15:57:59","modified_gmt":"2025-11-17T13:57:59","slug":"lauko-zvake-vynuoge","status":"publish","type":"product","link":"https:\/\/duckdeco.lt\/lt\/product\/lauko-zvake-vynuoge\/","title":{"rendered":"Lauko \u017evak\u0117 \u201eGrape\u201c"},"content":{"rendered":"<ul>\n<li><span class=\"HwtZe\" lang=\"lt\"><span class=\"jCAhz ChMk0b\"><span class=\"ryNqvb\">Naudinga \u017einoti, kad \u0161ios \u017evak\u0117s pagamintos i\u0161 likutinio parafino.<\/span><\/span> <span class=\"jCAhz ChMk0b\"><span class=\"ryNqvb\">Tai parafinas, kuris i\u0161silieja arba lieka po gamybos ir yra pakartotinai naudojamas gaminti lauko \u017evakes.<\/span><\/span> <span class=\"jCAhz ChMk0b\"><span class=\"ryNqvb\">D\u0117l to spalvos gali \u0161iek tiek skirtis, tai ne gamybos klaida, o gaminio \u017eavesys.<\/span><\/span> <span class=\"jCAhz ChMk0b\"><span class=\"ryNqvb\">Itin storas dagtis, netinkamas naudoti patalpose, rei\u0161kia, kad \u0161i \u017evak\u0117 gali atlaikyti nedidel\u012f v\u0117j\u0105 ir liet\u0173, tod\u0117l ja gal\u0117site m\u0117gautis i\u0161tisus metus!<\/span><\/span><\/span><\/li>\n<li>Atminkite: <span class=\"HwtZe\" lang=\"lt\"><span class=\"jCAhz ChMk0b\"><span class=\"ryNqvb\">lauko \u017evaki\u0173 lydymosi temperat\u016bra yra tokia pati kaip ir \u012fprast\u0173 \u017evaki\u0173, <\/span><\/span><span class=\"jCAhz ChMk0b\"><span class=\"ryNqvb\">tod\u0117l b\u016bkite atsarg\u016bs, nelaikykite tiesioginiuose saul\u0117s spinduliuose ar prie degi\u0173 pavir\u0161i\u0173. <\/span><\/span><\/span><\/li>\n<li>Degimo laikas +\/- 39 val., ta\u010diau <span class=\"HwtZe\" lang=\"lt\"><span class=\"jCAhz ChMk0b\"><span class=\"ryNqvb\">oro s\u0105lygos ir met\u0173 laikas lauko \u017evaki\u0173 degimo laik\u0105 ir kokyb\u0119 reik\u0161mingai \u012ftakoja<\/span><\/span>, <span class=\"jCAhz ChMk0b\"><span class=\"ryNqvb\">nerekomenduojama deginti lauko \u017evaki\u0173 esant stipriam v\u0117jui, lietui.\u00a0 <\/span><\/span><\/span><\/li>\n<li>Detal\u0117s: med\u017eiaga &#8211; perdirbtas parafinas.<\/li>\n<li>Spalva &#8211; pernokusi vynuog\u0117.<br \/>\n<table width=\"405\">\n<tbody>\n<tr>\n<td width=\"91\">I\u0161matavimai: Skersmuo 10 cm \/ Auk\u0161tis 20 cm.<\/td>\n<\/tr>\n<\/tbody>\n<\/table>\n<p>&nbsp;<\/li>\n<\/ul>\n<div class=\"lRu31\" dir=\"ltr\">\n<div id=\"ow1573\">\n<div class=\"lRu31\" dir=\"ltr\">\n<div class=\"OvtS8d\"><\/div>\n<div id=\"ow11925\"><\/div>\n<\/div>\n<div class=\"UdTY9 WdefRb\" aria-hidden=\"true\" data-location=\"2\">\n<div class=\"kO6q6e\"><\/div>\n<\/div>\n<\/div>\n<\/div>\n<div class=\"UdTY9 WdefRb\" aria-hidden=\"true\" data-location=\"2\">\n<div class=\"kO6q6e\"><\/div>\n<\/div>\n","protected":false},"excerpt":{"rendered":"<p>Naudinga \u017einoti, kad \u0161ios \u017evak\u0117s pagamintos i\u0161 likutinio parafino. Tai parafinas, kuris i\u0161silieja arba lieka po gamybos ir yra pakartotinai naudojamas gaminti lauko \u017evakes. D\u0117l to spalvos gali \u0161iek tiek skirtis, tai ne gamybos klaida, o gaminio \u017eavesys. Itin storas dagtis, netinkamas naudoti patalpose, rei\u0161kia, kad \u0161i \u017evak\u0117 gali atlaikyti nedidel\u012f v\u0117j\u0105 ir liet\u0173, tod\u0117l &hellip; <br \/><a href=\"https:\/\/duckdeco.lt\/lt\/product\/lauko-zvake-vynuoge\/\" class=\"more-link\">Continue reading <span class=\"screen-reader-text\">Lauko \u017evak\u0117 \u201eGrape\u201c<\/span><\/a><\/p>\n","protected":false},"featured_media":13009,"template":"","meta":{"_monsterinsights_skip_tracking":false,"_monsterinsights_sitenote_active":false,"_monsterinsights_sitenote_note":"","_monsterinsights_sitenote_category":0},"product_brand":[],"product_cat":[106,144],"product_tag":[],"class_list":{"0":"post-13008","1":"product","2":"type-product","3":"status-publish","4":"has-post-thumbnail","6":"product_cat-dekoras-sventems","7":"product_cat-zvakes","9":"first","10":"instock","11":"taxable","12":"shipping-taxable","13":"purchasable","14":"product-type-simple"},"_links":{"self":[{"href":"https:\/\/duckdeco.lt\/lt\/wp-json\/wp\/v2\/product\/13008","targetHints":{"allow":["GET"]}}],"collection":[{"href":"https:\/\/duckdeco.lt\/lt\/wp-json\/wp\/v2\/product"}],"about":[{"href":"https:\/\/duckdeco.lt\/lt\/wp-json\/wp\/v2\/types\/product"}],"version-history":[{"count":2,"href":"https:\/\/duckdeco.lt\/lt\/wp-json\/wp\/v2\/product\/13008\/revisions"}],"predecessor-version":[{"id":13014,"href":"https:\/\/duckdeco.lt\/lt\/wp-json\/wp\/v2\/product\/13008\/revisions\/13014"}],"wp:featuredmedia":[{"embeddable":true,"href":"https:\/\/duckdeco.lt\/lt\/wp-json\/wp\/v2\/media\/13009"}],"wp:attachment":[{"href":"https:\/\/duckdeco.lt\/lt\/wp-json\/wp\/v2\/media?parent=13008"}],"wp:term":[{"taxonomy":"product_brand","embeddable":true,"href":"https:\/\/duckdeco.lt\/lt\/wp-json\/wp\/v2\/product_brand?post=13008"},{"taxonomy":"product_cat","embeddable":true,"href":"https:\/\/duckdeco.lt\/lt\/wp-json\/wp\/v2\/product_cat?post=13008"},{"taxonomy":"product_tag","embeddable":true,"href":"https:\/\/duckdeco.lt\/lt\/wp-json\/wp\/v2\/product_tag?post=13008"}],"curies":[{"name":"wp","href":"https:\/\/api.w.org\/{rel}","templated":true}]}}