{"id":13022,"date":"2024-05-06T16:18:11","date_gmt":"2024-05-06T13:18:11","guid":{"rendered":"https:\/\/duckdeco.com\/?post_type=product&#038;p=13022"},"modified":"2026-02-27T11:07:01","modified_gmt":"2026-02-27T09:07:01","slug":"statulele-briedis-su-laikrodziu","status":"publish","type":"product","link":"https:\/\/duckdeco.lt\/lt\/product\/statulele-briedis-su-laikrodziu\/","title":{"rendered":"Statul\u0117l\u0117 \u201eBriedis su laikrod\u017eiu\u201c"},"content":{"rendered":"<ul>\n<li class=\"p1\">Nostalgi\u0161ka bried\u017eio statula, siekiantiems susikurti unikali\u0105 aplink\u0105, suteiks interjerui savitumo, papuo\u0161 knyg\u0173 lentyn\u0105 ar \u017eidin\u012f. Nor\u0117site j\u0105 pastatyti matomiausioje vietoje, nes tai meno k\u016brinys, kuris tikrai atkreips kiekvieno d\u0117mes\u012f.<\/li>\n<li class=\"p1\">Tai puiki dovana m\u0117gstantiems ekstravaganti\u0161kum\u0105, vertinantiems ilgaam\u017ei\u0161kum\u0105.<\/li>\n<li class=\"p1\">Detal\u0117s: med\u017eiaga &#8211; polirezinas.<br \/>\n<table width=\"430\">\n<tbody>\n<tr>\n<td width=\"91\">I\u0161matavimai: Ilgis 16 cm \/ Plotis 14,5 cm \/ Auk\u0161tis 54 cm.<\/td>\n<\/tr>\n<\/tbody>\n<\/table>\n<\/li>\n<\/ul>\n","protected":false},"excerpt":{"rendered":"<p>Nostalgi\u0161ka bried\u017eio statula, siekiantiems susikurti unikali\u0105 aplink\u0105, suteiks interjerui savitumo, papuo\u0161 knyg\u0173 lentyn\u0105 ar \u017eidin\u012f. Nor\u0117site j\u0105 pastatyti matomiausioje vietoje, nes tai meno k\u016brinys, kuris tikrai atkreips kiekvieno d\u0117mes\u012f. Tai puiki dovana m\u0117gstantiems ekstravaganti\u0161kum\u0105, vertinantiems ilgaam\u017ei\u0161kum\u0105. Detal\u0117s: med\u017eiaga &#8211; polirezinas. I\u0161matavimai: Ilgis 16 cm \/ Plotis 14,5 cm \/ Auk\u0161tis 54 cm.<\/p>\n","protected":false},"featured_media":13023,"template":"","meta":{"_monsterinsights_skip_tracking":false,"_monsterinsights_sitenote_active":false,"_monsterinsights_sitenote_note":"","_monsterinsights_sitenote_category":0},"product_brand":[],"product_cat":[103,95,130],"product_tag":[348,256,258],"class_list":{"0":"post-13022","1":"product","2":"type-product","3":"status-publish","4":"has-post-thumbnail","6":"product_cat-dovanu-idejos","7":"product_cat-interjerui","8":"product_cat-statuleles-deco","9":"product_tag-briedis-su-laikrodziu","10":"product_tag-originali-dovana","11":"product_tag-statulele-is-polirezino","13":"first","14":"outofstock","15":"taxable","16":"shipping-taxable","17":"purchasable","18":"product-type-simple"},"_links":{"self":[{"href":"https:\/\/duckdeco.lt\/lt\/wp-json\/wp\/v2\/product\/13022","targetHints":{"allow":["GET"]}}],"collection":[{"href":"https:\/\/duckdeco.lt\/lt\/wp-json\/wp\/v2\/product"}],"about":[{"href":"https:\/\/duckdeco.lt\/lt\/wp-json\/wp\/v2\/types\/product"}],"version-history":[{"count":1,"href":"https:\/\/duckdeco.lt\/lt\/wp-json\/wp\/v2\/product\/13022\/revisions"}],"predecessor-version":[{"id":13026,"href":"https:\/\/duckdeco.lt\/lt\/wp-json\/wp\/v2\/product\/13022\/revisions\/13026"}],"wp:featuredmedia":[{"embeddable":true,"href":"https:\/\/duckdeco.lt\/lt\/wp-json\/wp\/v2\/media\/13023"}],"wp:attachment":[{"href":"https:\/\/duckdeco.lt\/lt\/wp-json\/wp\/v2\/media?parent=13022"}],"wp:term":[{"taxonomy":"product_brand","embeddable":true,"href":"https:\/\/duckdeco.lt\/lt\/wp-json\/wp\/v2\/product_brand?post=13022"},{"taxonomy":"product_cat","embeddable":true,"href":"https:\/\/duckdeco.lt\/lt\/wp-json\/wp\/v2\/product_cat?post=13022"},{"taxonomy":"product_tag","embeddable":true,"href":"https:\/\/duckdeco.lt\/lt\/wp-json\/wp\/v2\/product_tag?post=13022"}],"curies":[{"name":"wp","href":"https:\/\/api.w.org\/{rel}","templated":true}]}}