{"id":13056,"date":"2024-05-07T11:17:57","date_gmt":"2024-05-07T08:17:57","guid":{"rendered":"https:\/\/duckdeco.com\/?post_type=product&#038;p=13056"},"modified":"2025-01-22T08:28:11","modified_gmt":"2025-01-22T06:28:11","slug":"vaza-pepper","status":"publish","type":"product","link":"https:\/\/duckdeco.lt\/lt\/product\/vaza-pepper\/","title":{"rendered":"Vaza \u201ePepper\u201c"},"content":{"rendered":"<ul>\n<li><span class=\"HwtZe\" lang=\"lt\"> <span class=\"jCAhz ChMk0b\"><span class=\"ryNqvb\">\u012ene\u0161kite \u012f savo namus elegancijos ir rafinuotumo su Light&amp;living prek\u0117s \u017eenklo, keramikine vaza \u201ePepper\u201c. <\/span><\/span><span class=\"jCAhz ChMk0b\"><span class=\"ryNqvb\">\u0160ioje gra\u017eioje keramin\u0117je vazoje dizainas sumaniai derinamas su funkcionalumu, tod\u0117l tai yra nepakei\u010diamas dekoratyvinis J\u016bs\u0173 interjero elementas.<\/span><\/span> <span class=\"jCAhz ChMk0b\"><span class=\"ryNqvb\">Sukurta atsi\u017evelgiant \u012f detales ir meistri\u0161kum\u0105, \u0161i vaza neabejotinai pritrauks d\u0117mes\u012f ir praturtins j\u016bs\u0173 erdv\u0119. <\/span><\/span><\/span><\/li>\n<li><span class=\"HwtZe\" lang=\"lt\"><span class=\"jCAhz ChMk0b\"><span class=\"ryNqvb\">Eleganti\u0161ka ir nesenstanti estetika: sukurta i\u0161 nuostabios tamsiai \u017ealios keramikos, kuri be vargo dera prie skirting\u0173 interjero stili\u0173. <\/span><\/span><\/span><\/li>\n<li><span class=\"HwtZe\" lang=\"lt\"><span class=\"jCAhz ChMk0b\"><span class=\"ryNqvb\">Auk\u0161tos kokyb\u0117s keramikos konstrukcija: rank\u0173 darbo pagaminta i\u0161 patvarios keramikos, \u0161i vaza u\u017etikrina ilgalaik\u012f gro\u017e\u012f ir tvirtum\u0105. <\/span><\/span><\/span><\/li>\n<li><span class=\"HwtZe\" lang=\"lt\"><span class=\"jCAhz ChMk0b\"><span class=\"ryNqvb\">Tinka demonstruoti m\u0117gstamas d\u017eiovint\u0173 g\u0117li\u0173 kompozicijas, arba tiesiog kaip \u012fsp\u016bding\u0105 dekoratyvin\u012f element\u0105. D\u0117l \u0161ios vazos universalumo ji puikiai tinka bet kokiai erdvei, nesvarbu, ar tai j\u016bs\u0173 svetain\u0117, miegamasis, valgomasis, biuras ir kt.\u00a0 <\/span><\/span><\/span><\/li>\n<li>Puiki dovana \u012fkurtuvi\u0173 proga. Tikt\u0173 teminio restorano interjere, prad\u017eiugint\u0173 gaminti m\u0117gstant\u012f asmen\u012f.<\/li>\n<li>ATKREIPKITE D\u0116MES\u012e: D\u0117l \u0161ios vazos trapumo ji nebus siun\u010diama. Galimas atsi\u0117mimas buvein\u0117je\u00a0 arba pristatymas regione.<\/li>\n<li>Detal\u0117s: med\u017eiaga &#8211; keramika.<\/li>\n<li>Spalva &#8211; tamsiai \u017ealia.<\/li>\n<li>Neatspari vandeniui.<br \/>\n<table style=\"height: 76px;\" width=\"446\">\n<tbody>\n<tr>\n<td width=\"91\">I\u0161matavimai: Ilgis 24,5 cm \/ Plotis 25,5 cm \/ Auk\u0161tis 20,5 cm.<\/td>\n<\/tr>\n<\/tbody>\n<\/table>\n<p>&nbsp;<\/li>\n<\/ul>\n<p>&nbsp;<\/p>\n<p>&nbsp;<\/p>\n","protected":false},"excerpt":{"rendered":"<p>\u012ene\u0161kite \u012f savo namus elegancijos ir rafinuotumo su Light&amp;living prek\u0117s \u017eenklo, keramikine vaza \u201ePepper\u201c. \u0160ioje gra\u017eioje keramin\u0117je vazoje dizainas sumaniai derinamas su funkcionalumu, tod\u0117l tai yra nepakei\u010diamas dekoratyvinis J\u016bs\u0173 interjero elementas. Sukurta atsi\u017evelgiant \u012f detales ir meistri\u0161kum\u0105, \u0161i vaza neabejotinai pritrauks d\u0117mes\u012f ir praturtins j\u016bs\u0173 erdv\u0119. Eleganti\u0161ka ir nesenstanti estetika: sukurta i\u0161 nuostabios tamsiai \u017ealios &hellip; <br \/><a href=\"https:\/\/duckdeco.lt\/lt\/product\/vaza-pepper\/\" class=\"more-link\">Continue reading <span class=\"screen-reader-text\">Vaza \u201ePepper\u201c<\/span><\/a><\/p>\n","protected":false},"featured_media":13063,"template":"","meta":{"_monsterinsights_skip_tracking":false,"_monsterinsights_sitenote_active":false,"_monsterinsights_sitenote_note":"","_monsterinsights_sitenote_category":0},"product_brand":[],"product_cat":[103,101],"product_tag":[268,285,282,283],"class_list":{"0":"post-13056","1":"product","2":"type-product","3":"status-publish","4":"has-post-thumbnail","6":"product_cat-dovanu-idejos","7":"product_cat-vazos","8":"product_tag-aukstos-kokybes-keramika","9":"product_tag-kavines-interjerui","10":"product_tag-vaza-dekoruota-pipirais","11":"product_tag-zalios-spalvos-vaza","13":"first","14":"instock","15":"taxable","16":"shipping-taxable","17":"purchasable","18":"product-type-simple"},"_links":{"self":[{"href":"https:\/\/duckdeco.lt\/lt\/wp-json\/wp\/v2\/product\/13056","targetHints":{"allow":["GET"]}}],"collection":[{"href":"https:\/\/duckdeco.lt\/lt\/wp-json\/wp\/v2\/product"}],"about":[{"href":"https:\/\/duckdeco.lt\/lt\/wp-json\/wp\/v2\/types\/product"}],"version-history":[{"count":1,"href":"https:\/\/duckdeco.lt\/lt\/wp-json\/wp\/v2\/product\/13056\/revisions"}],"predecessor-version":[{"id":13059,"href":"https:\/\/duckdeco.lt\/lt\/wp-json\/wp\/v2\/product\/13056\/revisions\/13059"}],"wp:featuredmedia":[{"embeddable":true,"href":"https:\/\/duckdeco.lt\/lt\/wp-json\/wp\/v2\/media\/13063"}],"wp:attachment":[{"href":"https:\/\/duckdeco.lt\/lt\/wp-json\/wp\/v2\/media?parent=13056"}],"wp:term":[{"taxonomy":"product_brand","embeddable":true,"href":"https:\/\/duckdeco.lt\/lt\/wp-json\/wp\/v2\/product_brand?post=13056"},{"taxonomy":"product_cat","embeddable":true,"href":"https:\/\/duckdeco.lt\/lt\/wp-json\/wp\/v2\/product_cat?post=13056"},{"taxonomy":"product_tag","embeddable":true,"href":"https:\/\/duckdeco.lt\/lt\/wp-json\/wp\/v2\/product_tag?post=13056"}],"curies":[{"name":"wp","href":"https:\/\/api.w.org\/{rel}","templated":true}]}}