{"id":13105,"date":"2024-05-09T15:58:13","date_gmt":"2024-05-09T12:58:13","guid":{"rendered":"https:\/\/duckdeco.com\/?post_type=product&#038;p=13105"},"modified":"2024-12-04T12:02:59","modified_gmt":"2024-12-04T10:02:59","slug":"stiklo-tapyba-auksinis-paukstis","status":"publish","type":"product","link":"https:\/\/duckdeco.lt\/lt\/product\/stiklo-tapyba-auksinis-paukstis\/","title":{"rendered":"Stiklo tapyba \u201eAuksinis pauk\u0161tis\u201c"},"content":{"rendered":"<ul>\n<li><span class=\"HwtZe\" lang=\"lt\"><span class=\"jCAhz ChMk0b\"><span class=\"ryNqvb\">Ter Halle prekinio \u017eenklo stiklo tapyba netrukus gali pavogti j\u016bs\u0173 svetain\u0119, miegam\u0105j\u012f ar koridori\u0173! D\u0117l i\u0161skirtin\u0117s iliustracijos, a\u0161traus vaizdo ir spalv\u0173 jis atrodo labai gra\u017eiai. <\/span><\/span><\/span><\/li>\n<li><span class=\"HwtZe\" lang=\"lt\"><span class=\"jCAhz ChMk0b\"><span class=\"ryNqvb\">Neapsiriksite papuo\u0161\u0119 savo erdv\u0119, padovanoj\u0105 draugams ar kolegoms, nes stiklo tapyba yra unikalus bet kokio interjero stiliaus priedas!<br \/>\n<\/span><\/span><\/span><\/li>\n<li><span class=\"HwtZe\" lang=\"lt\"><span class=\"jCAhz ChMk0b\"><span class=\"ryNqvb\">Ekstravaganti\u0161kas fotografijos meno k\u016brinys sienai pagamintas i\u0161 auk\u0161tos kokyb\u0117s stipraus gr\u016bdinto stiklo, suteikia kri\u0161tolo skaidrumo vaizd\u0105.<\/span><\/span> Modernus, aptakus dizainas ir \u0161viesos \u017eaismas stikle.\u00a0<\/span><\/li>\n<li>Paveikslas yra su pakabinimo sistema.<\/li>\n<li>Detal\u0117s: med\u017eiaga \u2013 gr\u016bdintas stiklas.<\/li>\n<\/ul>\n<table width=\"405\">\n<tbody>\n<tr>\n<td width=\"91\">I\u0161matavimai: Ilgis 100 cm \/ Plotis 55 cm.<\/td>\n<\/tr>\n<\/tbody>\n<\/table>\n","protected":false},"excerpt":{"rendered":"<p>Ter Halle prekinio \u017eenklo stiklo tapyba netrukus gali pavogti j\u016bs\u0173 svetain\u0119, miegam\u0105j\u012f ar koridori\u0173! D\u0117l i\u0161skirtin\u0117s iliustracijos, a\u0161traus vaizdo ir spalv\u0173 jis atrodo labai gra\u017eiai. Neapsiriksite papuo\u0161\u0119 savo erdv\u0119, padovanoj\u0105 draugams ar kolegoms, nes stiklo tapyba yra unikalus bet kokio interjero stiliaus priedas! Ekstravaganti\u0161kas fotografijos meno k\u016brinys sienai pagamintas i\u0161 auk\u0161tos kokyb\u0117s stipraus gr\u016bdinto stiklo, &hellip; <br \/><a href=\"https:\/\/duckdeco.lt\/lt\/product\/stiklo-tapyba-auksinis-paukstis\/\" class=\"more-link\">Continue reading <span class=\"screen-reader-text\">Stiklo tapyba \u201eAuksinis pauk\u0161tis\u201c<\/span><\/a><\/p>\n","protected":false},"featured_media":13106,"template":"","meta":{"_monsterinsights_skip_tracking":false,"_monsterinsights_sitenote_active":false,"_monsterinsights_sitenote_note":"","_monsterinsights_sitenote_category":0},"product_brand":[],"product_cat":[103,95,143],"product_tag":[342,334,337],"class_list":{"0":"post-13105","1":"product","2":"type-product","3":"status-publish","4":"has-post-thumbnail","6":"product_cat-dovanu-idejos","7":"product_cat-interjerui","8":"product_cat-paveikslai","9":"product_tag-modernus-paveikslas","10":"product_tag-sienu-dekoras","11":"product_tag-stiklo-tapyba","13":"first","14":"instock","15":"taxable","16":"shipping-taxable","17":"purchasable","18":"product-type-simple"},"_links":{"self":[{"href":"https:\/\/duckdeco.lt\/lt\/wp-json\/wp\/v2\/product\/13105","targetHints":{"allow":["GET"]}}],"collection":[{"href":"https:\/\/duckdeco.lt\/lt\/wp-json\/wp\/v2\/product"}],"about":[{"href":"https:\/\/duckdeco.lt\/lt\/wp-json\/wp\/v2\/types\/product"}],"version-history":[{"count":1,"href":"https:\/\/duckdeco.lt\/lt\/wp-json\/wp\/v2\/product\/13105\/revisions"}],"predecessor-version":[{"id":13107,"href":"https:\/\/duckdeco.lt\/lt\/wp-json\/wp\/v2\/product\/13105\/revisions\/13107"}],"wp:featuredmedia":[{"embeddable":true,"href":"https:\/\/duckdeco.lt\/lt\/wp-json\/wp\/v2\/media\/13106"}],"wp:attachment":[{"href":"https:\/\/duckdeco.lt\/lt\/wp-json\/wp\/v2\/media?parent=13105"}],"wp:term":[{"taxonomy":"product_brand","embeddable":true,"href":"https:\/\/duckdeco.lt\/lt\/wp-json\/wp\/v2\/product_brand?post=13105"},{"taxonomy":"product_cat","embeddable":true,"href":"https:\/\/duckdeco.lt\/lt\/wp-json\/wp\/v2\/product_cat?post=13105"},{"taxonomy":"product_tag","embeddable":true,"href":"https:\/\/duckdeco.lt\/lt\/wp-json\/wp\/v2\/product_tag?post=13105"}],"curies":[{"name":"wp","href":"https:\/\/api.w.org\/{rel}","templated":true}]}}