{"id":13111,"date":"2024-05-09T16:38:59","date_gmt":"2024-05-09T13:38:59","guid":{"rendered":"https:\/\/duckdeco.com\/?post_type=product&#038;p=13111"},"modified":"2024-12-04T12:04:08","modified_gmt":"2024-12-04T10:04:08","slug":"stiklo-paveikslas-kosmonautas","status":"publish","type":"product","link":"https:\/\/duckdeco.lt\/lt\/product\/stiklo-paveikslas-kosmonautas\/","title":{"rendered":"Stiklo tapyba \u201eKosmonautas\u201c"},"content":{"rendered":"<ul>\n<li><span class=\"HwtZe\" lang=\"lt\"><span class=\"jCAhz ChMk0b\"><span class=\"ryNqvb\">Gr\u016bdinto stiklo paveikslai puikiai derina modernum\u0105 ir jaukum\u0105. D\u0117l to jie tinka kiekvieno interjerui, nesvarbu, ar j\u016bs\u0173 stilius yra klasikinis, modernus, eklekti\u0161kas ar ka\u017ekur tarp j\u0173. <\/span><\/span><\/span><\/li>\n<li><span class=\"HwtZe\" lang=\"lt\"><span class=\"jCAhz ChMk0b\"><span class=\"ryNqvb\">\u012esp\u016bdinga spalvin\u0117 gama, u\u017eburianti iliustracija nune\u0161anti nuo g\u0117li\u0173 pievos iki pat kosmoso platybi\u0173 ir viskas dera\u00a0 tarpusavyje. Tai abstraktus menas, modernus, aptakus dizainas ir \u0161viesos \u017eaismas stikle, suteiks J\u016bs\u0173 erdvei unikalumo arba taps originalia dovanos id\u0117ja.\u00a0<\/span><\/span><br \/>\n<\/span><\/li>\n<li><span class=\"HwtZe\" lang=\"lt\"><span class=\"jCAhz ChMk0b\"><span class=\"ryNqvb\">Meno k\u016brinys sienai pagamintas i\u0161 auk\u0161tos kokyb\u0117s stipraus gr\u016bdinto stiklo.<\/span><\/span><\/span><\/li>\n<li>Paveikslas yra su pakabinimo sistema.<br \/>\n<table width=\"405\">\n<tbody>\n<tr>\n<td width=\"91\">I\u0161matavimai: Ilgis 110 cm \/ Plotis 70 cm.<\/td>\n<\/tr>\n<\/tbody>\n<\/table>\n<\/li>\n<\/ul>\n","protected":false},"excerpt":{"rendered":"<p>Gr\u016bdinto stiklo paveikslai puikiai derina modernum\u0105 ir jaukum\u0105. D\u0117l to jie tinka kiekvieno interjerui, nesvarbu, ar j\u016bs\u0173 stilius yra klasikinis, modernus, eklekti\u0161kas ar ka\u017ekur tarp j\u0173. \u012esp\u016bdinga spalvin\u0117 gama, u\u017eburianti iliustracija nune\u0161anti nuo g\u0117li\u0173 pievos iki pat kosmoso platybi\u0173 ir viskas dera\u00a0 tarpusavyje. Tai abstraktus menas, modernus, aptakus dizainas ir \u0161viesos \u017eaismas stikle, suteiks J\u016bs\u0173 &hellip; <br \/><a href=\"https:\/\/duckdeco.lt\/lt\/product\/stiklo-paveikslas-kosmonautas\/\" class=\"more-link\">Continue reading <span class=\"screen-reader-text\">Stiklo tapyba \u201eKosmonautas\u201c<\/span><\/a><\/p>\n","protected":false},"featured_media":13112,"template":"","meta":{"_monsterinsights_skip_tracking":false,"_monsterinsights_sitenote_active":false,"_monsterinsights_sitenote_note":"","_monsterinsights_sitenote_category":0},"product_brand":[],"product_cat":[103,95,143],"product_tag":[342,334,337],"class_list":{"0":"post-13111","1":"product","2":"type-product","3":"status-publish","4":"has-post-thumbnail","6":"product_cat-dovanu-idejos","7":"product_cat-interjerui","8":"product_cat-paveikslai","9":"product_tag-modernus-paveikslas","10":"product_tag-sienu-dekoras","11":"product_tag-stiklo-tapyba","13":"first","14":"instock","15":"taxable","16":"shipping-taxable","17":"purchasable","18":"product-type-simple"},"_links":{"self":[{"href":"https:\/\/duckdeco.lt\/lt\/wp-json\/wp\/v2\/product\/13111","targetHints":{"allow":["GET"]}}],"collection":[{"href":"https:\/\/duckdeco.lt\/lt\/wp-json\/wp\/v2\/product"}],"about":[{"href":"https:\/\/duckdeco.lt\/lt\/wp-json\/wp\/v2\/types\/product"}],"version-history":[{"count":3,"href":"https:\/\/duckdeco.lt\/lt\/wp-json\/wp\/v2\/product\/13111\/revisions"}],"predecessor-version":[{"id":13139,"href":"https:\/\/duckdeco.lt\/lt\/wp-json\/wp\/v2\/product\/13111\/revisions\/13139"}],"wp:featuredmedia":[{"embeddable":true,"href":"https:\/\/duckdeco.lt\/lt\/wp-json\/wp\/v2\/media\/13112"}],"wp:attachment":[{"href":"https:\/\/duckdeco.lt\/lt\/wp-json\/wp\/v2\/media?parent=13111"}],"wp:term":[{"taxonomy":"product_brand","embeddable":true,"href":"https:\/\/duckdeco.lt\/lt\/wp-json\/wp\/v2\/product_brand?post=13111"},{"taxonomy":"product_cat","embeddable":true,"href":"https:\/\/duckdeco.lt\/lt\/wp-json\/wp\/v2\/product_cat?post=13111"},{"taxonomy":"product_tag","embeddable":true,"href":"https:\/\/duckdeco.lt\/lt\/wp-json\/wp\/v2\/product_tag?post=13111"}],"curies":[{"name":"wp","href":"https:\/\/api.w.org\/{rel}","templated":true}]}}