{"id":13145,"date":"2024-05-10T11:03:54","date_gmt":"2024-05-10T08:03:54","guid":{"rendered":"https:\/\/duckdeco.com\/?post_type=product&#038;p=13145"},"modified":"2024-12-04T11:37:30","modified_gmt":"2024-12-04T09:37:30","slug":"vintazine-tapyba-citrinos","status":"publish","type":"product","link":"https:\/\/duckdeco.lt\/lt\/product\/vintazine-tapyba-citrinos\/","title":{"rendered":"Vinta\u017ein\u0117 tapyba \u201eCitrinos\u201c"},"content":{"rendered":"<ul>\n<li><span class=\"HwtZe\" lang=\"lt\"><span class=\"jCAhz ChMk0b\"><span class=\"ryNqvb\">Suteikite savo namams \u017eavesio su \u0161iuo nuostabiu, subtilaus vinta\u017einio stiliaus \u201eCitrinos\u201c paveikslu.<\/span><\/span> <span class=\"jCAhz ChMk0b\"><span class=\"ryNqvb\">\u0160is meno k\u016brinys, suteikia spalvingumo bet kuriam kambariui.<\/span><\/span><\/span><\/li>\n<li><span class=\"HwtZe\" lang=\"lt\"><span class=\"HwtZe\" lang=\"lt\"> <span class=\"jCAhz ChMk0b\"><span class=\"ryNqvb\">\u012ekv\u0117pkite ry\u0161ki\u0173 spalv\u0173 ir nesenstan\u010dio \u0161io unikalaus k\u016brinio charakterio, pakabinkite j\u012f savo svetain\u0117je, virtuv\u0117je, o gal atnaujinkite savo sodyb\u0105.<br \/>\n<\/span><\/span><\/span><\/span><\/li>\n<li><span class=\"HwtZe\" lang=\"lt\"><span class=\"HwtZe\" lang=\"lt\"><span class=\"jCAhz ChMk0b\"><span class=\"ryNqvb\">Paveikslas yra su pakabinimo sistema.<br \/>\n<\/span><\/span><\/span><\/span><\/p>\n<table width=\"405\">\n<tbody>\n<tr>\n<td width=\"91\">I\u0161matavimai: Ilgis 70 cm \/ Plotis 50 cm.<\/td>\n<\/tr>\n<\/tbody>\n<\/table>\n<\/li>\n<\/ul>\n","protected":false},"excerpt":{"rendered":"<p>Suteikite savo namams \u017eavesio su \u0161iuo nuostabiu, subtilaus vinta\u017einio stiliaus \u201eCitrinos\u201c paveikslu. \u0160is meno k\u016brinys, suteikia spalvingumo bet kuriam kambariui. \u012ekv\u0117pkite ry\u0161ki\u0173 spalv\u0173 ir nesenstan\u010dio \u0161io unikalaus k\u016brinio charakterio, pakabinkite j\u012f savo svetain\u0117je, virtuv\u0117je, o gal atnaujinkite savo sodyb\u0105. Paveikslas yra su pakabinimo sistema. I\u0161matavimai: Ilgis 70 cm \/ Plotis 50 cm.<\/p>\n","protected":false},"featured_media":13151,"template":"","meta":{"_monsterinsights_skip_tracking":false,"_monsterinsights_sitenote_active":false,"_monsterinsights_sitenote_note":"","_monsterinsights_sitenote_category":0},"product_brand":[],"product_cat":[103,95,143],"product_tag":[332,334,333],"class_list":{"0":"post-13145","1":"product","2":"type-product","3":"status-publish","4":"has-post-thumbnail","6":"product_cat-dovanu-idejos","7":"product_cat-interjerui","8":"product_cat-paveikslai","9":"product_tag-paveikslas-namu-interjerui","10":"product_tag-sienu-dekoras","11":"product_tag-vintazine-tapyba","13":"first","14":"instock","15":"taxable","16":"shipping-taxable","17":"purchasable","18":"product-type-simple"},"_links":{"self":[{"href":"https:\/\/duckdeco.lt\/lt\/wp-json\/wp\/v2\/product\/13145","targetHints":{"allow":["GET"]}}],"collection":[{"href":"https:\/\/duckdeco.lt\/lt\/wp-json\/wp\/v2\/product"}],"about":[{"href":"https:\/\/duckdeco.lt\/lt\/wp-json\/wp\/v2\/types\/product"}],"version-history":[{"count":1,"href":"https:\/\/duckdeco.lt\/lt\/wp-json\/wp\/v2\/product\/13145\/revisions"}],"predecessor-version":[{"id":13148,"href":"https:\/\/duckdeco.lt\/lt\/wp-json\/wp\/v2\/product\/13145\/revisions\/13148"}],"wp:featuredmedia":[{"embeddable":true,"href":"https:\/\/duckdeco.lt\/lt\/wp-json\/wp\/v2\/media\/13151"}],"wp:attachment":[{"href":"https:\/\/duckdeco.lt\/lt\/wp-json\/wp\/v2\/media?parent=13145"}],"wp:term":[{"taxonomy":"product_brand","embeddable":true,"href":"https:\/\/duckdeco.lt\/lt\/wp-json\/wp\/v2\/product_brand?post=13145"},{"taxonomy":"product_cat","embeddable":true,"href":"https:\/\/duckdeco.lt\/lt\/wp-json\/wp\/v2\/product_cat?post=13145"},{"taxonomy":"product_tag","embeddable":true,"href":"https:\/\/duckdeco.lt\/lt\/wp-json\/wp\/v2\/product_tag?post=13145"}],"curies":[{"name":"wp","href":"https:\/\/api.w.org\/{rel}","templated":true}]}}