{"id":13152,"date":"2024-05-10T11:39:32","date_gmt":"2024-05-10T08:39:32","guid":{"rendered":"https:\/\/duckdeco.com\/?post_type=product&#038;p=13152"},"modified":"2025-02-04T11:02:51","modified_gmt":"2025-02-04T09:02:51","slug":"musiu-mustukas","status":"publish","type":"product","link":"https:\/\/duckdeco.lt\/lt\/product\/musiu-mustukas\/","title":{"rendered":"Musi\u0173 mu\u0161tukas"},"content":{"rendered":"<ul>\n<li>Da\u017enai nam\u0173 apyvokos daiktai atrodo nepatraukliai, tad juos norisi pasl\u0117pti tolimiausiame kampelyje. Ta\u010diau ne \u0161iuo atveju, prek\u0117s \u017eenklo Esschert Design gaminiai pasi\u017eymi kokybe ir patrauklia i\u0161vaizda.<\/li>\n<li>\u0160is musi\u0173 mu\u0161tukas puikiai atliks savo funkcij\u0105, tarnaus ilgai ir J\u016bs tikrai nenor\u0117site jo niekur sl\u0117pti. Tai taip pat puiki dovana \u012fkurtuvi\u0173 proga.<\/li>\n<li>Detal\u0117s: med\u017eiaga &#8211; dirbtin\u0117 \/ uosio mediena.<\/li>\n<\/ul>\n<table style=\"height: 58px;\" width=\"430\">\n<tbody>\n<tr>\n<td width=\"91\">I\u0161matavimai: Ilgis 1,2 cm \/ Plotis 11,5 cm \/ Auk\u0161tis 51,8 cm<\/td>\n<\/tr>\n<\/tbody>\n<\/table>\n","protected":false},"excerpt":{"rendered":"<p>Da\u017enai nam\u0173 apyvokos daiktai atrodo nepatraukliai, tad juos norisi pasl\u0117pti tolimiausiame kampelyje. Ta\u010diau ne \u0161iuo atveju, prek\u0117s \u017eenklo Esschert Design gaminiai pasi\u017eymi kokybe ir patrauklia i\u0161vaizda. \u0160is musi\u0173 mu\u0161tukas puikiai atliks savo funkcij\u0105, tarnaus ilgai ir J\u016bs tikrai nenor\u0117site jo niekur sl\u0117pti. Tai taip pat puiki dovana \u012fkurtuvi\u0173 proga. Detal\u0117s: med\u017eiaga &#8211; dirbtin\u0117 \/ uosio &hellip; <br \/><a href=\"https:\/\/duckdeco.lt\/lt\/product\/musiu-mustukas\/\" class=\"more-link\">Continue reading <span class=\"screen-reader-text\">Musi\u0173 mu\u0161tukas<\/span><\/a><\/p>\n","protected":false},"featured_media":13155,"template":"","meta":{"_monsterinsights_skip_tracking":false,"_monsterinsights_sitenote_active":false,"_monsterinsights_sitenote_note":"","_monsterinsights_sitenote_category":0},"product_brand":[],"product_cat":[95,53],"product_tag":[520],"class_list":{"0":"post-13152","1":"product","2":"type-product","3":"status-publish","4":"has-post-thumbnail","6":"product_cat-interjerui","7":"product_cat-sub-category","8":"product_tag-musiu-mustukas","10":"first","11":"instock","12":"taxable","13":"shipping-taxable","14":"purchasable","15":"product-type-simple"},"_links":{"self":[{"href":"https:\/\/duckdeco.lt\/lt\/wp-json\/wp\/v2\/product\/13152","targetHints":{"allow":["GET"]}}],"collection":[{"href":"https:\/\/duckdeco.lt\/lt\/wp-json\/wp\/v2\/product"}],"about":[{"href":"https:\/\/duckdeco.lt\/lt\/wp-json\/wp\/v2\/types\/product"}],"version-history":[{"count":1,"href":"https:\/\/duckdeco.lt\/lt\/wp-json\/wp\/v2\/product\/13152\/revisions"}],"predecessor-version":[{"id":13156,"href":"https:\/\/duckdeco.lt\/lt\/wp-json\/wp\/v2\/product\/13152\/revisions\/13156"}],"wp:featuredmedia":[{"embeddable":true,"href":"https:\/\/duckdeco.lt\/lt\/wp-json\/wp\/v2\/media\/13155"}],"wp:attachment":[{"href":"https:\/\/duckdeco.lt\/lt\/wp-json\/wp\/v2\/media?parent=13152"}],"wp:term":[{"taxonomy":"product_brand","embeddable":true,"href":"https:\/\/duckdeco.lt\/lt\/wp-json\/wp\/v2\/product_brand?post=13152"},{"taxonomy":"product_cat","embeddable":true,"href":"https:\/\/duckdeco.lt\/lt\/wp-json\/wp\/v2\/product_cat?post=13152"},{"taxonomy":"product_tag","embeddable":true,"href":"https:\/\/duckdeco.lt\/lt\/wp-json\/wp\/v2\/product_tag?post=13152"}],"curies":[{"name":"wp","href":"https:\/\/api.w.org\/{rel}","templated":true}]}}