{"id":13183,"date":"2024-05-13T09:10:15","date_gmt":"2024-05-13T06:10:15","guid":{"rendered":"https:\/\/duckdeco.com\/?post_type=product&#038;p=13183"},"modified":"2025-11-23T03:00:55","modified_gmt":"2025-11-23T01:00:55","slug":"keramikine-kriaukle","status":"publish","type":"product","link":"https:\/\/duckdeco.lt\/lt\/product\/keramikine-kriaukle\/","title":{"rendered":"Keramikin\u0117 kriaukl\u0117"},"content":{"rendered":"<ul>\n<li><span class=\"HwtZe\" lang=\"lt\"><span class=\"jCAhz ChMk0b\"><span class=\"ryNqvb\">Suteikite savo nam\u0173 dekorui paj\u016brio stiliaus atspalv\u012f su i\u0161rai\u0161kinga keramikine kriaukle i\u0161 Elzet kolekcijos.<\/span><\/span> <span class=\"jCAhz ChMk0b\"><span class=\"ryNqvb\">I\u0161samus ir tikrovi\u0161kas dizainas suteikia nat\u016bralaus gro\u017eio bet kuriam kambariui.<\/span><\/span> <\/span><\/li>\n<li><span class=\"HwtZe\" lang=\"lt\"><span class=\"HwtZe\" lang=\"lt\"><span class=\"jCAhz ChMk0b\"><span class=\"ryNqvb\">Puikiai tinka kaip dekoro elementas lentynoms, stalams, komodoms, tikrai atrasite tinkamiausi\u0105 viet\u0105 savo namuose. <\/span><\/span>Tai <span class=\"jCAhz ChMk0b\"><span class=\"ryNqvb\">patvari ir stilinga puo\u0161mena bet kokiam interjero stiliui.<\/span><\/span><\/span><\/span><br \/>\n<table width=\"405\">\n<tbody>\n<tr>\n<td width=\"91\">I\u0161matavimai: Ilgis 12 cm \/ Plotis 22 cm \/ Auk\u0161tis 7 cm.<\/td>\n<\/tr>\n<\/tbody>\n<\/table>\n<p><span class=\"HwtZe\" lang=\"lt\"><span class=\"jCAhz ChMk0b\"><span class=\"ryNqvb\">\u00a0<\/span><\/span><\/span><\/li>\n<\/ul>\n","protected":false},"excerpt":{"rendered":"<p>Suteikite savo nam\u0173 dekorui paj\u016brio stiliaus atspalv\u012f su i\u0161rai\u0161kinga keramikine kriaukle i\u0161 Elzet kolekcijos. I\u0161samus ir tikrovi\u0161kas dizainas suteikia nat\u016bralaus gro\u017eio bet kuriam kambariui. Puikiai tinka kaip dekoro elementas lentynoms, stalams, komodoms, tikrai atrasite tinkamiausi\u0105 viet\u0105 savo namuose. Tai patvari ir stilinga puo\u0161mena bet kokiam interjero stiliui. I\u0161matavimai: Ilgis 12 cm \/ Plotis 22 cm &hellip; <br \/><a href=\"https:\/\/duckdeco.lt\/lt\/product\/keramikine-kriaukle\/\" class=\"more-link\">Continue reading <span class=\"screen-reader-text\">Keramikin\u0117 kriaukl\u0117<\/span><\/a><\/p>\n","protected":false},"featured_media":13188,"template":"","meta":{"_monsterinsights_skip_tracking":false,"_monsterinsights_sitenote_active":false,"_monsterinsights_sitenote_note":"","_monsterinsights_sitenote_category":0},"product_brand":[],"product_cat":[106,95],"product_tag":[270,271],"class_list":{"0":"post-13183","1":"product","2":"type-product","3":"status-publish","4":"has-post-thumbnail","6":"product_cat-dekoras-sventems","7":"product_cat-interjerui","8":"product_tag-dekoratyvine-keramikine-kriaukle","9":"product_tag-interjero-dekoras","11":"first","12":"instock","13":"taxable","14":"shipping-taxable","15":"purchasable","16":"product-type-simple"},"_links":{"self":[{"href":"https:\/\/duckdeco.lt\/lt\/wp-json\/wp\/v2\/product\/13183","targetHints":{"allow":["GET"]}}],"collection":[{"href":"https:\/\/duckdeco.lt\/lt\/wp-json\/wp\/v2\/product"}],"about":[{"href":"https:\/\/duckdeco.lt\/lt\/wp-json\/wp\/v2\/types\/product"}],"version-history":[{"count":2,"href":"https:\/\/duckdeco.lt\/lt\/wp-json\/wp\/v2\/product\/13183\/revisions"}],"predecessor-version":[{"id":13194,"href":"https:\/\/duckdeco.lt\/lt\/wp-json\/wp\/v2\/product\/13183\/revisions\/13194"}],"wp:featuredmedia":[{"embeddable":true,"href":"https:\/\/duckdeco.lt\/lt\/wp-json\/wp\/v2\/media\/13188"}],"wp:attachment":[{"href":"https:\/\/duckdeco.lt\/lt\/wp-json\/wp\/v2\/media?parent=13183"}],"wp:term":[{"taxonomy":"product_brand","embeddable":true,"href":"https:\/\/duckdeco.lt\/lt\/wp-json\/wp\/v2\/product_brand?post=13183"},{"taxonomy":"product_cat","embeddable":true,"href":"https:\/\/duckdeco.lt\/lt\/wp-json\/wp\/v2\/product_cat?post=13183"},{"taxonomy":"product_tag","embeddable":true,"href":"https:\/\/duckdeco.lt\/lt\/wp-json\/wp\/v2\/product_tag?post=13183"}],"curies":[{"name":"wp","href":"https:\/\/api.w.org\/{rel}","templated":true}]}}