{"id":13195,"date":"2024-05-13T10:32:19","date_gmt":"2024-05-13T07:32:19","guid":{"rendered":"https:\/\/duckdeco.com\/?post_type=product&#038;p=13195"},"modified":"2024-12-02T16:15:35","modified_gmt":"2024-12-02T14:15:35","slug":"vaza-kelapa-i","status":"publish","type":"product","link":"https:\/\/duckdeco.lt\/lt\/product\/vaza-kelapa-i\/","title":{"rendered":"Vaza \u201eKelapa\u201c I"},"content":{"rendered":"<p>&nbsp;<\/p>\n<ul>\n<li><span class=\"HwtZe\" lang=\"lt\"><span class=\"jCAhz ChMk0b\"><span class=\"ryNqvb\">Light&amp;Living prek\u0117s \u017eenklo keramikin\u0117 vaza \u201eKelapa\u201c \u012f<\/span><\/span><span class=\"jCAhz ChMk0b\"><span class=\"ryNqvb\">sikelkite nat\u016bral\u0173 keramikos gro\u017e\u012f \u012f savo namus.<\/span><\/span> <span class=\"jCAhz ChMk0b\"><span class=\"ryNqvb\">\u0160i gra\u017ei, raminan\u010dio pilkai \u017ealio atspalvio vaza suteikia j\u016bs\u0173 interjerui rafinuotumo ir nat\u016bralaus \u017eavesio.<\/span><\/span> <span class=\"jCAhz ChMk0b\"><span class=\"ryNqvb\">D\u0117l savo universali\u0173 matmen\u0173 puikiai tiks papuo\u0161ti j\u016bs\u0173 namus ir pabr\u0117\u017eti g\u0117li\u0173 kompozicijas.<\/span><\/span> <\/span><\/li>\n<li><span class=\"HwtZe\" lang=\"lt\"><span class=\"jCAhz ChMk0b\"><span class=\"ryNqvb\">Stilingas keraminis gro\u017eis: vaza pagaminta i\u0161 auk\u0161tos kokyb\u0117s keramikos, tod\u0117l yra patvari ir stilinga. Keramikin\u0117 med\u017eiaga suteikia vazai ne tik ilgaam\u017ei\u0161kumo, bet ir gra\u017eaus blizgesio bei tekst\u016bros, <\/span><\/span><span class=\"jCAhz ChMk0b\"><span class=\"ryNqvb\">tai suteiks j\u016bs\u0173 interjerui nesenstant\u012f vaizd\u0105.\u00a0<\/span><\/span> <\/span><\/li>\n<li><span class=\"HwtZe\" lang=\"lt\"><span class=\"jCAhz ChMk0b\"><span class=\"ryNqvb\">Nat\u016brali\u0173 spalv\u0173 palet\u0117: pilkai \u017ealias vazos atspalvis bet kuriai erdvei prid\u0117s nat\u016bralaus puo\u0161numo, sukurdamas taiki\u0105 ir rami\u0105 atmosfer\u0105.<\/span><\/span> <\/span><\/li>\n<li><span class=\"HwtZe\" lang=\"lt\"><span class=\"jCAhz ChMk0b\"><span class=\"ryNqvb\">Dekoratyviniai akcentai: Kelapa vaza yra daugiau nei tik vaza;<\/span><\/span> <span class=\"jCAhz ChMk0b\"><span class=\"ryNqvb\">tai dekoratyvinis elementas, kuris <\/span><\/span><span class=\"jCAhz ChMk0b\"><span class=\"ryNqvb\">suteikia nepakartojamo atspalvio bet kuriam kambariui. <\/span><\/span><span class=\"jCAhz ChMk0b\"><span class=\"ryNqvb\">Palikite tu\u0161\u010di\u0105, kad atrodytum\u0117te minimalisti\u0161kai, arba u\u017epildykite m\u0117gstamomis g\u0117l\u0117mis, \u0161akomis ar dekoratyviniais stiebais, kad sukurtum\u0117te \u012fsp\u016bding\u0105 vaizd\u0105, kuris patrauks ak\u012f ir juo \u017eav\u0117sis visi, kurie apsilankys j\u016bs\u0173 namuose.<\/span><\/span><\/span><\/li>\n<li><span class=\"HwtZe\" lang=\"lt\"><span class=\"HwtZe\" lang=\"lt\"> <span class=\"jCAhz ChMk0b\"><span class=\"ryNqvb\">Nesvarbu, ar norite papuo\u0161ti savo valgomojo stal\u0105, kavos staliuk\u0105, palang\u0119 ar knyg\u0173 lentyn\u0105, Kelapa vaza papildys bet kuri\u0105 patalp\u0105. Paverskite savo namus stiliaus ir elegancijos oaze. <\/span><\/span><\/span><\/span><\/li>\n<li><span class=\"HwtZe\" lang=\"lt\"><span class=\"HwtZe\" lang=\"lt\"><span class=\"jCAhz ChMk0b\"><span class=\"ryNqvb\">ATKREIPKITE D\u0116MES\u012e: D\u0117l \u0161ios vazos trapumo ji nebus siun\u010diama. Galimas atsi\u0117mimas buvein\u0117je arba pristatymas regione. <\/span><\/span><\/span><\/span><\/li>\n<li><span class=\"HwtZe\" lang=\"lt\"><span class=\"HwtZe\" lang=\"lt\"><span class=\"jCAhz ChMk0b\"><span class=\"ryNqvb\">Detal\u0117s: med\u017eiaga &#8211; 100 % keramika. <\/span><\/span><\/span><\/span><\/li>\n<li><span class=\"HwtZe\" lang=\"lt\"><span class=\"HwtZe\" lang=\"lt\"><span class=\"jCAhz ChMk0b\"><span class=\"ryNqvb\">Spalva &#8211; pilkai \u017ealia.<br \/>\n<\/span><\/span><\/span><\/span><\/p>\n<table style=\"height: 76px;\" width=\"417\">\n<tbody>\n<tr>\n<td width=\"91\">I\u0161matavimai: Ilgis 26 cm \/ Plotis 26,5 \/ Auk\u0161tis 23 cm.<\/td>\n<\/tr>\n<\/tbody>\n<\/table>\n<\/li>\n<\/ul>\n","protected":false},"excerpt":{"rendered":"<p>&nbsp; Light&amp;Living prek\u0117s \u017eenklo keramikin\u0117 vaza \u201eKelapa\u201c \u012fsikelkite nat\u016bral\u0173 keramikos gro\u017e\u012f \u012f savo namus. \u0160i gra\u017ei, raminan\u010dio pilkai \u017ealio atspalvio vaza suteikia j\u016bs\u0173 interjerui rafinuotumo ir nat\u016bralaus \u017eavesio. D\u0117l savo universali\u0173 matmen\u0173 puikiai tiks papuo\u0161ti j\u016bs\u0173 namus ir pabr\u0117\u017eti g\u0117li\u0173 kompozicijas. Stilingas keraminis gro\u017eis: vaza pagaminta i\u0161 auk\u0161tos kokyb\u0117s keramikos, tod\u0117l yra patvari ir stilinga. &hellip; <br \/><a href=\"https:\/\/duckdeco.lt\/lt\/product\/vaza-kelapa-i\/\" class=\"more-link\">Continue reading <span class=\"screen-reader-text\">Vaza \u201eKelapa\u201c I<\/span><\/a><\/p>\n","protected":false},"featured_media":13197,"template":"","meta":{"_monsterinsights_skip_tracking":false,"_monsterinsights_sitenote_active":false,"_monsterinsights_sitenote_note":"","_monsterinsights_sitenote_category":0},"product_brand":[],"product_cat":[103,95,101],"product_tag":[268,269,267],"class_list":{"0":"post-13195","1":"product","2":"type-product","3":"status-publish","4":"has-post-thumbnail","6":"product_cat-dovanu-idejos","7":"product_cat-interjerui","8":"product_cat-vazos","9":"product_tag-aukstos-kokybes-keramika","10":"product_tag-modernaus-dizaino-vaza","11":"product_tag-pilkai-zalia-vaza","13":"first","14":"instock","15":"taxable","16":"shipping-taxable","17":"purchasable","18":"product-type-simple"},"_links":{"self":[{"href":"https:\/\/duckdeco.lt\/lt\/wp-json\/wp\/v2\/product\/13195","targetHints":{"allow":["GET"]}}],"collection":[{"href":"https:\/\/duckdeco.lt\/lt\/wp-json\/wp\/v2\/product"}],"about":[{"href":"https:\/\/duckdeco.lt\/lt\/wp-json\/wp\/v2\/types\/product"}],"version-history":[{"count":1,"href":"https:\/\/duckdeco.lt\/lt\/wp-json\/wp\/v2\/product\/13195\/revisions"}],"predecessor-version":[{"id":13203,"href":"https:\/\/duckdeco.lt\/lt\/wp-json\/wp\/v2\/product\/13195\/revisions\/13203"}],"wp:featuredmedia":[{"embeddable":true,"href":"https:\/\/duckdeco.lt\/lt\/wp-json\/wp\/v2\/media\/13197"}],"wp:attachment":[{"href":"https:\/\/duckdeco.lt\/lt\/wp-json\/wp\/v2\/media?parent=13195"}],"wp:term":[{"taxonomy":"product_brand","embeddable":true,"href":"https:\/\/duckdeco.lt\/lt\/wp-json\/wp\/v2\/product_brand?post=13195"},{"taxonomy":"product_cat","embeddable":true,"href":"https:\/\/duckdeco.lt\/lt\/wp-json\/wp\/v2\/product_cat?post=13195"},{"taxonomy":"product_tag","embeddable":true,"href":"https:\/\/duckdeco.lt\/lt\/wp-json\/wp\/v2\/product_tag?post=13195"}],"curies":[{"name":"wp","href":"https:\/\/api.w.org\/{rel}","templated":true}]}}