{"id":13205,"date":"2024-05-13T11:18:36","date_gmt":"2024-05-13T08:18:36","guid":{"rendered":"https:\/\/duckdeco.com\/?post_type=product&#038;p=13205"},"modified":"2025-09-10T16:28:29","modified_gmt":"2025-09-10T13:28:29","slug":"inkilas-pavasaris","status":"publish","type":"product","link":"https:\/\/duckdeco.lt\/lt\/product\/inkilas-pavasaris\/","title":{"rendered":"Inkilas \u201ePavasaris\u201c"},"content":{"rendered":"<ul>\n<li>Sukurtas ma\u017eiausiems pauk\u0161teliams, esant at\u0161iaurioms oro s\u0105lygoms suteikia pastog\u0119 ir apsaug\u0105 nuo pl\u0117\u0161r\u016bn\u0173.<\/li>\n<li>\u017daismingas sodybos akcentas, dekoruotas mielomis detal\u0117mis, dovan\u0173 id\u0117ja naujakuriams ar pavasario \u0161ven\u010di\u0173 proga.<\/li>\n<li>Detal\u0117s: med\u017eiaga \u2013 med\u017eio plau\u0161\u0173 plok\u0161t\u0117.<\/li>\n<\/ul>\n<table width=\"439\">\n<tbody>\n<tr>\n<td width=\"91\">I\u0161matavimai: Ilgis 15 cm \/ Plotis 13 cm \/ Auk\u0161tis 25 cm.<\/td>\n<\/tr>\n<\/tbody>\n<\/table>\n","protected":false},"excerpt":{"rendered":"<p>Sukurtas ma\u017eiausiems pauk\u0161teliams, esant at\u0161iaurioms oro s\u0105lygoms suteikia pastog\u0119 ir apsaug\u0105 nuo pl\u0117\u0161r\u016bn\u0173. \u017daismingas sodybos akcentas, dekoruotas mielomis detal\u0117mis, dovan\u0173 id\u0117ja naujakuriams ar pavasario \u0161ven\u010di\u0173 proga. Detal\u0117s: med\u017eiaga \u2013 med\u017eio plau\u0161\u0173 plok\u0161t\u0117. I\u0161matavimai: Ilgis 15 cm \/ Plotis 13 cm \/ Auk\u0161tis 25 cm.<\/p>\n","protected":false},"featured_media":13208,"template":"","meta":{"_monsterinsights_skip_tracking":false,"_monsterinsights_sitenote_active":false,"_monsterinsights_sitenote_note":"","_monsterinsights_sitenote_category":0},"product_brand":[],"product_cat":[103],"product_tag":[266,493,494],"class_list":{"0":"post-13205","1":"product","2":"type-product","3":"status-publish","4":"has-post-thumbnail","6":"product_cat-dovanu-idejos","7":"product_tag-inkilas-pavasario-tematika","8":"product_tag-pauksciu-namelis","9":"product_tag-sodo","11":"first","12":"outofstock","13":"taxable","14":"shipping-taxable","15":"purchasable","16":"product-type-simple"},"_links":{"self":[{"href":"https:\/\/duckdeco.lt\/lt\/wp-json\/wp\/v2\/product\/13205","targetHints":{"allow":["GET"]}}],"collection":[{"href":"https:\/\/duckdeco.lt\/lt\/wp-json\/wp\/v2\/product"}],"about":[{"href":"https:\/\/duckdeco.lt\/lt\/wp-json\/wp\/v2\/types\/product"}],"version-history":[{"count":1,"href":"https:\/\/duckdeco.lt\/lt\/wp-json\/wp\/v2\/product\/13205\/revisions"}],"predecessor-version":[{"id":13210,"href":"https:\/\/duckdeco.lt\/lt\/wp-json\/wp\/v2\/product\/13205\/revisions\/13210"}],"wp:featuredmedia":[{"embeddable":true,"href":"https:\/\/duckdeco.lt\/lt\/wp-json\/wp\/v2\/media\/13208"}],"wp:attachment":[{"href":"https:\/\/duckdeco.lt\/lt\/wp-json\/wp\/v2\/media?parent=13205"}],"wp:term":[{"taxonomy":"product_brand","embeddable":true,"href":"https:\/\/duckdeco.lt\/lt\/wp-json\/wp\/v2\/product_brand?post=13205"},{"taxonomy":"product_cat","embeddable":true,"href":"https:\/\/duckdeco.lt\/lt\/wp-json\/wp\/v2\/product_cat?post=13205"},{"taxonomy":"product_tag","embeddable":true,"href":"https:\/\/duckdeco.lt\/lt\/wp-json\/wp\/v2\/product_tag?post=13205"}],"curies":[{"name":"wp","href":"https:\/\/api.w.org\/{rel}","templated":true}]}}