{"id":13255,"date":"2024-05-13T15:59:47","date_gmt":"2024-05-13T12:59:47","guid":{"rendered":"https:\/\/duckdeco.com\/?post_type=product&#038;p=13255"},"modified":"2026-03-07T13:49:05","modified_gmt":"2026-03-07T11:49:05","slug":"cilindrine-zvake-black","status":"publish","type":"product","link":"https:\/\/duckdeco.lt\/lt\/product\/cilindrine-zvake-black\/","title":{"rendered":"Cilindrin\u0117 \u017evak\u0117 \u201eBlack\u201c"},"content":{"rendered":"<ul>\n<li><span class=\"HwtZe\" lang=\"lt\"><span class=\"jCAhz ChMk0b\"><span class=\"ryNqvb\">Rustik lys prek\u0117s \u017eenklo cilindrin\u0117s \u017evak\u0117s, i\u0161siskirian\u010dios \u012fsp\u016bdingu dyd\u017eiu ir blizgiomis spalvomis. Tai, kad \u017evak\u0117s yra vientisos spalvos n\u0117ra tr\u016bkumas, tai privalumas, kadangi taip liepsna gra\u017eiai prasiskverbia,\u00a0 leid\u017eia optimaliai m\u0117gautis \u017evaki\u0173 \u0161viesa. <\/span><\/span><\/span><\/li>\n<li><span class=\"HwtZe\" lang=\"lt\"><span class=\"jCAhz ChMk0b\"><span class=\"ryNqvb\">Detal\u0117s: med\u017eiaga \u2013 va\u0161kas. <\/span><\/span><\/span><\/li>\n<li><span class=\"HwtZe\" lang=\"lt\"><span class=\"jCAhz ChMk0b\"><span class=\"ryNqvb\">Spalva \u2013 juoda. <\/span><\/span><\/span><\/li>\n<li><span class=\"HwtZe\" lang=\"lt\"><span class=\"jCAhz ChMk0b\"><span class=\"ryNqvb\">Dega +\/- 79 val.<br \/>\n<\/span><\/span><\/span><\/p>\n<table width=\"405\">\n<tbody>\n<tr>\n<td width=\"91\">I\u0161matavimai: Skersmuo 10 cm \/ Auk\u0161tis 15 cm.<\/td>\n<\/tr>\n<\/tbody>\n<\/table>\n<\/li>\n<\/ul>\n","protected":false},"excerpt":{"rendered":"<p>Rustik lys prek\u0117s \u017eenklo cilindrin\u0117s \u017evak\u0117s, i\u0161siskirian\u010dios \u012fsp\u016bdingu dyd\u017eiu ir blizgiomis spalvomis. Tai, kad \u017evak\u0117s yra vientisos spalvos n\u0117ra tr\u016bkumas, tai privalumas, kadangi taip liepsna gra\u017eiai prasiskverbia,\u00a0 leid\u017eia optimaliai m\u0117gautis \u017evaki\u0173 \u0161viesa. Detal\u0117s: med\u017eiaga \u2013 va\u0161kas. Spalva \u2013 juoda. Dega +\/- 79 val. I\u0161matavimai: Skersmuo 10 cm \/ Auk\u0161tis 15 cm.<\/p>\n","protected":false},"featured_media":13256,"template":"","meta":{"_monsterinsights_skip_tracking":false,"_monsterinsights_sitenote_active":false,"_monsterinsights_sitenote_note":"","_monsterinsights_sitenote_category":0},"product_brand":[],"product_cat":[106,122,144],"product_tag":[511],"class_list":{"0":"post-13255","1":"product","2":"type-product","3":"status-publish","4":"has-post-thumbnail","6":"product_cat-dekoras-sventems","7":"product_cat-ispardavimas","8":"product_cat-zvakes","9":"product_tag-cilindrine-zvake","11":"first","12":"instock","13":"sale","14":"taxable","15":"shipping-taxable","16":"purchasable","17":"product-type-simple"},"_links":{"self":[{"href":"https:\/\/duckdeco.lt\/lt\/wp-json\/wp\/v2\/product\/13255","targetHints":{"allow":["GET"]}}],"collection":[{"href":"https:\/\/duckdeco.lt\/lt\/wp-json\/wp\/v2\/product"}],"about":[{"href":"https:\/\/duckdeco.lt\/lt\/wp-json\/wp\/v2\/types\/product"}],"version-history":[{"count":3,"href":"https:\/\/duckdeco.lt\/lt\/wp-json\/wp\/v2\/product\/13255\/revisions"}],"predecessor-version":[{"id":15082,"href":"https:\/\/duckdeco.lt\/lt\/wp-json\/wp\/v2\/product\/13255\/revisions\/15082"}],"wp:featuredmedia":[{"embeddable":true,"href":"https:\/\/duckdeco.lt\/lt\/wp-json\/wp\/v2\/media\/13256"}],"wp:attachment":[{"href":"https:\/\/duckdeco.lt\/lt\/wp-json\/wp\/v2\/media?parent=13255"}],"wp:term":[{"taxonomy":"product_brand","embeddable":true,"href":"https:\/\/duckdeco.lt\/lt\/wp-json\/wp\/v2\/product_brand?post=13255"},{"taxonomy":"product_cat","embeddable":true,"href":"https:\/\/duckdeco.lt\/lt\/wp-json\/wp\/v2\/product_cat?post=13255"},{"taxonomy":"product_tag","embeddable":true,"href":"https:\/\/duckdeco.lt\/lt\/wp-json\/wp\/v2\/product_tag?post=13255"}],"curies":[{"name":"wp","href":"https:\/\/api.w.org\/{rel}","templated":true}]}}