{"id":13269,"date":"2024-05-14T09:48:05","date_gmt":"2024-05-14T06:48:05","guid":{"rendered":"https:\/\/duckdeco.com\/?post_type=product&#038;p=13269"},"modified":"2026-03-07T13:47:44","modified_gmt":"2026-03-07T11:47:44","slug":"kolonine-zvake-auksas-15-cm","status":"publish","type":"product","link":"https:\/\/duckdeco.lt\/lt\/product\/kolonine-zvake-auksas-15-cm\/","title":{"rendered":"Kolonin\u0117 \u017evak\u0117 auksas 15 cm"},"content":{"rendered":"<ul>\n<li><span class=\"HwtZe\" lang=\"lt\"><span class=\"jCAhz ChMk0b\"><span class=\"ryNqvb\">\u0160ios \u017evak\u0117s yra rank\u0173 darbo gaminys, pagamintos i\u0161 auk\u0161tos kokyb\u0117s parafino, Europoje. Tai kokybi\u0161ka \u017evak\u0117, kuri patraukliai papuo\u0161 J\u016bs\u0173 namus ir prid\u0117s jaukumo J\u016bs\u0173 stalui.<br \/>\n<\/span><\/span><\/span><\/li>\n<li>Neskleid\u017eia juod\u0173 d\u016bm\u0173.<\/li>\n<li>Dega +\/ &#8211; 65 val.<\/li>\n<li>Detal\u0117s: med\u017eiaga &#8211; parafinas.<\/li>\n<li>Spalva &#8211; aukso.<br \/>\n<table width=\"405\">\n<tbody>\n<tr>\n<td width=\"91\">I\u0161matavimai: Skersmuo 7 cm \/ Auk\u0161tis 15 cm.<\/td>\n<\/tr>\n<\/tbody>\n<\/table>\n<p>&nbsp;<\/li>\n<\/ul>\n<p><span class=\"HwtZe\" lang=\"lt\">\u00a0<\/span><\/p>\n<p>&nbsp;<\/p>\n","protected":false},"excerpt":{"rendered":"<p>\u0160ios \u017evak\u0117s yra rank\u0173 darbo gaminys, pagamintos i\u0161 auk\u0161tos kokyb\u0117s parafino, Europoje. Tai kokybi\u0161ka \u017evak\u0117, kuri patraukliai papuo\u0161 J\u016bs\u0173 namus ir prid\u0117s jaukumo J\u016bs\u0173 stalui. Neskleid\u017eia juod\u0173 d\u016bm\u0173. Dega +\/ &#8211; 65 val. Detal\u0117s: med\u017eiaga &#8211; parafinas. Spalva &#8211; aukso. I\u0161matavimai: Skersmuo 7 cm \/ Auk\u0161tis 15 cm. &nbsp; \u00a0 &nbsp;<\/p>\n","protected":false},"featured_media":13270,"template":"","meta":{"_monsterinsights_skip_tracking":false,"_monsterinsights_sitenote_active":false,"_monsterinsights_sitenote_note":"","_monsterinsights_sitenote_category":0},"product_brand":[],"product_cat":[106,122,144],"product_tag":[510],"class_list":{"0":"post-13269","1":"product","2":"type-product","3":"status-publish","4":"has-post-thumbnail","6":"product_cat-dekoras-sventems","7":"product_cat-ispardavimas","8":"product_cat-zvakes","9":"product_tag-kolonine-zvake","11":"first","12":"instock","13":"sale","14":"taxable","15":"shipping-taxable","16":"purchasable","17":"product-type-simple"},"_links":{"self":[{"href":"https:\/\/duckdeco.lt\/lt\/wp-json\/wp\/v2\/product\/13269","targetHints":{"allow":["GET"]}}],"collection":[{"href":"https:\/\/duckdeco.lt\/lt\/wp-json\/wp\/v2\/product"}],"about":[{"href":"https:\/\/duckdeco.lt\/lt\/wp-json\/wp\/v2\/types\/product"}],"version-history":[{"count":3,"href":"https:\/\/duckdeco.lt\/lt\/wp-json\/wp\/v2\/product\/13269\/revisions"}],"predecessor-version":[{"id":15080,"href":"https:\/\/duckdeco.lt\/lt\/wp-json\/wp\/v2\/product\/13269\/revisions\/15080"}],"wp:featuredmedia":[{"embeddable":true,"href":"https:\/\/duckdeco.lt\/lt\/wp-json\/wp\/v2\/media\/13270"}],"wp:attachment":[{"href":"https:\/\/duckdeco.lt\/lt\/wp-json\/wp\/v2\/media?parent=13269"}],"wp:term":[{"taxonomy":"product_brand","embeddable":true,"href":"https:\/\/duckdeco.lt\/lt\/wp-json\/wp\/v2\/product_brand?post=13269"},{"taxonomy":"product_cat","embeddable":true,"href":"https:\/\/duckdeco.lt\/lt\/wp-json\/wp\/v2\/product_cat?post=13269"},{"taxonomy":"product_tag","embeddable":true,"href":"https:\/\/duckdeco.lt\/lt\/wp-json\/wp\/v2\/product_tag?post=13269"}],"curies":[{"name":"wp","href":"https:\/\/api.w.org\/{rel}","templated":true}]}}