{"id":13279,"date":"2024-05-14T11:18:47","date_gmt":"2024-05-14T08:18:47","guid":{"rendered":"https:\/\/duckdeco.com\/?post_type=product&#038;p=13279"},"modified":"2025-01-27T16:20:57","modified_gmt":"2025-01-27T14:20:57","slug":"suriu-serviravimo-rinkinys-monaco","status":"publish","type":"product","link":"https:\/\/duckdeco.lt\/lt\/product\/suriu-serviravimo-rinkinys-monaco\/","title":{"rendered":"S\u016bri\u0173 serviravimo rinkinys Monaco +"},"content":{"rendered":"<ul>\n<li><span class=\"HwtZe\" lang=\"lt\"><span class=\"jCAhz ChMk0b\"><span class=\"ryNqvb\">Boska Ultimate s\u016brio rinkinys Monaco+ &#8211; puiki dovana tikram s\u016bri\u0173 myl\u0117tojui, taip pat tai yra turtas kiekvienam nam\u0173 \u016bkiui. \u0160iame auk\u0161tos kokyb\u0117s rinkinyje yra pra\u0161matni europieti\u0161ko \u0105\u017euolo serviravimo lenta ir 10 tvirt\u0173, ner\u016bdijan\u010dio plieno s\u016brio peili\u0173. Kiekvienas peilis yra daugiau nei 120 met\u0173 patirties gaminant s\u016brio \u012frankius rezultatas. Tai rei\u0161kia, kad kiekvienas s\u016brio peilis turi tinkamas savybes tam tikros r\u016b\u0161ies s\u016briui pjaustyti. <\/span><\/span><\/span><\/li>\n<li><span class=\"HwtZe\" lang=\"lt\"><span class=\"jCAhz ChMk0b\"><span class=\"ryNqvb\">Laukiate sve\u010di\u0173? Tuomet i\u0161simkite \u0161\u012f patog\u0173 serviravimo rinkin\u012f, kurio pagalba J\u016bs\u0173 s\u016bris ir kiti u\u017ekand\u017eiai ant tvirtos, nesenstan\u010dio dizaino medin\u0117s lentos atrodys nuostabiai. S\u016brio peilius gal\u0117site tvarkingai laikyti \u0105\u017euolin\u0117s lentos viduje. Taip j\u016bs visada tur\u0117site visus peilius po ranka ir jums nereik\u0117s kaskart kapstytis po virtuv\u0117s stal\u010di\u0173. <\/span><\/span><\/span><\/li>\n<li><span class=\"HwtZe\" lang=\"lt\"><span class=\"jCAhz ChMk0b\"><span class=\"ryNqvb\">Lentos laikymo skyriuose rasite nauding\u0173 patarim\u0173 ir gudrybi\u0173, kaip serviruoti s\u016brio ir u\u017ekand\u017ei\u0173 lent\u0105. D\u0117l specialaus BSF\u2122 apdorojimo visi ner\u016bdijan\u010dio plieno s\u016brio peiliai yra nelimpantys. Tai i\u0161lieka vis\u0105 j\u0173 gyvenim\u0105.<\/span><\/span><\/span><\/li>\n<li><span class=\"HwtZe\" lang=\"lt\"><span class=\"jCAhz ChMk0b\"><span class=\"ryNqvb\"> Peilius galima plauti indaplov\u0117je, ta\u010diau lent\u0105 reikia plauti rankomis ir leisti i\u0161d\u017ei\u016bti vertikaliai. Kas m\u0117nes\u012f apipurk\u0161kite medien\u0105 BOSKA lent\u0173 aliejumi, kad apsaugotum\u0117te j\u0105 nuo skilimo, d\u0117mi\u0173 ir kvap\u0173.<\/span><\/span><\/span><\/li>\n<li><span class=\"HwtZe\" lang=\"lt\"><span class=\"jCAhz ChMk0b\"><span class=\"ryNqvb\">Boska Ultimate s\u016brio rinkinys Monaco+ &#8211; puiki investicija, prakti\u0161ka ir vertinga dovana, kuri tiks bet kokia progai, pavyzd\u017eiui, Kal\u0117doms, gimtadieniui, T\u0117vo ir Motinos dienai, vestuv\u0117ms, \u012fkurtuv\u0117s ir kt. <\/span><\/span><\/span><\/li>\n<li><span class=\"HwtZe\" lang=\"lt\"><span class=\"jCAhz ChMk0b\"><span class=\"ryNqvb\">Detal\u0117s: med\u017eiaga &#8211; serviravimo lenta &#8211; europieti\u0161kas \u0105\u017euolas \/ peiliai &#8211; ner\u016bdijantis plienas. <\/span><\/span><\/span><\/li>\n<li><span class=\"HwtZe\" lang=\"lt\"><span class=\"jCAhz ChMk0b\"><span class=\"ryNqvb\">Spalva: medienos \/ sidabro.<br \/>\n<\/span><\/span><\/span><\/li>\n<\/ul>\n<table style=\"height: 63px;\" width=\"414\">\n<tbody>\n<tr>\n<td width=\"91\">I\u0161matavimai: Ilgis 42 cm \/ Plotis 32 cm \/ Auk\u0161tis 6 cm<\/td>\n<\/tr>\n<\/tbody>\n<\/table>\n<p><span class=\"HwtZe\" lang=\"lt\"><span class=\"jCAhz ChMk0b\"><span class=\"ryNqvb\">\u00a0<\/span><\/span><\/span><\/p>\n<p>&nbsp;<\/p>\n","protected":false},"excerpt":{"rendered":"<p>Boska Ultimate s\u016brio rinkinys Monaco+ &#8211; puiki dovana tikram s\u016bri\u0173 myl\u0117tojui, taip pat tai yra turtas kiekvienam nam\u0173 \u016bkiui. \u0160iame auk\u0161tos kokyb\u0117s rinkinyje yra pra\u0161matni europieti\u0161ko \u0105\u017euolo serviravimo lenta ir 10 tvirt\u0173, ner\u016bdijan\u010dio plieno s\u016brio peili\u0173. Kiekvienas peilis yra daugiau nei 120 met\u0173 patirties gaminant s\u016brio \u012frankius rezultatas. Tai rei\u0161kia, kad kiekvienas s\u016brio peilis turi &hellip; <br \/><a href=\"https:\/\/duckdeco.lt\/lt\/product\/suriu-serviravimo-rinkinys-monaco\/\" class=\"more-link\">Continue reading <span class=\"screen-reader-text\">S\u016bri\u0173 serviravimo rinkinys Monaco +<\/span><\/a><\/p>\n","protected":false},"featured_media":13280,"template":"","meta":{"_monsterinsights_skip_tracking":false,"_monsterinsights_sitenote_active":false,"_monsterinsights_sitenote_note":"","_monsterinsights_sitenote_category":0},"product_brand":[],"product_cat":[103,109],"product_tag":[509],"class_list":{"0":"post-13279","1":"product","2":"type-product","3":"status-publish","4":"has-post-thumbnail","6":"product_cat-dovanu-idejos","7":"product_cat-serviravimo-indai","8":"product_tag-suriu-serviravimo-rinkinys","10":"first","11":"instock","12":"taxable","13":"shipping-taxable","14":"purchasable","15":"product-type-simple"},"_links":{"self":[{"href":"https:\/\/duckdeco.lt\/lt\/wp-json\/wp\/v2\/product\/13279","targetHints":{"allow":["GET"]}}],"collection":[{"href":"https:\/\/duckdeco.lt\/lt\/wp-json\/wp\/v2\/product"}],"about":[{"href":"https:\/\/duckdeco.lt\/lt\/wp-json\/wp\/v2\/types\/product"}],"version-history":[{"count":1,"href":"https:\/\/duckdeco.lt\/lt\/wp-json\/wp\/v2\/product\/13279\/revisions"}],"predecessor-version":[{"id":13287,"href":"https:\/\/duckdeco.lt\/lt\/wp-json\/wp\/v2\/product\/13279\/revisions\/13287"}],"wp:featuredmedia":[{"embeddable":true,"href":"https:\/\/duckdeco.lt\/lt\/wp-json\/wp\/v2\/media\/13280"}],"wp:attachment":[{"href":"https:\/\/duckdeco.lt\/lt\/wp-json\/wp\/v2\/media?parent=13279"}],"wp:term":[{"taxonomy":"product_brand","embeddable":true,"href":"https:\/\/duckdeco.lt\/lt\/wp-json\/wp\/v2\/product_brand?post=13279"},{"taxonomy":"product_cat","embeddable":true,"href":"https:\/\/duckdeco.lt\/lt\/wp-json\/wp\/v2\/product_cat?post=13279"},{"taxonomy":"product_tag","embeddable":true,"href":"https:\/\/duckdeco.lt\/lt\/wp-json\/wp\/v2\/product_tag?post=13279"}],"curies":[{"name":"wp","href":"https:\/\/api.w.org\/{rel}","templated":true}]}}