{"id":13305,"date":"2024-05-14T13:06:23","date_gmt":"2024-05-14T10:06:23","guid":{"rendered":"https:\/\/duckdeco.com\/?post_type=product&#038;p=13305"},"modified":"2026-02-27T11:19:01","modified_gmt":"2026-02-27T09:19:01","slug":"spiralines-zvakes-roest","status":"publish","type":"product","link":"https:\/\/duckdeco.lt\/lt\/product\/spiralines-zvakes-roest\/","title":{"rendered":"Spiralin\u0117s \u017evak\u0117s \u201eRoest\u201c"},"content":{"rendered":"<ul>\n<li><span class=\"HwtZe\" lang=\"lt\"><span class=\"jCAhz ChMk0b\"><span class=\"ryNqvb\">Unikali \u017evaki\u0173 forma sukurs patraukl\u0173 vizualin\u012f efekt\u0105, suteiks rafinuotumo J\u016bs\u0173 erdvei. \u0160velni spalva suteiks elegancijos \u012fsp\u016bd\u012f \u0161ventin\u0117s vakarien\u0117s metu arba prid\u0117s jaukumo J\u016bs\u0173 poilsio zonoje. <\/span><\/span><\/span><\/li>\n<li>Komplekt\u0105 sudaro 6 vnt.<\/li>\n<li>Detal\u0117s: med\u017eiaga \u2013 va\u0161kas.<\/li>\n<li>Spalva \u2013 pastelin\u0117 ruda.<\/li>\n<\/ul>\n<div class=\"UdTY9 WdefRb\" aria-hidden=\"true\" data-location=\"2\">\n<div class=\"kO6q6e\">\n<ul>\n<li>\n<table width=\"405\">\n<tbody>\n<tr>\n<td width=\"91\">I\u0161matavimai: Skersmuo 2 cm \/ Auk\u0161tis 30 cm.<\/td>\n<\/tr>\n<\/tbody>\n<\/table>\n<\/li>\n<\/ul>\n<\/div>\n<\/div>\n","protected":false},"excerpt":{"rendered":"<p>Unikali \u017evaki\u0173 forma sukurs patraukl\u0173 vizualin\u012f efekt\u0105, suteiks rafinuotumo J\u016bs\u0173 erdvei. \u0160velni spalva suteiks elegancijos \u012fsp\u016bd\u012f \u0161ventin\u0117s vakarien\u0117s metu arba prid\u0117s jaukumo J\u016bs\u0173 poilsio zonoje. Komplekt\u0105 sudaro 6 vnt. Detal\u0117s: med\u017eiaga \u2013 va\u0161kas. Spalva \u2013 pastelin\u0117 ruda. I\u0161matavimai: Skersmuo 2 cm \/ Auk\u0161tis 30 cm.<\/p>\n","protected":false},"featured_media":13308,"template":"","meta":{"_monsterinsights_skip_tracking":false,"_monsterinsights_sitenote_active":false,"_monsterinsights_sitenote_note":"","_monsterinsights_sitenote_category":0},"product_brand":[],"product_cat":[106,144],"product_tag":[508],"class_list":{"0":"post-13305","1":"product","2":"type-product","3":"status-publish","4":"has-post-thumbnail","6":"product_cat-dekoras-sventems","7":"product_cat-zvakes","8":"product_tag-spiralines-zvakes","10":"first","11":"outofstock","12":"taxable","13":"shipping-taxable","14":"purchasable","15":"product-type-simple"},"_links":{"self":[{"href":"https:\/\/duckdeco.lt\/lt\/wp-json\/wp\/v2\/product\/13305","targetHints":{"allow":["GET"]}}],"collection":[{"href":"https:\/\/duckdeco.lt\/lt\/wp-json\/wp\/v2\/product"}],"about":[{"href":"https:\/\/duckdeco.lt\/lt\/wp-json\/wp\/v2\/types\/product"}],"version-history":[{"count":3,"href":"https:\/\/duckdeco.lt\/lt\/wp-json\/wp\/v2\/product\/13305\/revisions"}],"predecessor-version":[{"id":15072,"href":"https:\/\/duckdeco.lt\/lt\/wp-json\/wp\/v2\/product\/13305\/revisions\/15072"}],"wp:featuredmedia":[{"embeddable":true,"href":"https:\/\/duckdeco.lt\/lt\/wp-json\/wp\/v2\/media\/13308"}],"wp:attachment":[{"href":"https:\/\/duckdeco.lt\/lt\/wp-json\/wp\/v2\/media?parent=13305"}],"wp:term":[{"taxonomy":"product_brand","embeddable":true,"href":"https:\/\/duckdeco.lt\/lt\/wp-json\/wp\/v2\/product_brand?post=13305"},{"taxonomy":"product_cat","embeddable":true,"href":"https:\/\/duckdeco.lt\/lt\/wp-json\/wp\/v2\/product_cat?post=13305"},{"taxonomy":"product_tag","embeddable":true,"href":"https:\/\/duckdeco.lt\/lt\/wp-json\/wp\/v2\/product_tag?post=13305"}],"curies":[{"name":"wp","href":"https:\/\/api.w.org\/{rel}","templated":true}]}}